{"id":5971,"date":"2017-04-06T14:45:12","date_gmt":"2017-04-06T21:45:12","guid":{"rendered":"http:\/\/robbinstbm.com\/?page_id=5971\/"},"modified":"2017-04-20T16:36:47","modified_gmt":"2017-04-20T16:36:47","slug":"aviso-de-privacidad","status":"publish","type":"page","link":"https:\/\/www.robbinstbm.com\/es\/aviso-de-privacidad\/","title":{"rendered":"Aviso de Privacidad"},"content":{"rendered":"<p>TRC Underground Equipment M\u00e9xico S de RL de CV, mejor conocido como Robbins M\u00e9xico, con domicilio en calle Avenida Patriotismo No. 229 Int. 6, colonia San Pedro de los Pinos, ciudad de M\u00e9xico, municipio o delegaci\u00f3n Benito Ju\u00e1rez, C.P. 03800, en la entidad de Ciudad de M\u00e9xico, pa\u00eds M\u00e9xico, y portal de internet https:\/\/www.robbinstbm.com\/es\/aviso-de-privacidad\/, es el responsable del uso y protecci\u00f3n de sus datos personales, y al respecto le informamos lo siguiente:<\/p>\n<h2>\u00bfPara qu\u00e9 fines utilizaremos sus datos personales?<\/h2>\n<p>Los datos personales que recabamos de usted, los utilizaremos para las siguientes finalidades que son necesarias para el servicio que solicita:<\/p>\n<ul>\n<li><strong>Dise\u00f1o de Productos<\/strong><\/li>\n<li><strong>Desarrollo y An\u00e1lisis<\/strong><\/li>\n<\/ul>\n<p>De manera adicional, utilizaremos su informaci\u00f3n personal para las siguientes finalidades secundarias que no son necesarias para el servicio solicitado, pero que nos permiten y facilitan brindarles una mejor atenci\u00f3n:<\/p>\n<ul>\n<li><strong>Informaci\u00f3n y Prestaci\u00f3n de Servicios<\/strong><\/li>\n<li><strong>Actualizaci\u00f3n de la Base de Datos<\/strong><\/li>\n<li><strong>Prospecci\u00f3n comercial<\/strong><\/li>\n<\/ul>\n<p>En caso de que no desee que sus datos personales se utilicen para estos fines secundarios, ind\u00edquelo a continuaci\u00f3n:<\/p>\n<p>No consiento que mis datos personales se utilicen para los siguientes fines:<\/p>\n<p><strong>[ ] Informaci\u00f3n y prestaci\u00f3n de Servicios<\/strong><\/p>\n<p><strong>[ ] Actualizaci\u00f3n en la Base de Datos<\/strong><\/p>\n<p><strong>[ ] Prospecci\u00f3n comercial<\/strong><\/p>\n<p>La negativa para el uso de sus datos personales para finalidades no podr\u00e1 ser un motivo para que le neguemos los servicios y productos que solicita o contrata con nosotros.<\/p>\n<h2>\u00bfQu\u00e9 datos personales utilizaremos para estos fines?<\/h2>\n<p>Para llevar a cabo las finalidades descritas en el presente aviso de privacidad, utilizaremos los siguientes datos personales:<\/p>\n<ul>\n<li>Nombre<\/li>\n<li>Registro Federal de Contribuyentes (RFC)<\/li>\n<li>Clave \u00fanica de Registro de Poblaci\u00f3n (CURP)<\/li>\n<li>Domicilio<\/li>\n<li>Tel\u00e9fono particular<\/li>\n<li>Correo electr\u00f3nico<\/li>\n<li>Firma aut\u00f3grafa<\/li>\n<li>Puesto o cargo que desempe\u00f1a<\/li>\n<li>Domicilio de trabajo<\/li>\n<li>Correo electr\u00f3nico institucional<\/li>\n<li>Tel\u00e9fono institucional<\/li>\n<li>Referencias laborales<\/li>\n<li>Informaci\u00f3n fiscal<\/li>\n<li>Cuentas bancarias<\/li>\n<\/ul>\n<h2>\u00bfC\u00f3mo puede acceder, rectificar o cancelar sus datos personales, u oponerse a su uso?<\/h2>\n<p>Usted tiene derecho a conocer qu\u00e9 datos personales tenemos de usted, para qu\u00e9 los utilizamos y las condiciones del uso que les damos (Acceso). Asimismo, es su derecho solicitar la correcci\u00f3n de su informaci\u00f3n personal en caso de que est\u00e9 desactualizada, sea inexacta o incompleta (Rectificaci\u00f3n); que la eliminemos de nuestros registros o bases de datos cuando considere que la misma no est\u00e1 siendo utilizada adecuadamente (Cancelaci\u00f3n); as\u00ed como oponerse al uso de sus datos personales para fines espec\u00edficos (Oposici\u00f3n). Estos derechos se conocen como derechos ARCO.<\/p>\n<p>Para el ejercicio de cualquiera de los derechos ARCO, usted deber\u00e1 presentar la solicitud respectiva a trav\u00e9s del siguiente medio:<\/p>\n<p><strong>Llamando al +52 55 3691-7000<\/strong><\/p>\n<p>Para conocer el procedimiento y requisitos para el ejercicio de los derechos ARCO, ponemos a su disposici\u00f3n el siguiente medio:<\/p>\n<p><strong>Llamando al +52 55 3691-7000<\/strong><\/p>\n<ul>\n<li>Los datos de contacto de la persona o departamento de datos personales, que est\u00e1 a cargo de dar tr\u00e1mite a las solicitudes de derechos ARCO, son los siguientes:<\/li>\n<li>Nombre de la persona o departamento de datos personales: Departamento de Administraci\u00f3n<\/li>\n<li>Domicilio: calle Avenida Patriotismo No. 229 In.6, Colonia San Pedro de los Pinos,<\/li>\n<li>Ciudad de M\u00e9xico, municipio o delegaci\u00f3n Benito Ju\u00e1rez, C.P. 03800, en la entidad de<\/li>\n<li>Ciudad de M\u00e9xico, pa\u00eds M\u00e9xico<\/li>\n<li>Correo electr\u00f3nico: severianoj@robbinstbm.com<\/li>\n<li>N\u00famero telef\u00f3nico +52 55 3691-7000<\/li>\n<li>Otro dato de contacto: \u2013<\/li>\n<\/ul>\n<p>Usted puede revocar su consentimiento para el uso de sus datos personales<\/p>\n<p>Usted puede revocar el consentimiento que, en su caso, nos haya otorgado para el tratamiento de sus datos personales. Sin embargo, es importante que tenga en cuenta que no en todos los casos podremos atender a su solicitud o concluir el uso de forma inmediata, ya que es posible que por alguna obligaci\u00f3n legal requiramos seguir tratando sus datos personales. Asimismo, usted deber\u00e1 considerar que para ciertos fines, la revocaci\u00f3n de su consentimiento implicar\u00e1 que no le podamos seguir prestando el servicio que nos solicit\u00f3, o la conclusi\u00f3n de su relaci\u00f3n con nosotros.<\/p>\n<p>Para revocar su consentimiento deber\u00e1 presentar su solicitud a trav\u00e9s del siguiente medio:<\/p>\n<p><strong>Llamando al +52 55 3691-7000<\/strong><\/p>\n<p>Para conocer el procedimiento y requisitos para la revocaci\u00f3n del consentimiento, ponemos a su disposici\u00f3n el siguiente medio:<\/p>\n<p><strong>Llamando al +52 55 3691-7000<\/strong><\/p>\n<p>\u00bfC\u00f3mo puede conocer los cambios en este aviso de privacidad?<\/p>\n<p>El presente aviso de privacidad puede sufrir modificaciones, cambios o actualizaciones derivadas de nuevos requerimientos legales; de nuestras propias necesidades por los productos a servicios que ofrecemos de nuestras pr\u00e1cticas de privacidad; de cambios en nuestro modelo de negocio, o por otras causas.<\/p>\n<p>Nos comprometemos a mantenerlo informado sobre los cambios o actualizaciones derivadas de nuevos requerimientos legales; de nuestras propias necesidades por los productos o servicios que ofrecemos, de nuestras pr\u00e1cticas de privacidad; de cambios en nuestro modelo de negocios, o por otras causas.<\/p>\n<p>Nos comprometemos a mantenerlo informado sobre los cambios que pueda sufrir el presente aviso de privacidad a trav\u00e9s de: www.TheRobbinsCompany.com\/es\/AvisodePrivacidad.<\/p>\n<p>El procedimiento a trav\u00e9s del cual se llevar\u00e1n a cabo las notificaciones sobre cambios o actualizaciones al presente aviso de privacidad es el siguiente:<\/p>\n<p>mediante publicaci\u00f3n principal en nuestra p\u00e1gina de internet.<\/p>\n<p>Su consentimiento para el tratamiento de sus datos personales<\/p>\n<p>Consiento que mis datos personales sean tratados de conformidad con los t\u00e9rminos y condiciones informados en el presente aviso de privacidad. [ ]<\/p>\n<p><strong>Nombre y firma del titular:______________________________________<\/strong><\/p>\n<p>Descargar<\/p>\n","protected":false},"excerpt":{"rendered":"<p>TRC Underground Equipment M\u00e9xico S de RL de CV, mejor conocido como Robbins M\u00e9xico, con domicilio en calle Avenida Patriotismo No. 229 Int. 6, colonia San Pedro de los Pinos, ciudad de M\u00e9xico, municipio o delegaci\u00f3n Benito Ju\u00e1rez, C.P. 03800, en la entidad de Ciudad de M\u00e9xico, pa\u00eds M\u00e9xico, y portal de internet https:\/\/www.robbinstbm.com\/es\/aviso-de-privacidad\/, es [&hellip;]<\/p>\n","protected":false},"author":2,"featured_media":0,"parent":0,"menu_order":0,"comment_status":"closed","ping_status":"closed","template":"","meta":{"_acf_changed":false,"footnotes":"","_links_to":"","_links_to_target":""},"class_list":["post-5971","page","type-page","status-publish","hentry"],"acf":[],"yoast_head":"<!-- This site is optimized with the Yoast SEO plugin v27.3 - https:\/\/yoast.com\/product\/yoast-seo-wordpress\/ -->\n<title>Aviso de Privacidad - Robbins<\/title>\n<meta name=\"robots\" content=\"index, follow, max-snippet:-1, max-image-preview:large, max-video-preview:-1\" \/>\n<link rel=\"canonical\" href=\"https:\/\/www.robbinstbm.com\/es\/aviso-de-privacidad\/\" \/>\n<meta property=\"og:locale\" content=\"es_ES\" \/>\n<meta property=\"og:type\" content=\"article\" \/>\n<meta property=\"og:title\" content=\"Aviso de Privacidad - Robbins\" \/>\n<meta property=\"og:description\" content=\"TRC Underground Equipment M\u00e9xico S de RL de CV, mejor conocido como Robbins M\u00e9xico, con domicilio en calle Avenida Patriotismo No. 229 Int. 6, colonia San Pedro de los Pinos, ciudad de M\u00e9xico, municipio o delegaci\u00f3n Benito Ju\u00e1rez, C.P. 03800, en la entidad de Ciudad de M\u00e9xico, pa\u00eds M\u00e9xico, y portal de internet https:\/\/www.robbinstbm.com\/es\/aviso-de-privacidad\/, es [&hellip;]\" \/>\n<meta property=\"og:url\" content=\"https:\/\/www.robbinstbm.com\/es\/aviso-de-privacidad\/\" \/>\n<meta property=\"og:site_name\" content=\"Robbins\" \/>\n<meta property=\"article:modified_time\" content=\"2017-04-20T16:36:47+00:00\" \/>\n<meta name=\"twitter:card\" content=\"summary_large_image\" \/>\n<meta name=\"twitter:site\" content=\"@Robbins_Co\" \/>\n<meta name=\"twitter:label1\" content=\"Est. reading time\" \/>\n\t<meta name=\"twitter:data1\" content=\"5 minutes\" \/>\n<script type=\"application\/ld+json\" class=\"yoast-schema-graph\">{\"@context\":\"https:\\\/\\\/schema.org\",\"@graph\":[{\"@type\":\"WebPage\",\"@id\":\"https:\\\/\\\/www.robbinstbm.com\\\/es\\\/aviso-de-privacidad\\\/\",\"url\":\"https:\\\/\\\/www.robbinstbm.com\\\/es\\\/aviso-de-privacidad\\\/\",\"name\":\"Aviso de Privacidad - Robbins\",\"isPartOf\":{\"@id\":\"https:\\\/\\\/www.robbinstbm.com\\\/#website\"},\"datePublished\":\"2017-04-06T21:45:12+00:00\",\"dateModified\":\"2017-04-20T16:36:47+00:00\",\"breadcrumb\":{\"@id\":\"https:\\\/\\\/www.robbinstbm.com\\\/es\\\/aviso-de-privacidad\\\/#breadcrumb\"},\"inLanguage\":\"es-ES\",\"potentialAction\":[{\"@type\":\"ReadAction\",\"target\":[\"https:\\\/\\\/www.robbinstbm.com\\\/es\\\/aviso-de-privacidad\\\/\"]}]},{\"@type\":\"BreadcrumbList\",\"@id\":\"https:\\\/\\\/www.robbinstbm.com\\\/es\\\/aviso-de-privacidad\\\/#breadcrumb\",\"itemListElement\":[{\"@type\":\"ListItem\",\"position\":1,\"name\":\"Home\",\"item\":\"https:\\\/\\\/www.robbinstbm.com\\\/es\\\/\"},{\"@type\":\"ListItem\",\"position\":2,\"name\":\"Aviso de Privacidad\"}]},{\"@type\":\"WebSite\",\"@id\":\"https:\\\/\\\/www.robbinstbm.com\\\/#website\",\"url\":\"https:\\\/\\\/www.robbinstbm.com\\\/\",\"name\":\"Robbins\",\"description\":\"Reliable | Responsive\",\"publisher\":{\"@id\":\"https:\\\/\\\/www.robbinstbm.com\\\/#organization\"},\"potentialAction\":[{\"@type\":\"SearchAction\",\"target\":{\"@type\":\"EntryPoint\",\"urlTemplate\":\"https:\\\/\\\/www.robbinstbm.com\\\/?s={search_term_string}\"},\"query-input\":{\"@type\":\"PropertyValueSpecification\",\"valueRequired\":true,\"valueName\":\"search_term_string\"}}],\"inLanguage\":\"es-ES\"},{\"@type\":\"Organization\",\"@id\":\"https:\\\/\\\/www.robbinstbm.com\\\/#organization\",\"name\":\"Robbins\",\"url\":\"https:\\\/\\\/www.robbinstbm.com\\\/\",\"logo\":{\"@type\":\"ImageObject\",\"inLanguage\":\"es-ES\",\"@id\":\"https:\\\/\\\/www.robbinstbm.com\\\/#\\\/schema\\\/logo\\\/image\\\/\",\"url\":\"https:\\\/\\\/www.robbinstbm.com\\\/wp-content\\\/uploads\\\/2021\\\/02\\\/RobbinsLogoColor_Small-Converted-scaled.jpg\",\"contentUrl\":\"https:\\\/\\\/www.robbinstbm.com\\\/wp-content\\\/uploads\\\/2021\\\/02\\\/RobbinsLogoColor_Small-Converted-scaled.jpg\",\"width\":2560,\"height\":929,\"caption\":\"Robbins\"},\"image\":{\"@id\":\"https:\\\/\\\/www.robbinstbm.com\\\/#\\\/schema\\\/logo\\\/image\\\/\"},\"sameAs\":[\"https:\\\/\\\/x.com\\\/Robbins_Co\",\"https:\\\/\\\/www.instagram.com\\\/therobbinscompany\\\/\",\"https:\\\/\\\/www.linkedin.com\\\/groups\\\/4246982\\\/\",\"http:\\\/\\\/www.youtube.com\\\/user\\\/TheRobbinsCo\"]}]}<\/script>\n<!-- \/ Yoast SEO plugin. -->","yoast_head_json":{"title":"Aviso de Privacidad - Robbins","robots":{"index":"index","follow":"follow","max-snippet":"max-snippet:-1","max-image-preview":"max-image-preview:large","max-video-preview":"max-video-preview:-1"},"canonical":"https:\/\/www.robbinstbm.com\/es\/aviso-de-privacidad\/","og_locale":"es_ES","og_type":"article","og_title":"Aviso de Privacidad - Robbins","og_description":"TRC Underground Equipment M\u00e9xico S de RL de CV, mejor conocido como Robbins M\u00e9xico, con domicilio en calle Avenida Patriotismo No. 229 Int. 6, colonia San Pedro de los Pinos, ciudad de M\u00e9xico, municipio o delegaci\u00f3n Benito Ju\u00e1rez, C.P. 03800, en la entidad de Ciudad de M\u00e9xico, pa\u00eds M\u00e9xico, y portal de internet https:\/\/www.robbinstbm.com\/es\/aviso-de-privacidad\/, es [&hellip;]","og_url":"https:\/\/www.robbinstbm.com\/es\/aviso-de-privacidad\/","og_site_name":"Robbins","article_modified_time":"2017-04-20T16:36:47+00:00","twitter_card":"summary_large_image","twitter_site":"@Robbins_Co","twitter_misc":{"Est. reading time":"5 minutes"},"schema":{"@context":"https:\/\/schema.org","@graph":[{"@type":"WebPage","@id":"https:\/\/www.robbinstbm.com\/es\/aviso-de-privacidad\/","url":"https:\/\/www.robbinstbm.com\/es\/aviso-de-privacidad\/","name":"Aviso de Privacidad - Robbins","isPartOf":{"@id":"https:\/\/www.robbinstbm.com\/#website"},"datePublished":"2017-04-06T21:45:12+00:00","dateModified":"2017-04-20T16:36:47+00:00","breadcrumb":{"@id":"https:\/\/www.robbinstbm.com\/es\/aviso-de-privacidad\/#breadcrumb"},"inLanguage":"es-ES","potentialAction":[{"@type":"ReadAction","target":["https:\/\/www.robbinstbm.com\/es\/aviso-de-privacidad\/"]}]},{"@type":"BreadcrumbList","@id":"https:\/\/www.robbinstbm.com\/es\/aviso-de-privacidad\/#breadcrumb","itemListElement":[{"@type":"ListItem","position":1,"name":"Home","item":"https:\/\/www.robbinstbm.com\/es\/"},{"@type":"ListItem","position":2,"name":"Aviso de Privacidad"}]},{"@type":"WebSite","@id":"https:\/\/www.robbinstbm.com\/#website","url":"https:\/\/www.robbinstbm.com\/","name":"Robbins","description":"Reliable | Responsive","publisher":{"@id":"https:\/\/www.robbinstbm.com\/#organization"},"potentialAction":[{"@type":"SearchAction","target":{"@type":"EntryPoint","urlTemplate":"https:\/\/www.robbinstbm.com\/?s={search_term_string}"},"query-input":{"@type":"PropertyValueSpecification","valueRequired":true,"valueName":"search_term_string"}}],"inLanguage":"es-ES"},{"@type":"Organization","@id":"https:\/\/www.robbinstbm.com\/#organization","name":"Robbins","url":"https:\/\/www.robbinstbm.com\/","logo":{"@type":"ImageObject","inLanguage":"es-ES","@id":"https:\/\/www.robbinstbm.com\/#\/schema\/logo\/image\/","url":"https:\/\/www.robbinstbm.com\/wp-content\/uploads\/2021\/02\/RobbinsLogoColor_Small-Converted-scaled.jpg","contentUrl":"https:\/\/www.robbinstbm.com\/wp-content\/uploads\/2021\/02\/RobbinsLogoColor_Small-Converted-scaled.jpg","width":2560,"height":929,"caption":"Robbins"},"image":{"@id":"https:\/\/www.robbinstbm.com\/#\/schema\/logo\/image\/"},"sameAs":["https:\/\/x.com\/Robbins_Co","https:\/\/www.instagram.com\/therobbinscompany\/","https:\/\/www.linkedin.com\/groups\/4246982\/","http:\/\/www.youtube.com\/user\/TheRobbinsCo"]}]}},"_links":{"self":[{"href":"https:\/\/www.robbinstbm.com\/es\/wp-json\/wp\/v2\/pages\/5971","targetHints":{"allow":["GET"]}}],"collection":[{"href":"https:\/\/www.robbinstbm.com\/es\/wp-json\/wp\/v2\/pages"}],"about":[{"href":"https:\/\/www.robbinstbm.com\/es\/wp-json\/wp\/v2\/types\/page"}],"author":[{"embeddable":true,"href":"https:\/\/www.robbinstbm.com\/es\/wp-json\/wp\/v2\/users\/2"}],"replies":[{"embeddable":true,"href":"https:\/\/www.robbinstbm.com\/es\/wp-json\/wp\/v2\/comments?post=5971"}],"version-history":[{"count":0,"href":"https:\/\/www.robbinstbm.com\/es\/wp-json\/wp\/v2\/pages\/5971\/revisions"}],"wp:attachment":[{"href":"https:\/\/www.robbinstbm.com\/es\/wp-json\/wp\/v2\/media?parent=5971"}],"curies":[{"name":"wp","href":"https:\/\/api.w.org\/{rel}","templated":true}]}}