{"id":5982,"date":"2017-04-06T14:43:36","date_gmt":"2017-04-06T21:43:36","guid":{"rendered":"http:\/\/robbinstbm.com\/?page_id=5982\/"},"modified":"2021-08-30T06:39:13","modified_gmt":"2021-08-30T13:39:13","slug":"acerca-de-robbins","status":"publish","type":"page","link":"https:\/\/www.robbinstbm.com\/es\/acerca-de-robbins\/","title":{"rendered":"Acerca"},"content":{"rendered":"<h2>Robbins. El nombre m\u00e1s acreditado en la construcci\u00f3n de t\u00faneles.<\/h2>\n<p>Con sus m\u00e1s de 60 a\u00f1os de experiencia e innovaci\u00f3n continua, The Robbins Company es el principal dise\u00f1ador y fabricante de maquinaria avanzada de construcci\u00f3n subterr\u00e1nea.<\/p>\n<p>Robbins ha estado involucrado en cientos de proyectos alrededor del mundo. Hoy en d\u00eda, Robbins ofrece un extenso elenco de equipos de excavaci\u00f3n subterr\u00e1nea. Sean sus necesidades construir una autopista de cuatro carriles atravesando el Himalaya o perforar un t\u00fanel de 10 km para el metro de Hong Kong o ejecutar un colector de 700 mm de di\u00e1metro para su ciudad, Robbins fabrica la mejor maquinaria para realizar el trabajo de forma segura y eficaz. Para ampliar su conocimiento sobre nuestros proyectos pasados y presentes, visite la secci\u00f3n Estudio de Casos Pr\u00e1cticos en esta p\u00e1gina.<\/p>\n<p>Independientemente del tipo de condiciones del terreno de su pr\u00f3ximo proyecto, The Robbins Company le ofrece la tuneladora precisa para el mismo. D\u00e9jenos asistirle en la elecci\u00f3n de la m\u00e1quina adecuada de entre nuestros acreditados dise\u00f1os:<\/p>\n<h3>Su socio en la construcci\u00f3n de t\u00faneles<\/h3>\n<p>Desde el dise\u00f1o del proyecto hasta la finalizaci\u00f3n del t\u00fanel estamos a su lado para asegurar que nuestros productos terminen su obra subterr\u00e1nea a tiempo. El n\u00facleo de Robbins lo forma un grupo de ingenieros y t\u00e9cnicos acreditados, experimentados y respetados que entienden lo que se necesita para que el proyecto concluya con \u00e9xito. Nos entusiasma formar parte de su equipo y trabajar con Vds. para dejar atr\u00e1s viejos conceptos, crear m\u00e9todos nuevos y establecer nuevas marcas de excavaci\u00f3n subterr\u00e1nea.<\/p>\n<h3>Calidad<\/h3>\n<p>Las m\u00e1quinas Robbins est\u00e1n reconocidas por su superior construcci\u00f3n; su dise\u00f1o se fundamenta en su durabilidad y rendimiento. Cada producto Robbins se dise\u00f1a y fabrica espec\u00edficamente para su proyecto.<\/p>\n<p>Robbins ha demostrado su calidad en todas las ocasiones que se le han presentado. Ostentamos m\u00e1s del 90% de los r\u00e9cords de producci\u00f3n para m\u00e1quinas desde 3 a 14 m de di\u00e1metro. Muchas tuneladoras Robbins contin\u00faan trabajando 10, 20 a\u00f1os desde su construcci\u00f3n y han perforado m\u00e1s de 35 km de t\u00fanel. A pesar de ser nuestra l\u00ednea de producto m\u00e1s reciente, las SBU (TBMs de peque\u00f1o di\u00e1metro) Robbins han demostrado proyecto tras proyecto la misma durabilidad que sus hermanas mayores.<\/p>\n<h3>\u00c1mbito global<\/h3>\n<p>Robbins es una organizaci\u00f3n internacional que cuenta con cuatro talleres principales de fabricaci\u00f3n, once oficinas internacionales de venta y servicio, as\u00ed como representantes por todo el mundo. Podemos asistirle en cualquier lugar donde se sit\u00fae su proyecto, sea en la regi\u00f3n m\u00e1s remota de China o en el coraz\u00f3n de Nueva York. Robbins le acompa\u00f1ar\u00e1 en cualquier pa\u00eds y en cualquier cultura.<\/p>\n<h3>Innovaci\u00f3n<\/h3>\n<p>Robbins ha liderado la innovaci\u00f3n en la industria del t\u00fanel durante m\u00e1s de 60 a\u00f1os y no tenemos intenci\u00f3n de dejar de hacerlo. Vea algunas de las principales innovaciones con las que Robbins ha\u00a0 dotado a la industria:<\/p>\n<ul>\n<li>Primera tuneladora abierta<\/li>\n<li>Primera utilizaci\u00f3n eficaz del cortador de disco para perforar roca<\/li>\n<li>Primer dise\u00f1o de zapata de anclaje flotante para el guiado continuo de la tuneladora<\/li>\n<li>Primera tuneladora de doble escudo<\/li>\n<li>Primer accionamiento de cabeza de corte de frecuencia variable<\/li>\n<li>Primeros cortadores de 19\u201d de di\u00e1metro<\/li>\n<li>Primer sistema de montaje de cortadores con cierre mediante cu\u00f1a<\/li>\n<li>Primera cabeza de corte eficaz para perforadoras de tornillo sinf\u00edn<\/li>\n<\/ul>\n<p>Si desea recibir m\u00e1s informaci\u00f3n, p\u00f3nganse en contacto con nosotros visitando\u00a0<a href=\"mailto:sales@therobbinscompany.com\" target=\"_blank\" rel=\"noopener\">contacto<\/a>.<\/p>\n","protected":false},"excerpt":{"rendered":"<p>Robbins. El nombre m\u00e1s acreditado en la construcci\u00f3n de t\u00faneles. Con sus m\u00e1s de 60 a\u00f1os de experiencia e innovaci\u00f3n continua, The Robbins Company es el principal dise\u00f1ador y fabricante de maquinaria avanzada de construcci\u00f3n subterr\u00e1nea. Robbins ha estado involucrado en cientos de proyectos alrededor del mundo. Hoy en d\u00eda, Robbins ofrece un extenso elenco [&hellip;]<\/p>\n","protected":false},"author":2,"featured_media":0,"parent":0,"menu_order":0,"comment_status":"closed","ping_status":"closed","template":"single-mcm_project.php","meta":{"_acf_changed":false,"footnotes":"","_links_to":"","_links_to_target":""},"class_list":["post-5982","page","type-page","status-publish","hentry"],"acf":[],"yoast_head":"<!-- This site is optimized with the Yoast SEO plugin v27.3 - https:\/\/yoast.com\/product\/yoast-seo-wordpress\/ -->\n<title>Acerca - Robbins<\/title>\n<meta name=\"robots\" content=\"index, follow, max-snippet:-1, max-image-preview:large, max-video-preview:-1\" \/>\n<link rel=\"canonical\" href=\"https:\/\/www.robbinstbm.com\/es\/acerca-de-robbins\/\" \/>\n<meta property=\"og:locale\" content=\"es_ES\" \/>\n<meta property=\"og:type\" content=\"article\" \/>\n<meta property=\"og:title\" content=\"Acerca - Robbins\" \/>\n<meta property=\"og:description\" content=\"Robbins. El nombre m\u00e1s acreditado en la construcci\u00f3n de t\u00faneles. Con sus m\u00e1s de 60 a\u00f1os de experiencia e innovaci\u00f3n continua, The Robbins Company es el principal dise\u00f1ador y fabricante de maquinaria avanzada de construcci\u00f3n subterr\u00e1nea. Robbins ha estado involucrado en cientos de proyectos alrededor del mundo. Hoy en d\u00eda, Robbins ofrece un extenso elenco [&hellip;]\" \/>\n<meta property=\"og:url\" content=\"https:\/\/www.robbinstbm.com\/es\/acerca-de-robbins\/\" \/>\n<meta property=\"og:site_name\" content=\"Robbins\" \/>\n<meta property=\"article:modified_time\" content=\"2021-08-30T13:39:13+00:00\" \/>\n<meta name=\"twitter:card\" content=\"summary_large_image\" \/>\n<meta name=\"twitter:site\" content=\"@Robbins_Co\" \/>\n<meta name=\"twitter:label1\" content=\"Est. reading time\" \/>\n\t<meta name=\"twitter:data1\" content=\"3 minutes\" \/>\n<script type=\"application\/ld+json\" class=\"yoast-schema-graph\">{\"@context\":\"https:\\\/\\\/schema.org\",\"@graph\":[{\"@type\":\"WebPage\",\"@id\":\"https:\\\/\\\/www.robbinstbm.com\\\/es\\\/acerca-de-robbins\\\/\",\"url\":\"https:\\\/\\\/www.robbinstbm.com\\\/es\\\/acerca-de-robbins\\\/\",\"name\":\"Acerca - Robbins\",\"isPartOf\":{\"@id\":\"https:\\\/\\\/www.robbinstbm.com\\\/#website\"},\"datePublished\":\"2017-04-06T21:43:36+00:00\",\"dateModified\":\"2021-08-30T13:39:13+00:00\",\"breadcrumb\":{\"@id\":\"https:\\\/\\\/www.robbinstbm.com\\\/es\\\/acerca-de-robbins\\\/#breadcrumb\"},\"inLanguage\":\"es-ES\",\"potentialAction\":[{\"@type\":\"ReadAction\",\"target\":[\"https:\\\/\\\/www.robbinstbm.com\\\/es\\\/acerca-de-robbins\\\/\"]}]},{\"@type\":\"BreadcrumbList\",\"@id\":\"https:\\\/\\\/www.robbinstbm.com\\\/es\\\/acerca-de-robbins\\\/#breadcrumb\",\"itemListElement\":[{\"@type\":\"ListItem\",\"position\":1,\"name\":\"Home\",\"item\":\"https:\\\/\\\/www.robbinstbm.com\\\/es\\\/\"},{\"@type\":\"ListItem\",\"position\":2,\"name\":\"Acerca\"}]},{\"@type\":\"WebSite\",\"@id\":\"https:\\\/\\\/www.robbinstbm.com\\\/#website\",\"url\":\"https:\\\/\\\/www.robbinstbm.com\\\/\",\"name\":\"Robbins\",\"description\":\"Reliable | Responsive\",\"publisher\":{\"@id\":\"https:\\\/\\\/www.robbinstbm.com\\\/#organization\"},\"potentialAction\":[{\"@type\":\"SearchAction\",\"target\":{\"@type\":\"EntryPoint\",\"urlTemplate\":\"https:\\\/\\\/www.robbinstbm.com\\\/?s={search_term_string}\"},\"query-input\":{\"@type\":\"PropertyValueSpecification\",\"valueRequired\":true,\"valueName\":\"search_term_string\"}}],\"inLanguage\":\"es-ES\"},{\"@type\":\"Organization\",\"@id\":\"https:\\\/\\\/www.robbinstbm.com\\\/#organization\",\"name\":\"Robbins\",\"url\":\"https:\\\/\\\/www.robbinstbm.com\\\/\",\"logo\":{\"@type\":\"ImageObject\",\"inLanguage\":\"es-ES\",\"@id\":\"https:\\\/\\\/www.robbinstbm.com\\\/#\\\/schema\\\/logo\\\/image\\\/\",\"url\":\"https:\\\/\\\/www.robbinstbm.com\\\/wp-content\\\/uploads\\\/2021\\\/02\\\/RobbinsLogoColor_Small-Converted-scaled.jpg\",\"contentUrl\":\"https:\\\/\\\/www.robbinstbm.com\\\/wp-content\\\/uploads\\\/2021\\\/02\\\/RobbinsLogoColor_Small-Converted-scaled.jpg\",\"width\":2560,\"height\":929,\"caption\":\"Robbins\"},\"image\":{\"@id\":\"https:\\\/\\\/www.robbinstbm.com\\\/#\\\/schema\\\/logo\\\/image\\\/\"},\"sameAs\":[\"https:\\\/\\\/x.com\\\/Robbins_Co\",\"https:\\\/\\\/www.instagram.com\\\/therobbinscompany\\\/\",\"https:\\\/\\\/www.linkedin.com\\\/groups\\\/4246982\\\/\",\"http:\\\/\\\/www.youtube.com\\\/user\\\/TheRobbinsCo\"]}]}<\/script>\n<!-- \/ Yoast SEO plugin. -->","yoast_head_json":{"title":"Acerca - Robbins","robots":{"index":"index","follow":"follow","max-snippet":"max-snippet:-1","max-image-preview":"max-image-preview:large","max-video-preview":"max-video-preview:-1"},"canonical":"https:\/\/www.robbinstbm.com\/es\/acerca-de-robbins\/","og_locale":"es_ES","og_type":"article","og_title":"Acerca - Robbins","og_description":"Robbins. El nombre m\u00e1s acreditado en la construcci\u00f3n de t\u00faneles. Con sus m\u00e1s de 60 a\u00f1os de experiencia e innovaci\u00f3n continua, The Robbins Company es el principal dise\u00f1ador y fabricante de maquinaria avanzada de construcci\u00f3n subterr\u00e1nea. Robbins ha estado involucrado en cientos de proyectos alrededor del mundo. Hoy en d\u00eda, Robbins ofrece un extenso elenco [&hellip;]","og_url":"https:\/\/www.robbinstbm.com\/es\/acerca-de-robbins\/","og_site_name":"Robbins","article_modified_time":"2021-08-30T13:39:13+00:00","twitter_card":"summary_large_image","twitter_site":"@Robbins_Co","twitter_misc":{"Est. reading time":"3 minutes"},"schema":{"@context":"https:\/\/schema.org","@graph":[{"@type":"WebPage","@id":"https:\/\/www.robbinstbm.com\/es\/acerca-de-robbins\/","url":"https:\/\/www.robbinstbm.com\/es\/acerca-de-robbins\/","name":"Acerca - Robbins","isPartOf":{"@id":"https:\/\/www.robbinstbm.com\/#website"},"datePublished":"2017-04-06T21:43:36+00:00","dateModified":"2021-08-30T13:39:13+00:00","breadcrumb":{"@id":"https:\/\/www.robbinstbm.com\/es\/acerca-de-robbins\/#breadcrumb"},"inLanguage":"es-ES","potentialAction":[{"@type":"ReadAction","target":["https:\/\/www.robbinstbm.com\/es\/acerca-de-robbins\/"]}]},{"@type":"BreadcrumbList","@id":"https:\/\/www.robbinstbm.com\/es\/acerca-de-robbins\/#breadcrumb","itemListElement":[{"@type":"ListItem","position":1,"name":"Home","item":"https:\/\/www.robbinstbm.com\/es\/"},{"@type":"ListItem","position":2,"name":"Acerca"}]},{"@type":"WebSite","@id":"https:\/\/www.robbinstbm.com\/#website","url":"https:\/\/www.robbinstbm.com\/","name":"Robbins","description":"Reliable | Responsive","publisher":{"@id":"https:\/\/www.robbinstbm.com\/#organization"},"potentialAction":[{"@type":"SearchAction","target":{"@type":"EntryPoint","urlTemplate":"https:\/\/www.robbinstbm.com\/?s={search_term_string}"},"query-input":{"@type":"PropertyValueSpecification","valueRequired":true,"valueName":"search_term_string"}}],"inLanguage":"es-ES"},{"@type":"Organization","@id":"https:\/\/www.robbinstbm.com\/#organization","name":"Robbins","url":"https:\/\/www.robbinstbm.com\/","logo":{"@type":"ImageObject","inLanguage":"es-ES","@id":"https:\/\/www.robbinstbm.com\/#\/schema\/logo\/image\/","url":"https:\/\/www.robbinstbm.com\/wp-content\/uploads\/2021\/02\/RobbinsLogoColor_Small-Converted-scaled.jpg","contentUrl":"https:\/\/www.robbinstbm.com\/wp-content\/uploads\/2021\/02\/RobbinsLogoColor_Small-Converted-scaled.jpg","width":2560,"height":929,"caption":"Robbins"},"image":{"@id":"https:\/\/www.robbinstbm.com\/#\/schema\/logo\/image\/"},"sameAs":["https:\/\/x.com\/Robbins_Co","https:\/\/www.instagram.com\/therobbinscompany\/","https:\/\/www.linkedin.com\/groups\/4246982\/","http:\/\/www.youtube.com\/user\/TheRobbinsCo"]}]}},"_links":{"self":[{"href":"https:\/\/www.robbinstbm.com\/es\/wp-json\/wp\/v2\/pages\/5982","targetHints":{"allow":["GET"]}}],"collection":[{"href":"https:\/\/www.robbinstbm.com\/es\/wp-json\/wp\/v2\/pages"}],"about":[{"href":"https:\/\/www.robbinstbm.com\/es\/wp-json\/wp\/v2\/types\/page"}],"author":[{"embeddable":true,"href":"https:\/\/www.robbinstbm.com\/es\/wp-json\/wp\/v2\/users\/2"}],"replies":[{"embeddable":true,"href":"https:\/\/www.robbinstbm.com\/es\/wp-json\/wp\/v2\/comments?post=5982"}],"version-history":[{"count":0,"href":"https:\/\/www.robbinstbm.com\/es\/wp-json\/wp\/v2\/pages\/5982\/revisions"}],"wp:attachment":[{"href":"https:\/\/www.robbinstbm.com\/es\/wp-json\/wp\/v2\/media?parent=5982"}],"curies":[{"name":"wp","href":"https:\/\/api.w.org\/{rel}","templated":true}]}}