{"id":6007,"date":"2017-04-06T14:46:12","date_gmt":"2017-04-06T21:46:12","guid":{"rendered":"http:\/\/robbinstbm.com\/?page_id=6007\/"},"modified":"2017-12-01T12:40:52","modified_gmt":"2017-12-01T20:40:52","slug":"historia","status":"publish","type":"page","link":"https:\/\/www.robbinstbm.com\/es\/acerca-de-robbins\/historia\/","title":{"rendered":"Historia"},"content":{"rendered":"<h2>Un legado de innovaci\u00f3n.<\/h2>\n<p>Robbins es una empresa participada en su totalidad por sus empleados, que cuenta con tres sedes en EE. UU., filiales en diez pa\u00edses y representantes por todo el mundo. Para saber d\u00f3nde estamos, puede consultar nuestro mapa. Robbins sigue construyendo sobre los cimientos del \u00e9xito sentados por James y su hijo, Richard Robbins. Disponemos de la capacidad de fabricar nuestros equipos en cualquier parte del mundo y contamos con un plantel de ingenieros de dise\u00f1o altamente cualificados y algunos de los t\u00e9cnicos de servicio m\u00e1s experimentados que puedan encontrarse en todo el sector. Este es el equipo de Robbins que construye las tuneladoras que acaparan m\u00e1s del 90% de los r\u00e9cords mundiales de velocidad en la construcci\u00f3n de t\u00faneles. Nuestras marcas dan prueba de la calidad que puede esperarse al adquirir un producto Robbins.<\/p>\n","protected":false},"excerpt":{"rendered":"<p>Un legado de innovaci\u00f3n. Robbins es una empresa participada en su totalidad por sus empleados, que cuenta con tres sedes en EE. UU., filiales en diez pa\u00edses y representantes por todo el mundo. Para saber d\u00f3nde estamos, puede consultar nuestro mapa. Robbins sigue construyendo sobre los cimientos del \u00e9xito sentados por James y su hijo, [&hellip;]<\/p>\n","protected":false},"author":2,"featured_media":0,"parent":5982,"menu_order":1,"comment_status":"closed","ping_status":"closed","template":"","meta":{"_acf_changed":false,"footnotes":"","_links_to":"","_links_to_target":""},"class_list":["post-6007","page","type-page","status-publish","hentry"],"acf":[],"yoast_head":"<!-- This site is optimized with the Yoast SEO plugin v27.3 - https:\/\/yoast.com\/product\/yoast-seo-wordpress\/ -->\n<title>Historia - Robbins<\/title>\n<meta name=\"robots\" content=\"index, follow, max-snippet:-1, max-image-preview:large, max-video-preview:-1\" \/>\n<link rel=\"canonical\" href=\"https:\/\/www.robbinstbm.com\/es\/acerca-de-robbins\/historia\/\" \/>\n<meta property=\"og:locale\" content=\"es_ES\" \/>\n<meta property=\"og:type\" content=\"article\" \/>\n<meta property=\"og:title\" content=\"Historia - Robbins\" \/>\n<meta property=\"og:description\" content=\"Un legado de innovaci\u00f3n. Robbins es una empresa participada en su totalidad por sus empleados, que cuenta con tres sedes en EE. UU., filiales en diez pa\u00edses y representantes por todo el mundo. Para saber d\u00f3nde estamos, puede consultar nuestro mapa. Robbins sigue construyendo sobre los cimientos del \u00e9xito sentados por James y su hijo, [&hellip;]\" \/>\n<meta property=\"og:url\" content=\"https:\/\/www.robbinstbm.com\/es\/acerca-de-robbins\/historia\/\" \/>\n<meta property=\"og:site_name\" content=\"Robbins\" \/>\n<meta property=\"article:modified_time\" content=\"2017-12-01T20:40:52+00:00\" \/>\n<meta name=\"twitter:card\" content=\"summary_large_image\" \/>\n<meta name=\"twitter:site\" content=\"@Robbins_Co\" \/>\n<meta name=\"twitter:label1\" content=\"Est. reading time\" \/>\n\t<meta name=\"twitter:data1\" content=\"1 minute\" \/>\n<script type=\"application\/ld+json\" class=\"yoast-schema-graph\">{\"@context\":\"https:\\\/\\\/schema.org\",\"@graph\":[{\"@type\":\"WebPage\",\"@id\":\"https:\\\/\\\/www.robbinstbm.com\\\/es\\\/acerca-de-robbins\\\/historia\\\/\",\"url\":\"https:\\\/\\\/www.robbinstbm.com\\\/es\\\/acerca-de-robbins\\\/historia\\\/\",\"name\":\"Historia - Robbins\",\"isPartOf\":{\"@id\":\"https:\\\/\\\/www.robbinstbm.com\\\/#website\"},\"datePublished\":\"2017-04-06T21:46:12+00:00\",\"dateModified\":\"2017-12-01T20:40:52+00:00\",\"breadcrumb\":{\"@id\":\"https:\\\/\\\/www.robbinstbm.com\\\/es\\\/acerca-de-robbins\\\/historia\\\/#breadcrumb\"},\"inLanguage\":\"es-ES\",\"potentialAction\":[{\"@type\":\"ReadAction\",\"target\":[\"https:\\\/\\\/www.robbinstbm.com\\\/es\\\/acerca-de-robbins\\\/historia\\\/\"]}]},{\"@type\":\"BreadcrumbList\",\"@id\":\"https:\\\/\\\/www.robbinstbm.com\\\/es\\\/acerca-de-robbins\\\/historia\\\/#breadcrumb\",\"itemListElement\":[{\"@type\":\"ListItem\",\"position\":1,\"name\":\"Home\",\"item\":\"https:\\\/\\\/www.robbinstbm.com\\\/es\\\/\"},{\"@type\":\"ListItem\",\"position\":2,\"name\":\"Acerca\",\"item\":\"https:\\\/\\\/www.robbinstbm.com\\\/es\\\/acerca-de-robbins\\\/\"},{\"@type\":\"ListItem\",\"position\":3,\"name\":\"Historia\"}]},{\"@type\":\"WebSite\",\"@id\":\"https:\\\/\\\/www.robbinstbm.com\\\/#website\",\"url\":\"https:\\\/\\\/www.robbinstbm.com\\\/\",\"name\":\"Robbins\",\"description\":\"Reliable | Responsive\",\"publisher\":{\"@id\":\"https:\\\/\\\/www.robbinstbm.com\\\/#organization\"},\"potentialAction\":[{\"@type\":\"SearchAction\",\"target\":{\"@type\":\"EntryPoint\",\"urlTemplate\":\"https:\\\/\\\/www.robbinstbm.com\\\/?s={search_term_string}\"},\"query-input\":{\"@type\":\"PropertyValueSpecification\",\"valueRequired\":true,\"valueName\":\"search_term_string\"}}],\"inLanguage\":\"es-ES\"},{\"@type\":\"Organization\",\"@id\":\"https:\\\/\\\/www.robbinstbm.com\\\/#organization\",\"name\":\"Robbins\",\"url\":\"https:\\\/\\\/www.robbinstbm.com\\\/\",\"logo\":{\"@type\":\"ImageObject\",\"inLanguage\":\"es-ES\",\"@id\":\"https:\\\/\\\/www.robbinstbm.com\\\/#\\\/schema\\\/logo\\\/image\\\/\",\"url\":\"https:\\\/\\\/www.robbinstbm.com\\\/wp-content\\\/uploads\\\/2021\\\/02\\\/RobbinsLogoColor_Small-Converted-scaled.jpg\",\"contentUrl\":\"https:\\\/\\\/www.robbinstbm.com\\\/wp-content\\\/uploads\\\/2021\\\/02\\\/RobbinsLogoColor_Small-Converted-scaled.jpg\",\"width\":2560,\"height\":929,\"caption\":\"Robbins\"},\"image\":{\"@id\":\"https:\\\/\\\/www.robbinstbm.com\\\/#\\\/schema\\\/logo\\\/image\\\/\"},\"sameAs\":[\"https:\\\/\\\/x.com\\\/Robbins_Co\",\"https:\\\/\\\/www.instagram.com\\\/therobbinscompany\\\/\",\"https:\\\/\\\/www.linkedin.com\\\/groups\\\/4246982\\\/\",\"http:\\\/\\\/www.youtube.com\\\/user\\\/TheRobbinsCo\"]}]}<\/script>\n<!-- \/ Yoast SEO plugin. -->","yoast_head_json":{"title":"Historia - Robbins","robots":{"index":"index","follow":"follow","max-snippet":"max-snippet:-1","max-image-preview":"max-image-preview:large","max-video-preview":"max-video-preview:-1"},"canonical":"https:\/\/www.robbinstbm.com\/es\/acerca-de-robbins\/historia\/","og_locale":"es_ES","og_type":"article","og_title":"Historia - Robbins","og_description":"Un legado de innovaci\u00f3n. Robbins es una empresa participada en su totalidad por sus empleados, que cuenta con tres sedes en EE. UU., filiales en diez pa\u00edses y representantes por todo el mundo. Para saber d\u00f3nde estamos, puede consultar nuestro mapa. Robbins sigue construyendo sobre los cimientos del \u00e9xito sentados por James y su hijo, [&hellip;]","og_url":"https:\/\/www.robbinstbm.com\/es\/acerca-de-robbins\/historia\/","og_site_name":"Robbins","article_modified_time":"2017-12-01T20:40:52+00:00","twitter_card":"summary_large_image","twitter_site":"@Robbins_Co","twitter_misc":{"Est. reading time":"1 minute"},"schema":{"@context":"https:\/\/schema.org","@graph":[{"@type":"WebPage","@id":"https:\/\/www.robbinstbm.com\/es\/acerca-de-robbins\/historia\/","url":"https:\/\/www.robbinstbm.com\/es\/acerca-de-robbins\/historia\/","name":"Historia - Robbins","isPartOf":{"@id":"https:\/\/www.robbinstbm.com\/#website"},"datePublished":"2017-04-06T21:46:12+00:00","dateModified":"2017-12-01T20:40:52+00:00","breadcrumb":{"@id":"https:\/\/www.robbinstbm.com\/es\/acerca-de-robbins\/historia\/#breadcrumb"},"inLanguage":"es-ES","potentialAction":[{"@type":"ReadAction","target":["https:\/\/www.robbinstbm.com\/es\/acerca-de-robbins\/historia\/"]}]},{"@type":"BreadcrumbList","@id":"https:\/\/www.robbinstbm.com\/es\/acerca-de-robbins\/historia\/#breadcrumb","itemListElement":[{"@type":"ListItem","position":1,"name":"Home","item":"https:\/\/www.robbinstbm.com\/es\/"},{"@type":"ListItem","position":2,"name":"Acerca","item":"https:\/\/www.robbinstbm.com\/es\/acerca-de-robbins\/"},{"@type":"ListItem","position":3,"name":"Historia"}]},{"@type":"WebSite","@id":"https:\/\/www.robbinstbm.com\/#website","url":"https:\/\/www.robbinstbm.com\/","name":"Robbins","description":"Reliable | Responsive","publisher":{"@id":"https:\/\/www.robbinstbm.com\/#organization"},"potentialAction":[{"@type":"SearchAction","target":{"@type":"EntryPoint","urlTemplate":"https:\/\/www.robbinstbm.com\/?s={search_term_string}"},"query-input":{"@type":"PropertyValueSpecification","valueRequired":true,"valueName":"search_term_string"}}],"inLanguage":"es-ES"},{"@type":"Organization","@id":"https:\/\/www.robbinstbm.com\/#organization","name":"Robbins","url":"https:\/\/www.robbinstbm.com\/","logo":{"@type":"ImageObject","inLanguage":"es-ES","@id":"https:\/\/www.robbinstbm.com\/#\/schema\/logo\/image\/","url":"https:\/\/www.robbinstbm.com\/wp-content\/uploads\/2021\/02\/RobbinsLogoColor_Small-Converted-scaled.jpg","contentUrl":"https:\/\/www.robbinstbm.com\/wp-content\/uploads\/2021\/02\/RobbinsLogoColor_Small-Converted-scaled.jpg","width":2560,"height":929,"caption":"Robbins"},"image":{"@id":"https:\/\/www.robbinstbm.com\/#\/schema\/logo\/image\/"},"sameAs":["https:\/\/x.com\/Robbins_Co","https:\/\/www.instagram.com\/therobbinscompany\/","https:\/\/www.linkedin.com\/groups\/4246982\/","http:\/\/www.youtube.com\/user\/TheRobbinsCo"]}]}},"_links":{"self":[{"href":"https:\/\/www.robbinstbm.com\/es\/wp-json\/wp\/v2\/pages\/6007","targetHints":{"allow":["GET"]}}],"collection":[{"href":"https:\/\/www.robbinstbm.com\/es\/wp-json\/wp\/v2\/pages"}],"about":[{"href":"https:\/\/www.robbinstbm.com\/es\/wp-json\/wp\/v2\/types\/page"}],"author":[{"embeddable":true,"href":"https:\/\/www.robbinstbm.com\/es\/wp-json\/wp\/v2\/users\/2"}],"replies":[{"embeddable":true,"href":"https:\/\/www.robbinstbm.com\/es\/wp-json\/wp\/v2\/comments?post=6007"}],"version-history":[{"count":0,"href":"https:\/\/www.robbinstbm.com\/es\/wp-json\/wp\/v2\/pages\/6007\/revisions"}],"up":[{"embeddable":true,"href":"https:\/\/www.robbinstbm.com\/es\/wp-json\/wp\/v2\/pages\/5982"}],"wp:attachment":[{"href":"https:\/\/www.robbinstbm.com\/es\/wp-json\/wp\/v2\/media?parent=6007"}],"curies":[{"name":"wp","href":"https:\/\/api.w.org\/{rel}","templated":true}]}}