{"id":6213,"date":"2017-04-06T23:26:22","date_gmt":"2017-04-07T06:26:22","guid":{"rendered":"http:\/\/robbinstbm.com\/neustros-productos\/tunnel-boring-machines\/single-shield\/"},"modified":"2018-04-27T08:49:51","modified_gmt":"2018-04-27T15:49:51","slug":"single-shield","status":"publish","type":"page","link":"https:\/\/www.robbinstbm.com\/es\/neustros-productos\/tunnel-boring-machines\/single-shield\/","title":{"rendered":"ESCUDO SIMPLE"},"content":{"rendered":"<h1>Tuneladoras<\/h1>\n<h2>Los contratistas conf\u00edan en las tuneladoras Robbins de Escudo Simple para terrenos con roca muy fracturada.<\/h2>\n<div id=\"attachment_7304\" style=\"width: 790px\" class=\"wp-caption aligncenter\"><a href=\"\/products\/tunnel-boring-machines\/single-shield\/single-shield-detail\/\" target=\"_blank\" rel=\"noopener noreferrer\"><img loading=\"lazy\" decoding=\"async\" aria-describedby=\"caption-attachment-7304\" class=\"wp-image-7304 \" src=\"https:\/\/www.robbinstbm.com\/wp-content\/uploads\/2017\/04\/IsoView_SingleShield-1-1024x420.jpg\" alt=\"\" width=\"780\" height=\"320\" srcset=\"https:\/\/www.robbinstbm.com\/wp-content\/uploads\/2017\/04\/IsoView_SingleShield-1-1024x420.jpg 1024w, https:\/\/www.robbinstbm.com\/wp-content\/uploads\/2017\/04\/IsoView_SingleShield-1-300x123.jpg 300w, https:\/\/www.robbinstbm.com\/wp-content\/uploads\/2017\/04\/IsoView_SingleShield-1-768x315.jpg 768w\" sizes=\"auto, (max-width: 780px) 100vw, 780px\" \/><\/a><p id=\"caption-attachment-7304\" class=\"wp-caption-text\"><a href=\"\/products\/tunnel-boring-machines\/single-shield\/single-shield-detail\/\" target=\"_blank\" rel=\"noopener noreferrer\">Ver detalle<\/a><\/p><\/div>\n<p>Cuando su proyecto incluye la perforaci\u00f3n de largos tramos en roca fracturada, se eleva notablemente el nivel de riesgo de los trabajos. La tuneladora Robbins de escudo simple le proporciona la capacidad de perforar roca de una m\u00e1quina abierta Robbins y, al mismo tiempo, garantiza la protecci\u00f3n ante desprendimientos de roca caracter\u00edstica de una tuneladora Robbins de Doble Escudo, todo ello con una longitud de escudo m\u00ednima.<\/p>\n<h3>\u00bfEN QU\u00c9 CONSISTE UNA TUNELADORA DE ESCUDO SIMPLE?<\/h3>\n<p>Las tuneladoras Robbins de Escudo Simple protegen a los trabajadores contra los desprendimientos del terreno hasta que el anillo de revestimiento puede ser instalado con seguridad. El cuerpo de la m\u00e1quina va encapsulado en un escudo cil\u00edndrico de di\u00e1metro ligeramente inferior al del t\u00fanel. La cabeza de corte plana y sin protuberancias minimiza las perturbaciones en el frente del t\u00fanel producidas al excavar y evita el desprendimiento de bloques grandes de roca que podr\u00edan provocar sobreesfuerzos de perforaci\u00f3n. La parte frontal de la tuneladora consta de una cabeza de corte rotativa cuyo di\u00e1metro coincide con el de dise\u00f1o del t\u00fanel. A medida que gira la cabeza, un conjunto de cilindros hidr\u00e1ulicos dispuestos en forma de anillo empujan a la m\u00e1quina reaccionando, a trav\u00e9s de unas zapatas, contra el revestimiento del t\u00fanel. La cabeza de corte aloja los cortadores de disco (en di\u00e1metros desde 11 a 20&#8243;), colocados en la posici\u00f3n id\u00f3nea para optimizar el corte de la roca. La transferencia a la roca de los elevados empujes a trav\u00e9s de los cortadores de disco giratorio crea fracturas en el frente, del que se desprenden peque\u00f1as lajas. La perforaci\u00f3n y el revestimiento del t\u00fanel se llevan a cabo de forma secuencial. Para guiar la m\u00e1quina, los cilindros orientan la cabeza de corte articulada en la direcci\u00f3n deseada.<\/p>\n<p><img loading=\"lazy\" decoding=\"async\" class=\"aligncenter wp-image-6652 \" src=\"https:\/\/www.robbinstbm.com\/wp-content\/uploads\/2017\/04\/SingleShield_BodyCopy_Image2-1.jpg\" alt=\"\" width=\"708\" height=\"472\" srcset=\"https:\/\/www.robbinstbm.com\/wp-content\/uploads\/2017\/04\/SingleShield_BodyCopy_Image2-1.jpg 1000w, https:\/\/www.robbinstbm.com\/wp-content\/uploads\/2017\/04\/SingleShield_BodyCopy_Image2-1-300x200.jpg 300w, https:\/\/www.robbinstbm.com\/wp-content\/uploads\/2017\/04\/SingleShield_BodyCopy_Image2-1-768x512.jpg 768w\" sizes=\"auto, (max-width: 708px) 100vw, 708px\" \/><\/p>\n<p>Las tuneladoras Robbins de Escudo Simple est\u00e1n disponibles en di\u00e1metros desde 1,6 hasta 15 m (5 a 50 ft). Todos los Escudos Simples van equipados con colocadores de dovelas de alta velocidad para lograr una mayor eficiencia en la instalaci\u00f3n del revestimiento del t\u00fanel. La cabeza de corte dispone de una articulaci\u00f3n que permite el guiado de la tuneladora. Gracias a la longitud reducida del escudo, la m\u00e1quina es capaz de acometer curvas de radio peque\u00f1o y se minimiza la exposici\u00f3n del escudo a terrenos convergentes en los que la m\u00e1quina podr\u00eda quedar atrapada. Cada una de las TBM de Escudo Simple Robbins ha sido dise\u00f1ada para prolongar al m\u00e1ximo su vida \u00fatil, estipulada en 10.000 horas de excavaci\u00f3n.<\/p>\n<p><a href=\"https:\/\/www.robbinstbm.com\/projects\/delaware-aqueduct-repair\/\"><img loading=\"lazy\" decoding=\"async\" class=\"wp-image-7307 size-large aligncenter\" src=\"https:\/\/www.robbinstbm.com\/wp-content\/uploads\/2017\/04\/Robbins_Graphic_Template_DAR-SSTBMs-1024x379.jpg\" alt=\"\" width=\"1024\" height=\"379\" srcset=\"https:\/\/www.robbinstbm.com\/wp-content\/uploads\/2017\/04\/Robbins_Graphic_Template_DAR-SSTBMs-1024x379.jpg 1024w, https:\/\/www.robbinstbm.com\/wp-content\/uploads\/2017\/04\/Robbins_Graphic_Template_DAR-SSTBMs-300x111.jpg 300w, https:\/\/www.robbinstbm.com\/wp-content\/uploads\/2017\/04\/Robbins_Graphic_Template_DAR-SSTBMs-768x285.jpg 768w\" sizes=\"auto, (max-width: 1024px) 100vw, 1024px\" \/><\/a><\/p>\n<h4>LAS TUNELADORAS ROBBINS DE ESCUDO SIMPLE PUEDEN IR EQUIPADAS A MEDIDA CON:<\/h4>\n<ul>\n<li>Perforadoras para determinar las condiciones del terreno a perforar.<\/li>\n<li>Sistema de adquisici\u00f3n de datos y seguimiento autom\u00e1tico para almacenar datos de la m\u00e1quina en tiempo real, entre ellos el \u00edndice de penetraci\u00f3n, la presi\u00f3n de empuje y la intensidad de corriente de accionamiento.<\/li>\n<li>Cierre de compuertas de cangilones para controlar el caudal de escombro.<\/li>\n<li>Sellos de cola y sistemas para su engrase, que evitan el ingreso de escombro entre el escudo y el revestimiento.<\/li>\n<li>Sistema de empuje de emergencia muy sobredimensionado para evitar el atrapamiento en terrenos convergentes.<\/li>\n<\/ul>\n<h4><img loading=\"lazy\" decoding=\"async\" class=\"wp-image-7303 aligncenter\" src=\"https:\/\/www.robbinstbm.com\/wp-content\/uploads\/2017\/04\/FrontView_Single-Shield-1.jpg\" alt=\"\" width=\"707\" height=\"462\" srcset=\"https:\/\/www.robbinstbm.com\/wp-content\/uploads\/2017\/04\/FrontView_Single-Shield-1.jpg 2500w, https:\/\/www.robbinstbm.com\/wp-content\/uploads\/2017\/04\/FrontView_Single-Shield-1-300x196.jpg 300w, https:\/\/www.robbinstbm.com\/wp-content\/uploads\/2017\/04\/FrontView_Single-Shield-1-768x502.jpg 768w, https:\/\/www.robbinstbm.com\/wp-content\/uploads\/2017\/04\/FrontView_Single-Shield-1-1024x669.jpg 1024w\" sizes=\"auto, (max-width: 707px) 100vw, 707px\" \/><\/h4>\n<h4>CARACTER\u00cdSTICAS EST\u00c1NDAR COMUNES A TODOS LOS ESCUDOS SIMPLES ROBBINS:<\/h4>\n<ul>\n<li>Cabeza de corte plana y perfil de cortadores reducido para facilitar el sostenimiento de frentes de roca fracturada.<\/li>\n<li>Cortadores de montaje interno para poder sustituirlos con mayor seguridad en condiciones de terreno inestable.<\/li>\n<li>Aperturas de cangilones integradas en la cabeza y dotadas de barras de protecci\u00f3n para evitar la entrada de rocas de gran tama\u00f1o.<\/li>\n<li>Cilindros de empuje de alta velocidad de retracci\u00f3n.<\/li>\n<li>Anillo de reacci\u00f3n al par de la cabeza de corte.<\/li>\n<li>Cabeza de corte articulada para permitir el guiado.<\/li>\n<li>Colocador de dovelas de alta velocidad (de brazo simple o doble, seg\u00fan el di\u00e1metro de la m\u00e1quina) que instala con precisi\u00f3n las dovelas prefabricadas de revestimiento.<\/li>\n<li>Escudo de dise\u00f1o corto para disminuir el radio de curva negociable y garantizar la m\u00ednima exposici\u00f3n a fricciones de convergencia del terreno.<\/li>\n<li>Sistema de guiado digital, que proporciona informaci\u00f3n continua sobre la alineaci\u00f3n de la m\u00e1quina.<\/li>\n<\/ul>\n<p><img loading=\"lazy\" decoding=\"async\" class=\"size-full wp-image-6651 aligncenter\" src=\"https:\/\/www.robbinstbm.com\/wp-content\/uploads\/2017\/04\/SingleShield_Bodycopy_image1-1.jpg\" alt=\"\" width=\"1000\" height=\"750\" srcset=\"https:\/\/www.robbinstbm.com\/wp-content\/uploads\/2017\/04\/SingleShield_Bodycopy_image1-1.jpg 1000w, https:\/\/www.robbinstbm.com\/wp-content\/uploads\/2017\/04\/SingleShield_Bodycopy_image1-1-300x225.jpg 300w, https:\/\/www.robbinstbm.com\/wp-content\/uploads\/2017\/04\/SingleShield_Bodycopy_image1-1-768x576.jpg 768w\" sizes=\"auto, (max-width: 1000px) 100vw, 1000px\" \/><\/p>\n<p>Robbins dise\u00f1a sus tuneladoras de Escudo Simple de acuerdo con los criterios particulares de cada proyecto, que incluyen: condiciones geol\u00f3gicas, dise\u00f1o del t\u00fanel, plan de construcci\u00f3n, calendario del proyecto, log\u00edstica de obra y muchos otros factores. Cuando el cliente se pone en contacto con Robbins, estudiamos las caracter\u00edsticas de su proyecto para escoger la maquinaria m\u00e1s id\u00f3nea. En muchos casos la soluci\u00f3n ser\u00e1 fabricar una tuneladora completamente nueva, mientras que, en otros, la mejor decisi\u00f3n puede consistir en reparar una tuneladora existente para ahorrar tiempo y costes.<\/p>\n\t<div class=\"video-container\">\n\t\t<iframe src=\"https:\/\/www.youtube.com\/embed\/2yCcttNaqWo?rel=0&amp;showinfo=0\" frameborder=\"0\" allowfullscreen><\/iframe>\n\t<\/div>\n\t\n<p>Para conocer m\u00e1s detalles sobre los proyectos acometidos por Robbins, busque en nuestra secci\u00f3n de <a href=\"https:\/\/www.robbinstbm.com\/project-solution\/\">Proyectos y soluciones<\/a>\u00a0y podr\u00e1 hacerse una idea de los logros hist\u00f3ricos que hemos cosechado y de c\u00f3mo nuestras soluciones innovadoras pueden convertir su pr\u00f3ximo proyecto en un \u00e9xito rotundo.make your next project a success.<\/p>\n<p>No importa si se encuentra en la fase de planificaci\u00f3n de su proyecto o en la de licitaci\u00f3n, nuestros ingenieros pueden ayudarle a identificar la mejor opci\u00f3n para alcanzar sus objetivos. Si desea obtener m\u00e1s informaci\u00f3n, rellene nuestro <a href=\"https:\/\/www.robbinstbm.com\/contact\/inquiry-forms\/tbm-inquiry-form\/\">formulario electr\u00f3nico<\/a> o p\u00f3ngase en contacto con la sucursal m\u00e1s cercana de <a href=\"https:\/\/www.robbinstbm.com\/contact\/\">The Robbins Company<\/a>.<\/p>\n\t<div class=\"ready-to-advance small container\">\n\t\t<div class=\"section group intro inside\">\n\t\t\t<h1><\/h1>\n\t\t\t\t\t<\/div>\n\t\t<div class=\"section group inside\">\n\t\t\t<div class=\"buttons center\">\n\t\t\t\t<a href=\"#\" class=\"button active\" data-name=\"tunnel-boring-machines\"><\/a>\n\t\t\t\t<a href=\"#\" class=\"button\" data-name=\"small-boring-machines\"><\/a>\n\t\t\t\t<a href=\"#\" class=\"button\" data-name=\"tunneling-products\"><\/a>\n\t\t\t<\/div>\n\t\t<\/div>\n\t\t<div class=\"section group inside inner-content\">\n\t\t\t\t\t\t\t<div id=\"tunnel-boring-machines\" class=\"toggle-content boring-machines-row tunnel-boring-machines\">\n\t\t\t\t\t<div class=\"section group slider\">\n\t\t\t\t\t\t\t\t\t\t\t<div class=\"item linked\" data-url=\"https:\/\/www.robbinstbm.com\/products\/tunnel-boring-machines\/main-beam\/\">\n\t\t\t\t\t\t\t<div class=\"circle\" style=\"background-image:url(https:\/\/www.robbinstbm.com\/wp-content\/uploads\/2021\/05\/main-beam-tbm.png);\"><\/div>\n\t\t\t\t\t\t\t\t\t\t\t\t\t\t\t<div class=\"button\">Main Beam TBM<\/div>\n\t\t\t\t\t\t\t\t<p>Competent Hard Rock<\/p>\n\t\t\t\t\t\t\t\t\t\t\t\t\t<\/div>\n\t\t\t\t\t\t\t\t\t\t\t\t<div class=\"item linked\" data-url=\"https:\/\/www.robbinstbm.com\/products\/tunnel-boring-machines\/earth-pressure-balance\/\">\n\t\t\t\t\t\t\t<div class=\"circle\" style=\"background-image:url(https:\/\/www.robbinstbm.com\/wp-content\/uploads\/2021\/05\/epbms.png);\"><\/div>\n\t\t\t\t\t\t\t\t\t\t\t\t\t\t\t<div class=\"button\">EPBMs<\/div>\n\t\t\t\t\t\t\t\t<p>Soft Ground<\/p>\n\t\t\t\t\t\t\t\t\t\t\t\t\t<\/div>\n\t\t\t\t\t\t\t\t\t\t\t\t<div class=\"item linked\" data-url=\"https:\/\/www.robbinstbm.com\/products\/tunnel-boring-machines\/crossover-machines\/\">\n\t\t\t\t\t\t\t<div class=\"circle\" style=\"background-image:url(https:\/\/www.robbinstbm.com\/wp-content\/uploads\/2021\/05\/crossover.png);\"><\/div>\n\t\t\t\t\t\t\t\t\t\t\t\t\t\t\t<div class=\"button\">Crossover<\/div>\n\t\t\t\t\t\t\t\t<p>Variable Geology<\/p>\n\t\t\t\t\t\t\t\t\t\t\t\t\t<\/div>\n\t\t\t\t\t\t\t\t\t\t\t\t<div class=\"item linked\" data-url=\"https:\/\/www.robbinstbm.com\/products\/tunnel-boring-machines\/double-shield\/\">\n\t\t\t\t\t\t\t<div class=\"circle\" style=\"background-image:url(https:\/\/www.robbinstbm.com\/wp-content\/uploads\/2021\/05\/double-shield-tbm.png);\"><\/div>\n\t\t\t\t\t\t\t\t\t\t\t\t\t\t\t<div class=\"button\">Double Shield TBM<\/div>\n\t\t\t\t\t\t\t\t<p>Fractured Hard Rock<\/p>\n\t\t\t\t\t\t\t\t\t\t\t\t\t<\/div>\n\t\t\t\t\t\t\t\t\t\t\t\t<div class=\"item linked\" data-url=\"https:\/\/www.robbinstbm.com\/products\/tunnel-boring-machines\/single-shield\/\">\n\t\t\t\t\t\t\t<div class=\"circle\" style=\"background-image:url(https:\/\/www.robbinstbm.com\/wp-content\/uploads\/2021\/05\/single-shield-tbm.png);\"><\/div>\n\t\t\t\t\t\t\t\t\t\t\t\t\t\t\t<div class=\"button\">Single Shield TBM<\/div>\n\t\t\t\t\t\t\t\t<p>Fractured Rock With Water Inflows<\/p>\n\t\t\t\t\t\t\t\t\t\t\t\t\t<\/div>\n\t\t\t\t\t\t\t\t\t\t\t<\/div>\n\t\t\t\t<\/div>\n\t\t\t\t\t\t\t\t<div id=\"tunneling-products\" class=\"toggle-content boring-machines-row tunneling-products\">\n\t\t\t\t\t<div class=\"section group slider\">\n\t\t\t\t\t\t\t\t\t\t<\/div>\n\t\t\t\t<\/div>\n\t\t\t\t\t\t\t<div id=\"small-boring-machines\" class=\"toggle-content small-boring-machines crossing-length hidden\">\n\t\t\t\t<div class=\"col span_4_of_6 pull-center\">\n\t\t\t\t\t<h3><\/h3>\n\t\t\t\t\t<ul>\n\t\t\t\t\t\t\t\t\t\t\t<li class=\"linked\" data-url=\"https:\/\/www.robbinstbm.com\/products\/small-boring-machines\/sbu-rc\/\">\n\t\t\t\t\t\t\t<div class=\"title\">SBU-A \/ SBU-RC<\/div>\n\t\t\t\t\t\t\t<div class=\"length short\">\n\t\t\t\t\t\t\t\t<span>Over 300ft\/90m<\/span>\n\t\t\t\t\t\t\t<\/div>\n\t\t\t\t\t\t<\/li>\n\t\t\t\t\t\t\t\t\t\t\t\t<li class=\"linked\" data-url=\"https:\/\/www.robbinstbm.com\/products\/small-boring-machines\/motorized-small-boring-units\/\">\n\t\t\t\t\t\t\t<div class=\"title\">SBU-M<\/div>\n\t\t\t\t\t\t\t<div class=\"length medium\">\n\t\t\t\t\t\t\t\t<span>Up To 500ft\/150m<\/span>\n\t\t\t\t\t\t\t<\/div>\n\t\t\t\t\t\t<\/li>\n\t\t\t\t\t\t\t\t\t\t\t\t<li class=\"linked\" data-url=\"https:\/\/www.robbinstbm.com\/products\/small-boring-machines\/motorized-small-boring-units\/\">\n\t\t\t\t\t\t\t<div class=\"title\">SBU-M<\/div>\n\t\t\t\t\t\t\t<div class=\"length medium\">\n\t\t\t\t\t\t\t\t<span>Up To 500ft\/150m<\/span>\n\t\t\t\t\t\t\t<\/div>\n\t\t\t\t\t\t<\/li>\n\t\t\t\t\t\t\t\t\t\t\t\t<li class=\"linked\" data-url=\"https:\/\/www.robbinstbm.com\/products\/small-boring-machines\/rockhead\/\">\n\t\t\t\t\t\t\t<div class=\"title\">Rockhead<\/div>\n\t\t\t\t\t\t\t<div class=\"length long\">\n\t\t\t\t\t\t\t\t<span>Over 500ft\/150m<\/span>\n\t\t\t\t\t\t\t<\/div>\n\t\t\t\t\t\t<\/li>\n\t\t\t\t\t\t\t\t\t\t\t<\/ul>\n\n\t\t\t\t<\/div>\n\t\t\t<\/div>\n\t\t\t\t\t<\/div>\n\t<\/div>\n\n","protected":false},"excerpt":{"rendered":"<p>Tuneladoras Los contratistas conf\u00edan en las tuneladoras Robbins de Escudo Simple para terrenos con roca muy fracturada. Cuando su proyecto incluye la perforaci\u00f3n de largos tramos en roca fracturada, se eleva notablemente el nivel de riesgo de los trabajos. La tuneladora Robbins de escudo simple le proporciona la capacidad de perforar roca de una m\u00e1quina [&hellip;]<\/p>\n","protected":false},"author":2,"featured_media":6311,"parent":6201,"menu_order":3,"comment_status":"closed","ping_status":"closed","template":"single-mcm_project.php","meta":{"_acf_changed":false,"footnotes":"","_links_to":"","_links_to_target":""},"class_list":["post-6213","page","type-page","status-publish","has-post-thumbnail","hentry"],"acf":[],"yoast_head":"<!-- This site is optimized with the Yoast SEO plugin v27.2 - https:\/\/yoast.com\/product\/yoast-seo-wordpress\/ -->\n<title>ESCUDO SIMPLE - Robbins<\/title>\n<meta name=\"robots\" content=\"index, follow, max-snippet:-1, max-image-preview:large, max-video-preview:-1\" \/>\n<link rel=\"canonical\" href=\"https:\/\/www.robbinstbm.com\/es\/neustros-productos\/tunnel-boring-machines\/single-shield\/\" \/>\n<meta property=\"og:locale\" content=\"es_ES\" \/>\n<meta property=\"og:type\" content=\"article\" \/>\n<meta property=\"og:title\" content=\"ESCUDO SIMPLE - Robbins\" \/>\n<meta property=\"og:description\" content=\"Tuneladoras Los contratistas conf\u00edan en las tuneladoras Robbins de Escudo Simple para terrenos con roca muy fracturada. Cuando su proyecto incluye la perforaci\u00f3n de largos tramos en roca fracturada, se eleva notablemente el nivel de riesgo de los trabajos. La tuneladora Robbins de escudo simple le proporciona la capacidad de perforar roca de una m\u00e1quina [&hellip;]\" \/>\n<meta property=\"og:url\" content=\"https:\/\/www.robbinstbm.com\/es\/neustros-productos\/tunnel-boring-machines\/single-shield\/\" \/>\n<meta property=\"og:site_name\" content=\"Robbins\" \/>\n<meta property=\"article:modified_time\" content=\"2018-04-27T15:49:51+00:00\" \/>\n<meta property=\"og:image\" content=\"https:\/\/www.robbinstbm.com\/wp-content\/uploads\/2017\/04\/Block-3_Single-Shield-1.jpg\" \/>\n\t<meta property=\"og:image:width\" content=\"600\" \/>\n\t<meta property=\"og:image:height\" content=\"600\" \/>\n\t<meta property=\"og:image:type\" content=\"image\/jpeg\" \/>\n<meta name=\"twitter:card\" content=\"summary_large_image\" \/>\n<meta name=\"twitter:site\" content=\"@Robbins_Co\" \/>\n<meta name=\"twitter:label1\" content=\"Est. reading time\" \/>\n\t<meta name=\"twitter:data1\" content=\"5 minutes\" \/>\n<script type=\"application\/ld+json\" class=\"yoast-schema-graph\">{\"@context\":\"https:\/\/schema.org\",\"@graph\":[{\"@type\":\"WebPage\",\"@id\":\"https:\/\/www.robbinstbm.com\/es\/neustros-productos\/tunnel-boring-machines\/single-shield\/\",\"url\":\"https:\/\/www.robbinstbm.com\/es\/neustros-productos\/tunnel-boring-machines\/single-shield\/\",\"name\":\"ESCUDO SIMPLE - Robbins\",\"isPartOf\":{\"@id\":\"https:\/\/www.robbinstbm.com\/#website\"},\"primaryImageOfPage\":{\"@id\":\"https:\/\/www.robbinstbm.com\/es\/neustros-productos\/tunnel-boring-machines\/single-shield\/#primaryimage\"},\"image\":{\"@id\":\"https:\/\/www.robbinstbm.com\/es\/neustros-productos\/tunnel-boring-machines\/single-shield\/#primaryimage\"},\"thumbnailUrl\":\"https:\/\/www.robbinstbm.com\/wp-content\/uploads\/2017\/04\/Block-3_Single-Shield-1.jpg\",\"datePublished\":\"2017-04-07T06:26:22+00:00\",\"dateModified\":\"2018-04-27T15:49:51+00:00\",\"breadcrumb\":{\"@id\":\"https:\/\/www.robbinstbm.com\/es\/neustros-productos\/tunnel-boring-machines\/single-shield\/#breadcrumb\"},\"inLanguage\":\"es-ES\",\"potentialAction\":[{\"@type\":\"ReadAction\",\"target\":[\"https:\/\/www.robbinstbm.com\/es\/neustros-productos\/tunnel-boring-machines\/single-shield\/\"]}]},{\"@type\":\"ImageObject\",\"inLanguage\":\"es-ES\",\"@id\":\"https:\/\/www.robbinstbm.com\/es\/neustros-productos\/tunnel-boring-machines\/single-shield\/#primaryimage\",\"url\":\"https:\/\/www.robbinstbm.com\/wp-content\/uploads\/2017\/04\/Block-3_Single-Shield-1.jpg\",\"contentUrl\":\"https:\/\/www.robbinstbm.com\/wp-content\/uploads\/2017\/04\/Block-3_Single-Shield-1.jpg\",\"width\":600,\"height\":600},{\"@type\":\"BreadcrumbList\",\"@id\":\"https:\/\/www.robbinstbm.com\/es\/neustros-productos\/tunnel-boring-machines\/single-shield\/#breadcrumb\",\"itemListElement\":[{\"@type\":\"ListItem\",\"position\":1,\"name\":\"Home\",\"item\":\"https:\/\/www.robbinstbm.com\/es\/\"},{\"@type\":\"ListItem\",\"position\":2,\"name\":\"Productos\",\"item\":\"https:\/\/www.robbinstbm.com\/es\/neustros-productos\/\"},{\"@type\":\"ListItem\",\"position\":3,\"name\":\"TUNELADORAS\",\"item\":\"https:\/\/www.robbinstbm.com\/es\/neustros-productos\/tunnel-boring-machines\/\"},{\"@type\":\"ListItem\",\"position\":4,\"name\":\"ESCUDO SIMPLE\"}]},{\"@type\":\"WebSite\",\"@id\":\"https:\/\/www.robbinstbm.com\/#website\",\"url\":\"https:\/\/www.robbinstbm.com\/\",\"name\":\"Robbins\",\"description\":\"Reliable | Responsive\",\"publisher\":{\"@id\":\"https:\/\/www.robbinstbm.com\/#organization\"},\"potentialAction\":[{\"@type\":\"SearchAction\",\"target\":{\"@type\":\"EntryPoint\",\"urlTemplate\":\"https:\/\/www.robbinstbm.com\/?s={search_term_string}\"},\"query-input\":{\"@type\":\"PropertyValueSpecification\",\"valueRequired\":true,\"valueName\":\"search_term_string\"}}],\"inLanguage\":\"es-ES\"},{\"@type\":\"Organization\",\"@id\":\"https:\/\/www.robbinstbm.com\/#organization\",\"name\":\"Robbins\",\"url\":\"https:\/\/www.robbinstbm.com\/\",\"logo\":{\"@type\":\"ImageObject\",\"inLanguage\":\"es-ES\",\"@id\":\"https:\/\/www.robbinstbm.com\/#\/schema\/logo\/image\/\",\"url\":\"https:\/\/www.robbinstbm.com\/wp-content\/uploads\/2021\/02\/RobbinsLogoColor_Small-Converted-scaled.jpg\",\"contentUrl\":\"https:\/\/www.robbinstbm.com\/wp-content\/uploads\/2021\/02\/RobbinsLogoColor_Small-Converted-scaled.jpg\",\"width\":2560,\"height\":929,\"caption\":\"Robbins\"},\"image\":{\"@id\":\"https:\/\/www.robbinstbm.com\/#\/schema\/logo\/image\/\"},\"sameAs\":[\"https:\/\/x.com\/Robbins_Co\",\"https:\/\/www.instagram.com\/therobbinscompany\/\",\"https:\/\/www.linkedin.com\/groups\/4246982\/\",\"http:\/\/www.youtube.com\/user\/TheRobbinsCo\"]}]}<\/script>\n<!-- \/ Yoast SEO plugin. -->","yoast_head_json":{"title":"ESCUDO SIMPLE - Robbins","robots":{"index":"index","follow":"follow","max-snippet":"max-snippet:-1","max-image-preview":"max-image-preview:large","max-video-preview":"max-video-preview:-1"},"canonical":"https:\/\/www.robbinstbm.com\/es\/neustros-productos\/tunnel-boring-machines\/single-shield\/","og_locale":"es_ES","og_type":"article","og_title":"ESCUDO SIMPLE - Robbins","og_description":"Tuneladoras Los contratistas conf\u00edan en las tuneladoras Robbins de Escudo Simple para terrenos con roca muy fracturada. Cuando su proyecto incluye la perforaci\u00f3n de largos tramos en roca fracturada, se eleva notablemente el nivel de riesgo de los trabajos. La tuneladora Robbins de escudo simple le proporciona la capacidad de perforar roca de una m\u00e1quina [&hellip;]","og_url":"https:\/\/www.robbinstbm.com\/es\/neustros-productos\/tunnel-boring-machines\/single-shield\/","og_site_name":"Robbins","article_modified_time":"2018-04-27T15:49:51+00:00","og_image":[{"width":600,"height":600,"url":"https:\/\/www.robbinstbm.com\/wp-content\/uploads\/2017\/04\/Block-3_Single-Shield-1.jpg","type":"image\/jpeg"}],"twitter_card":"summary_large_image","twitter_site":"@Robbins_Co","twitter_misc":{"Est. reading time":"5 minutes"},"schema":{"@context":"https:\/\/schema.org","@graph":[{"@type":"WebPage","@id":"https:\/\/www.robbinstbm.com\/es\/neustros-productos\/tunnel-boring-machines\/single-shield\/","url":"https:\/\/www.robbinstbm.com\/es\/neustros-productos\/tunnel-boring-machines\/single-shield\/","name":"ESCUDO SIMPLE - Robbins","isPartOf":{"@id":"https:\/\/www.robbinstbm.com\/#website"},"primaryImageOfPage":{"@id":"https:\/\/www.robbinstbm.com\/es\/neustros-productos\/tunnel-boring-machines\/single-shield\/#primaryimage"},"image":{"@id":"https:\/\/www.robbinstbm.com\/es\/neustros-productos\/tunnel-boring-machines\/single-shield\/#primaryimage"},"thumbnailUrl":"https:\/\/www.robbinstbm.com\/wp-content\/uploads\/2017\/04\/Block-3_Single-Shield-1.jpg","datePublished":"2017-04-07T06:26:22+00:00","dateModified":"2018-04-27T15:49:51+00:00","breadcrumb":{"@id":"https:\/\/www.robbinstbm.com\/es\/neustros-productos\/tunnel-boring-machines\/single-shield\/#breadcrumb"},"inLanguage":"es-ES","potentialAction":[{"@type":"ReadAction","target":["https:\/\/www.robbinstbm.com\/es\/neustros-productos\/tunnel-boring-machines\/single-shield\/"]}]},{"@type":"ImageObject","inLanguage":"es-ES","@id":"https:\/\/www.robbinstbm.com\/es\/neustros-productos\/tunnel-boring-machines\/single-shield\/#primaryimage","url":"https:\/\/www.robbinstbm.com\/wp-content\/uploads\/2017\/04\/Block-3_Single-Shield-1.jpg","contentUrl":"https:\/\/www.robbinstbm.com\/wp-content\/uploads\/2017\/04\/Block-3_Single-Shield-1.jpg","width":600,"height":600},{"@type":"BreadcrumbList","@id":"https:\/\/www.robbinstbm.com\/es\/neustros-productos\/tunnel-boring-machines\/single-shield\/#breadcrumb","itemListElement":[{"@type":"ListItem","position":1,"name":"Home","item":"https:\/\/www.robbinstbm.com\/es\/"},{"@type":"ListItem","position":2,"name":"Productos","item":"https:\/\/www.robbinstbm.com\/es\/neustros-productos\/"},{"@type":"ListItem","position":3,"name":"TUNELADORAS","item":"https:\/\/www.robbinstbm.com\/es\/neustros-productos\/tunnel-boring-machines\/"},{"@type":"ListItem","position":4,"name":"ESCUDO SIMPLE"}]},{"@type":"WebSite","@id":"https:\/\/www.robbinstbm.com\/#website","url":"https:\/\/www.robbinstbm.com\/","name":"Robbins","description":"Reliable | Responsive","publisher":{"@id":"https:\/\/www.robbinstbm.com\/#organization"},"potentialAction":[{"@type":"SearchAction","target":{"@type":"EntryPoint","urlTemplate":"https:\/\/www.robbinstbm.com\/?s={search_term_string}"},"query-input":{"@type":"PropertyValueSpecification","valueRequired":true,"valueName":"search_term_string"}}],"inLanguage":"es-ES"},{"@type":"Organization","@id":"https:\/\/www.robbinstbm.com\/#organization","name":"Robbins","url":"https:\/\/www.robbinstbm.com\/","logo":{"@type":"ImageObject","inLanguage":"es-ES","@id":"https:\/\/www.robbinstbm.com\/#\/schema\/logo\/image\/","url":"https:\/\/www.robbinstbm.com\/wp-content\/uploads\/2021\/02\/RobbinsLogoColor_Small-Converted-scaled.jpg","contentUrl":"https:\/\/www.robbinstbm.com\/wp-content\/uploads\/2021\/02\/RobbinsLogoColor_Small-Converted-scaled.jpg","width":2560,"height":929,"caption":"Robbins"},"image":{"@id":"https:\/\/www.robbinstbm.com\/#\/schema\/logo\/image\/"},"sameAs":["https:\/\/x.com\/Robbins_Co","https:\/\/www.instagram.com\/therobbinscompany\/","https:\/\/www.linkedin.com\/groups\/4246982\/","http:\/\/www.youtube.com\/user\/TheRobbinsCo"]}]}},"_links":{"self":[{"href":"https:\/\/www.robbinstbm.com\/es\/wp-json\/wp\/v2\/pages\/6213","targetHints":{"allow":["GET"]}}],"collection":[{"href":"https:\/\/www.robbinstbm.com\/es\/wp-json\/wp\/v2\/pages"}],"about":[{"href":"https:\/\/www.robbinstbm.com\/es\/wp-json\/wp\/v2\/types\/page"}],"author":[{"embeddable":true,"href":"https:\/\/www.robbinstbm.com\/es\/wp-json\/wp\/v2\/users\/2"}],"replies":[{"embeddable":true,"href":"https:\/\/www.robbinstbm.com\/es\/wp-json\/wp\/v2\/comments?post=6213"}],"version-history":[{"count":0,"href":"https:\/\/www.robbinstbm.com\/es\/wp-json\/wp\/v2\/pages\/6213\/revisions"}],"up":[{"embeddable":true,"href":"https:\/\/www.robbinstbm.com\/es\/wp-json\/wp\/v2\/pages\/6201"}],"wp:featuredmedia":[{"embeddable":true,"href":"https:\/\/www.robbinstbm.com\/es\/wp-json\/wp\/v2\/media\/6311"}],"wp:attachment":[{"href":"https:\/\/www.robbinstbm.com\/es\/wp-json\/wp\/v2\/media?parent=6213"}],"curies":[{"name":"wp","href":"https:\/\/api.w.org\/{rel}","templated":true}]}}