{"id":6219,"date":"2017-04-06T23:26:56","date_gmt":"2017-04-07T06:26:56","guid":{"rendered":"http:\/\/robbinstbm.com\/neustros-productos\/tunnel-boring-machines\/back-up-systems\/"},"modified":"2018-03-16T15:57:17","modified_gmt":"2018-03-16T22:57:17","slug":"sistemas-back-up","status":"publish","type":"page","link":"https:\/\/www.robbinstbm.com\/es\/neustros-productos\/tunnel-boring-machines\/sistemas-back-up\/","title":{"rendered":"SISTEMAS BACK-UP"},"content":{"rendered":"<h1>Tuneladoras<\/h1>\n<h2>Optimice la producci\u00f3n de su tuneladora<\/h2>\n<p>Los rendimientos de perforaci\u00f3n de un t\u00fanel se ven frecuentemente limitados por la velocidad de evacuaci\u00f3n del escombro y por el suministro a la tuneladora de los materiales necesarios para la construcci\u00f3n del mismo. El sistema back-up o equipo de rezaga tiene en este punto tanta importancia como la tuneladora. Por este motivo, The Robbins Company presta tanta atenci\u00f3n al dise\u00f1o e ingenier\u00eda del back-up como al de la propia TBM.<\/p>\n<p>Robbins adecua el dise\u00f1o de sus back-up al m\u00e9todo de construcci\u00f3n del t\u00fanel y al tipo de tuneladora, pudiendo construir desde sencillos sistemas porticados hasta sofisticados equipos de doble v\u00eda con control remoto. Robbins le ayudar\u00e1 a decidir cu\u00e1l de sus dise\u00f1os de probada eficacia representa la mejor opci\u00f3n para su proyecto. Robbins ofrece sistemas de desescombro con o sin ra\u00edles en los que se pueden utilizar trenes, cintas o veh\u00edculos con neum\u00e1ticos.<\/p>\n<h3>SISTEMAS BACK-UP DE V\u00cdA \u00daNICA<\/h3>\n<p>Un sistema back-up de v\u00eda \u00fanica cuenta con la ventaja de su poca longitud y su facilidad de operaci\u00f3n y mantenimiento. Si su t\u00fanel es de peque\u00f1o di\u00e1metro o de corto recorrido, o bien la zona de montaje de equipos tiene sus dimensiones muy restringidas, el uso de un back-up de v\u00eda \u00fanica puede ser la soluci\u00f3n m\u00e1s adecuada. Asimismo se suelen utilizar este tipo de sistemas cuando el lugar de arranque de la tuneladora se encuentra en el fondo de un pozo. Los back-up de v\u00eda \u00fanica pueden combinarse con el desescombro mediante trenes o cinta transportadora, dependiendo de los requisitos del proyecto y el calendario de las obras. <\/p>\n<p><img loading=\"lazy\" decoding=\"async\" class=\"aligncenter wp-image-5737 \" src=\"https:\/\/www.robbinstbm.com\/wp-content\/uploads\/2017\/04\/Backups_bodycopy_image2.jpg\" alt=\"\" width=\"694\" height=\"463\" srcset=\"https:\/\/www.robbinstbm.com\/wp-content\/uploads\/2017\/04\/Backups_bodycopy_image2.jpg 1000w, https:\/\/www.robbinstbm.com\/wp-content\/uploads\/2017\/04\/Backups_bodycopy_image2-300x200.jpg 300w, https:\/\/www.robbinstbm.com\/wp-content\/uploads\/2017\/04\/Backups_bodycopy_image2-768x512.jpg 768w\" sizes=\"auto, (max-width: 694px) 100vw, 694px\" \/><\/p>\n<h3>SISTEMAS BACK-UP DE DOBLE V\u00cdA<\/h3>\n<p>El back-up de doble v\u00eda asegura una producci\u00f3n m\u00e1xima en t\u00faneles de gran di\u00e1metro donde se desescombra mediante trenes. El retraso de los trenes puede minimizarse a\u00fan m\u00e1s instalando un cambio californiano detr\u00e1s del back-up, para que los vagones vac\u00edos esperen cerca del punto de carga mientras otros se van llenando.<\/p>\n<p><img loading=\"lazy\" decoding=\"async\" class=\" wp-image-5738 aligncenter\" src=\"https:\/\/www.robbinstbm.com\/wp-content\/uploads\/2017\/04\/Backups_bodycopy_image3.jpg\" alt=\"\" width=\"700\" height=\"467\" srcset=\"https:\/\/www.robbinstbm.com\/wp-content\/uploads\/2017\/04\/Backups_bodycopy_image3.jpg 1000w, https:\/\/www.robbinstbm.com\/wp-content\/uploads\/2017\/04\/Backups_bodycopy_image3-300x200.jpg 300w, https:\/\/www.robbinstbm.com\/wp-content\/uploads\/2017\/04\/Backups_bodycopy_image3-768x512.jpg 768w\" sizes=\"auto, (max-width: 700px) 100vw, 700px\" \/><\/p>\n<h3>SISTEMAS BACK-UP PARA VEH\u00cdCULOS CON NEUM\u00c1TICOS<\/h3>\n<p>Este tipo de sistema permite el desescombro mediante cinta o camiones, lo que hace posible la construcci\u00f3n del camino en contrab\u00f3veda simult\u00e1neamente a la excavaci\u00f3n del t\u00fanel. Gracias a su flexibilidad, este tipo de equipos se utiliza con frecuencia en la construcci\u00f3n de t\u00faneles de gran di\u00e1metro para proyectos de ferrocarril, carretera o hidroel\u00e9ctricos.<\/p>\n<p><a href=\"https:\/\/www.robbinstbm.com\/projects\/great-hydro-network\/\"><img loading=\"lazy\" decoding=\"async\" class=\"aligncenter wp-image-7212 size-large\" src=\"https:\/\/www.robbinstbm.com\/wp-content\/uploads\/2017\/04\/Robbins_Graphic_Template_GHN-BackUps-1024x379.jpg\" alt=\"\" width=\"1024\" height=\"379\" srcset=\"https:\/\/www.robbinstbm.com\/wp-content\/uploads\/2017\/04\/Robbins_Graphic_Template_GHN-BackUps-1024x379.jpg 1024w, https:\/\/www.robbinstbm.com\/wp-content\/uploads\/2017\/04\/Robbins_Graphic_Template_GHN-BackUps-300x111.jpg 300w, https:\/\/www.robbinstbm.com\/wp-content\/uploads\/2017\/04\/Robbins_Graphic_Template_GHN-BackUps-768x285.jpg 768w\" sizes=\"auto, (max-width: 1024px) 100vw, 1024px\" \/><\/a><\/p>\n<h4>VENTILACI\u00d3N:<\/h4>\n<ul>\n<li>Captadores de polvo (v\u00eda seca o h\u00fameda) con ventiladores y silenciadores<\/li>\n<li>Cassettes de tuber\u00eda de ventilaci\u00f3n flexible<\/li>\n<li>Ventiladores impulsores de aire limpio<\/li>\n<\/ul>\n<h4>AGUA Y AIRE COMPRIMIDO:<\/h4>\n<ul>\n<li>Compresores montados en el back-up<\/li>\n<li>Sistema de distribuci\u00f3n de aire comprimido<\/li>\n<li>Distribuci\u00f3n de agua industrial<\/li>\n<li>Sistemas de recirculaci\u00f3n de agua de refrigeraci\u00f3n<\/li>\n<li>Almacenamiento de latiguillos de aire comprimido o agua <\/li>\n<\/ul>\n<h4>SOSTENIMIENTO DEL TERRENO:<\/h4>\n<ul>\n<li>Equipos de gunitado, instalaci\u00f3n y robots<\/li>\n<li>Cabeza de corte de velocidad variable<\/li>\n<li>Transporte y almacenamiento de dovelas<\/li>\n<li>Sistema de relleno del anillo de dovelas<\/li>\n<li>Perforadoras para bulonado<\/li>\n<\/ul>\n<h4>EL\u00c9CTRICOS:<\/h4>\n<ul>\n<li>Carretes de cable de AT<\/li>\n<li>Generadores de emergencia<\/li>\n<li>Iluminaci\u00f3n de emergencia<\/li>\n<\/ul>\n\t<div class=\"ready-to-advance small container\">\n\t\t<div class=\"section group intro inside\">\n\t\t\t<h1><\/h1>\n\t\t\t\t\t<\/div>\n\t\t<div class=\"section group inside\">\n\t\t\t<div class=\"buttons center\">\n\t\t\t\t<a href=\"#\" class=\"button active\" data-name=\"tunnel-boring-machines\"><\/a>\n\t\t\t\t<a href=\"#\" class=\"button\" data-name=\"small-boring-machines\"><\/a>\n\t\t\t\t<a href=\"#\" class=\"button\" data-name=\"tunneling-products\"><\/a>\n\t\t\t<\/div>\n\t\t<\/div>\n\t\t<div class=\"section group inside inner-content\">\n\t\t\t\t\t\t\t<div id=\"tunnel-boring-machines\" class=\"toggle-content boring-machines-row tunnel-boring-machines\">\n\t\t\t\t\t<div class=\"section group slider\">\n\t\t\t\t\t\t\t\t\t\t\t<div class=\"item linked\" data-url=\"https:\/\/www.robbinstbm.com\/products\/tunnel-boring-machines\/main-beam\/\">\n\t\t\t\t\t\t\t<div class=\"circle\" style=\"background-image:url(https:\/\/www.robbinstbm.com\/wp-content\/uploads\/2021\/05\/main-beam-tbm.png);\"><\/div>\n\t\t\t\t\t\t\t\t\t\t\t\t\t\t\t<div class=\"button\">Main Beam TBM<\/div>\n\t\t\t\t\t\t\t\t<p>Competent Hard Rock<\/p>\n\t\t\t\t\t\t\t\t\t\t\t\t\t<\/div>\n\t\t\t\t\t\t\t\t\t\t\t\t<div class=\"item linked\" data-url=\"https:\/\/www.robbinstbm.com\/products\/tunnel-boring-machines\/earth-pressure-balance\/\">\n\t\t\t\t\t\t\t<div class=\"circle\" style=\"background-image:url(https:\/\/www.robbinstbm.com\/wp-content\/uploads\/2021\/05\/epbms.png);\"><\/div>\n\t\t\t\t\t\t\t\t\t\t\t\t\t\t\t<div class=\"button\">EPBMs<\/div>\n\t\t\t\t\t\t\t\t<p>Soft Ground<\/p>\n\t\t\t\t\t\t\t\t\t\t\t\t\t<\/div>\n\t\t\t\t\t\t\t\t\t\t\t\t<div class=\"item linked\" data-url=\"https:\/\/www.robbinstbm.com\/products\/tunnel-boring-machines\/crossover-machines\/\">\n\t\t\t\t\t\t\t<div class=\"circle\" style=\"background-image:url(https:\/\/www.robbinstbm.com\/wp-content\/uploads\/2021\/05\/crossover.png);\"><\/div>\n\t\t\t\t\t\t\t\t\t\t\t\t\t\t\t<div class=\"button\">Crossover<\/div>\n\t\t\t\t\t\t\t\t<p>Variable Geology<\/p>\n\t\t\t\t\t\t\t\t\t\t\t\t\t<\/div>\n\t\t\t\t\t\t\t\t\t\t\t\t<div class=\"item linked\" data-url=\"https:\/\/www.robbinstbm.com\/products\/tunnel-boring-machines\/double-shield\/\">\n\t\t\t\t\t\t\t<div class=\"circle\" style=\"background-image:url(https:\/\/www.robbinstbm.com\/wp-content\/uploads\/2021\/05\/double-shield-tbm.png);\"><\/div>\n\t\t\t\t\t\t\t\t\t\t\t\t\t\t\t<div class=\"button\">Double Shield TBM<\/div>\n\t\t\t\t\t\t\t\t<p>Fractured Hard Rock<\/p>\n\t\t\t\t\t\t\t\t\t\t\t\t\t<\/div>\n\t\t\t\t\t\t\t\t\t\t\t\t<div class=\"item linked\" data-url=\"https:\/\/www.robbinstbm.com\/products\/tunnel-boring-machines\/single-shield\/\">\n\t\t\t\t\t\t\t<div class=\"circle\" style=\"background-image:url(https:\/\/www.robbinstbm.com\/wp-content\/uploads\/2021\/05\/single-shield-tbm.png);\"><\/div>\n\t\t\t\t\t\t\t\t\t\t\t\t\t\t\t<div class=\"button\">Single Shield TBM<\/div>\n\t\t\t\t\t\t\t\t<p>Fractured Rock With Water Inflows<\/p>\n\t\t\t\t\t\t\t\t\t\t\t\t\t<\/div>\n\t\t\t\t\t\t\t\t\t\t\t<\/div>\n\t\t\t\t<\/div>\n\t\t\t\t\t\t\t\t<div id=\"tunneling-products\" class=\"toggle-content boring-machines-row tunneling-products\">\n\t\t\t\t\t<div class=\"section group slider\">\n\t\t\t\t\t\t\t\t\t\t<\/div>\n\t\t\t\t<\/div>\n\t\t\t\t\t\t\t<div id=\"small-boring-machines\" class=\"toggle-content small-boring-machines crossing-length hidden\">\n\t\t\t\t<div class=\"col span_4_of_6 pull-center\">\n\t\t\t\t\t<h3><\/h3>\n\t\t\t\t\t<ul>\n\t\t\t\t\t\t\t\t\t\t\t<li class=\"linked\" data-url=\"https:\/\/www.robbinstbm.com\/products\/small-boring-machines\/sbu-rc\/\">\n\t\t\t\t\t\t\t<div class=\"title\">SBU-A \/ SBU-RC<\/div>\n\t\t\t\t\t\t\t<div class=\"length short\">\n\t\t\t\t\t\t\t\t<span>Over 300ft\/90m<\/span>\n\t\t\t\t\t\t\t<\/div>\n\t\t\t\t\t\t<\/li>\n\t\t\t\t\t\t\t\t\t\t\t\t<li class=\"linked\" data-url=\"https:\/\/www.robbinstbm.com\/products\/small-boring-machines\/motorized-small-boring-units\/\">\n\t\t\t\t\t\t\t<div class=\"title\">SBU-M<\/div>\n\t\t\t\t\t\t\t<div class=\"length medium\">\n\t\t\t\t\t\t\t\t<span>Up To 500ft\/150m<\/span>\n\t\t\t\t\t\t\t<\/div>\n\t\t\t\t\t\t<\/li>\n\t\t\t\t\t\t\t\t\t\t\t\t<li class=\"linked\" data-url=\"https:\/\/www.robbinstbm.com\/products\/small-boring-machines\/motorized-small-boring-units\/\">\n\t\t\t\t\t\t\t<div class=\"title\">SBU-M<\/div>\n\t\t\t\t\t\t\t<div class=\"length medium\">\n\t\t\t\t\t\t\t\t<span>Up To 500ft\/150m<\/span>\n\t\t\t\t\t\t\t<\/div>\n\t\t\t\t\t\t<\/li>\n\t\t\t\t\t\t\t\t\t\t\t\t<li class=\"linked\" data-url=\"https:\/\/www.robbinstbm.com\/products\/small-boring-machines\/rockhead\/\">\n\t\t\t\t\t\t\t<div class=\"title\">Rockhead<\/div>\n\t\t\t\t\t\t\t<div class=\"length long\">\n\t\t\t\t\t\t\t\t<span>Over 500ft\/150m<\/span>\n\t\t\t\t\t\t\t<\/div>\n\t\t\t\t\t\t<\/li>\n\t\t\t\t\t\t\t\t\t\t\t<\/ul>\n\n\t\t\t\t<\/div>\n\t\t\t<\/div>\n\t\t\t\t\t<\/div>\n\t<\/div>\n\n","protected":false},"excerpt":{"rendered":"<p>Tuneladoras Optimice la producci\u00f3n de su tuneladora Los rendimientos de perforaci\u00f3n de un t\u00fanel se ven frecuentemente limitados por la velocidad de evacuaci\u00f3n del escombro y por el suministro a la tuneladora de los materiales necesarios para la construcci\u00f3n del mismo. El sistema back-up o equipo de rezaga tiene en este punto tanta importancia como [&hellip;]<\/p>\n","protected":false},"author":2,"featured_media":6314,"parent":6201,"menu_order":6,"comment_status":"closed","ping_status":"closed","template":"single-mcm_project.php","meta":{"_acf_changed":false,"footnotes":"","_links_to":"","_links_to_target":""},"class_list":["post-6219","page","type-page","status-publish","has-post-thumbnail","hentry"],"acf":[],"yoast_head":"<!-- This site is optimized with the Yoast SEO plugin v27.3 - https:\/\/yoast.com\/product\/yoast-seo-wordpress\/ -->\n<title>SISTEMAS BACK-UP - Robbins<\/title>\n<meta name=\"robots\" content=\"index, follow, max-snippet:-1, max-image-preview:large, max-video-preview:-1\" \/>\n<link rel=\"canonical\" href=\"https:\/\/www.robbinstbm.com\/es\/neustros-productos\/tunnel-boring-machines\/sistemas-back-up\/\" \/>\n<meta property=\"og:locale\" content=\"es_ES\" \/>\n<meta property=\"og:type\" content=\"article\" \/>\n<meta property=\"og:title\" content=\"SISTEMAS BACK-UP - Robbins\" \/>\n<meta property=\"og:description\" content=\"Tuneladoras Optimice la producci\u00f3n de su tuneladora Los rendimientos de perforaci\u00f3n de un t\u00fanel se ven frecuentemente limitados por la velocidad de evacuaci\u00f3n del escombro y por el suministro a la tuneladora de los materiales necesarios para la construcci\u00f3n del mismo. El sistema back-up o equipo de rezaga tiene en este punto tanta importancia como [&hellip;]\" \/>\n<meta property=\"og:url\" content=\"https:\/\/www.robbinstbm.com\/es\/neustros-productos\/tunnel-boring-machines\/sistemas-back-up\/\" \/>\n<meta property=\"og:site_name\" content=\"Robbins\" \/>\n<meta property=\"article:modified_time\" content=\"2018-03-16T22:57:17+00:00\" \/>\n<meta property=\"og:image\" content=\"https:\/\/www.robbinstbm.com\/wp-content\/uploads\/2017\/04\/Block-6_BackUpSystems-1.jpg\" \/>\n\t<meta property=\"og:image:width\" content=\"600\" \/>\n\t<meta property=\"og:image:height\" content=\"600\" \/>\n\t<meta property=\"og:image:type\" content=\"image\/jpeg\" \/>\n<meta name=\"twitter:card\" content=\"summary_large_image\" \/>\n<meta name=\"twitter:site\" content=\"@Robbins_Co\" \/>\n<meta name=\"twitter:label1\" content=\"Est. reading time\" \/>\n\t<meta name=\"twitter:data1\" content=\"3 minutes\" \/>\n<script type=\"application\/ld+json\" class=\"yoast-schema-graph\">{\"@context\":\"https:\\\/\\\/schema.org\",\"@graph\":[{\"@type\":\"WebPage\",\"@id\":\"https:\\\/\\\/www.robbinstbm.com\\\/es\\\/neustros-productos\\\/tunnel-boring-machines\\\/sistemas-back-up\\\/\",\"url\":\"https:\\\/\\\/www.robbinstbm.com\\\/es\\\/neustros-productos\\\/tunnel-boring-machines\\\/sistemas-back-up\\\/\",\"name\":\"SISTEMAS BACK-UP - Robbins\",\"isPartOf\":{\"@id\":\"https:\\\/\\\/www.robbinstbm.com\\\/#website\"},\"primaryImageOfPage\":{\"@id\":\"https:\\\/\\\/www.robbinstbm.com\\\/es\\\/neustros-productos\\\/tunnel-boring-machines\\\/sistemas-back-up\\\/#primaryimage\"},\"image\":{\"@id\":\"https:\\\/\\\/www.robbinstbm.com\\\/es\\\/neustros-productos\\\/tunnel-boring-machines\\\/sistemas-back-up\\\/#primaryimage\"},\"thumbnailUrl\":\"https:\\\/\\\/www.robbinstbm.com\\\/wp-content\\\/uploads\\\/2017\\\/04\\\/Block-6_BackUpSystems-1.jpg\",\"datePublished\":\"2017-04-07T06:26:56+00:00\",\"dateModified\":\"2018-03-16T22:57:17+00:00\",\"breadcrumb\":{\"@id\":\"https:\\\/\\\/www.robbinstbm.com\\\/es\\\/neustros-productos\\\/tunnel-boring-machines\\\/sistemas-back-up\\\/#breadcrumb\"},\"inLanguage\":\"es-ES\",\"potentialAction\":[{\"@type\":\"ReadAction\",\"target\":[\"https:\\\/\\\/www.robbinstbm.com\\\/es\\\/neustros-productos\\\/tunnel-boring-machines\\\/sistemas-back-up\\\/\"]}]},{\"@type\":\"ImageObject\",\"inLanguage\":\"es-ES\",\"@id\":\"https:\\\/\\\/www.robbinstbm.com\\\/es\\\/neustros-productos\\\/tunnel-boring-machines\\\/sistemas-back-up\\\/#primaryimage\",\"url\":\"https:\\\/\\\/www.robbinstbm.com\\\/wp-content\\\/uploads\\\/2017\\\/04\\\/Block-6_BackUpSystems-1.jpg\",\"contentUrl\":\"https:\\\/\\\/www.robbinstbm.com\\\/wp-content\\\/uploads\\\/2017\\\/04\\\/Block-6_BackUpSystems-1.jpg\",\"width\":600,\"height\":600},{\"@type\":\"BreadcrumbList\",\"@id\":\"https:\\\/\\\/www.robbinstbm.com\\\/es\\\/neustros-productos\\\/tunnel-boring-machines\\\/sistemas-back-up\\\/#breadcrumb\",\"itemListElement\":[{\"@type\":\"ListItem\",\"position\":1,\"name\":\"Home\",\"item\":\"https:\\\/\\\/www.robbinstbm.com\\\/es\\\/\"},{\"@type\":\"ListItem\",\"position\":2,\"name\":\"Productos\",\"item\":\"https:\\\/\\\/www.robbinstbm.com\\\/es\\\/neustros-productos\\\/\"},{\"@type\":\"ListItem\",\"position\":3,\"name\":\"TUNELADORAS\",\"item\":\"https:\\\/\\\/www.robbinstbm.com\\\/es\\\/neustros-productos\\\/tunnel-boring-machines\\\/\"},{\"@type\":\"ListItem\",\"position\":4,\"name\":\"SISTEMAS BACK-UP\"}]},{\"@type\":\"WebSite\",\"@id\":\"https:\\\/\\\/www.robbinstbm.com\\\/#website\",\"url\":\"https:\\\/\\\/www.robbinstbm.com\\\/\",\"name\":\"Robbins\",\"description\":\"Reliable | Responsive\",\"publisher\":{\"@id\":\"https:\\\/\\\/www.robbinstbm.com\\\/#organization\"},\"potentialAction\":[{\"@type\":\"SearchAction\",\"target\":{\"@type\":\"EntryPoint\",\"urlTemplate\":\"https:\\\/\\\/www.robbinstbm.com\\\/?s={search_term_string}\"},\"query-input\":{\"@type\":\"PropertyValueSpecification\",\"valueRequired\":true,\"valueName\":\"search_term_string\"}}],\"inLanguage\":\"es-ES\"},{\"@type\":\"Organization\",\"@id\":\"https:\\\/\\\/www.robbinstbm.com\\\/#organization\",\"name\":\"Robbins\",\"url\":\"https:\\\/\\\/www.robbinstbm.com\\\/\",\"logo\":{\"@type\":\"ImageObject\",\"inLanguage\":\"es-ES\",\"@id\":\"https:\\\/\\\/www.robbinstbm.com\\\/#\\\/schema\\\/logo\\\/image\\\/\",\"url\":\"https:\\\/\\\/www.robbinstbm.com\\\/wp-content\\\/uploads\\\/2021\\\/02\\\/RobbinsLogoColor_Small-Converted-scaled.jpg\",\"contentUrl\":\"https:\\\/\\\/www.robbinstbm.com\\\/wp-content\\\/uploads\\\/2021\\\/02\\\/RobbinsLogoColor_Small-Converted-scaled.jpg\",\"width\":2560,\"height\":929,\"caption\":\"Robbins\"},\"image\":{\"@id\":\"https:\\\/\\\/www.robbinstbm.com\\\/#\\\/schema\\\/logo\\\/image\\\/\"},\"sameAs\":[\"https:\\\/\\\/x.com\\\/Robbins_Co\",\"https:\\\/\\\/www.instagram.com\\\/therobbinscompany\\\/\",\"https:\\\/\\\/www.linkedin.com\\\/groups\\\/4246982\\\/\",\"http:\\\/\\\/www.youtube.com\\\/user\\\/TheRobbinsCo\"]}]}<\/script>\n<!-- \/ Yoast SEO plugin. -->","yoast_head_json":{"title":"SISTEMAS BACK-UP - Robbins","robots":{"index":"index","follow":"follow","max-snippet":"max-snippet:-1","max-image-preview":"max-image-preview:large","max-video-preview":"max-video-preview:-1"},"canonical":"https:\/\/www.robbinstbm.com\/es\/neustros-productos\/tunnel-boring-machines\/sistemas-back-up\/","og_locale":"es_ES","og_type":"article","og_title":"SISTEMAS BACK-UP - Robbins","og_description":"Tuneladoras Optimice la producci\u00f3n de su tuneladora Los rendimientos de perforaci\u00f3n de un t\u00fanel se ven frecuentemente limitados por la velocidad de evacuaci\u00f3n del escombro y por el suministro a la tuneladora de los materiales necesarios para la construcci\u00f3n del mismo. El sistema back-up o equipo de rezaga tiene en este punto tanta importancia como [&hellip;]","og_url":"https:\/\/www.robbinstbm.com\/es\/neustros-productos\/tunnel-boring-machines\/sistemas-back-up\/","og_site_name":"Robbins","article_modified_time":"2018-03-16T22:57:17+00:00","og_image":[{"width":600,"height":600,"url":"https:\/\/www.robbinstbm.com\/wp-content\/uploads\/2017\/04\/Block-6_BackUpSystems-1.jpg","type":"image\/jpeg"}],"twitter_card":"summary_large_image","twitter_site":"@Robbins_Co","twitter_misc":{"Est. reading time":"3 minutes"},"schema":{"@context":"https:\/\/schema.org","@graph":[{"@type":"WebPage","@id":"https:\/\/www.robbinstbm.com\/es\/neustros-productos\/tunnel-boring-machines\/sistemas-back-up\/","url":"https:\/\/www.robbinstbm.com\/es\/neustros-productos\/tunnel-boring-machines\/sistemas-back-up\/","name":"SISTEMAS BACK-UP - Robbins","isPartOf":{"@id":"https:\/\/www.robbinstbm.com\/#website"},"primaryImageOfPage":{"@id":"https:\/\/www.robbinstbm.com\/es\/neustros-productos\/tunnel-boring-machines\/sistemas-back-up\/#primaryimage"},"image":{"@id":"https:\/\/www.robbinstbm.com\/es\/neustros-productos\/tunnel-boring-machines\/sistemas-back-up\/#primaryimage"},"thumbnailUrl":"https:\/\/www.robbinstbm.com\/wp-content\/uploads\/2017\/04\/Block-6_BackUpSystems-1.jpg","datePublished":"2017-04-07T06:26:56+00:00","dateModified":"2018-03-16T22:57:17+00:00","breadcrumb":{"@id":"https:\/\/www.robbinstbm.com\/es\/neustros-productos\/tunnel-boring-machines\/sistemas-back-up\/#breadcrumb"},"inLanguage":"es-ES","potentialAction":[{"@type":"ReadAction","target":["https:\/\/www.robbinstbm.com\/es\/neustros-productos\/tunnel-boring-machines\/sistemas-back-up\/"]}]},{"@type":"ImageObject","inLanguage":"es-ES","@id":"https:\/\/www.robbinstbm.com\/es\/neustros-productos\/tunnel-boring-machines\/sistemas-back-up\/#primaryimage","url":"https:\/\/www.robbinstbm.com\/wp-content\/uploads\/2017\/04\/Block-6_BackUpSystems-1.jpg","contentUrl":"https:\/\/www.robbinstbm.com\/wp-content\/uploads\/2017\/04\/Block-6_BackUpSystems-1.jpg","width":600,"height":600},{"@type":"BreadcrumbList","@id":"https:\/\/www.robbinstbm.com\/es\/neustros-productos\/tunnel-boring-machines\/sistemas-back-up\/#breadcrumb","itemListElement":[{"@type":"ListItem","position":1,"name":"Home","item":"https:\/\/www.robbinstbm.com\/es\/"},{"@type":"ListItem","position":2,"name":"Productos","item":"https:\/\/www.robbinstbm.com\/es\/neustros-productos\/"},{"@type":"ListItem","position":3,"name":"TUNELADORAS","item":"https:\/\/www.robbinstbm.com\/es\/neustros-productos\/tunnel-boring-machines\/"},{"@type":"ListItem","position":4,"name":"SISTEMAS BACK-UP"}]},{"@type":"WebSite","@id":"https:\/\/www.robbinstbm.com\/#website","url":"https:\/\/www.robbinstbm.com\/","name":"Robbins","description":"Reliable | Responsive","publisher":{"@id":"https:\/\/www.robbinstbm.com\/#organization"},"potentialAction":[{"@type":"SearchAction","target":{"@type":"EntryPoint","urlTemplate":"https:\/\/www.robbinstbm.com\/?s={search_term_string}"},"query-input":{"@type":"PropertyValueSpecification","valueRequired":true,"valueName":"search_term_string"}}],"inLanguage":"es-ES"},{"@type":"Organization","@id":"https:\/\/www.robbinstbm.com\/#organization","name":"Robbins","url":"https:\/\/www.robbinstbm.com\/","logo":{"@type":"ImageObject","inLanguage":"es-ES","@id":"https:\/\/www.robbinstbm.com\/#\/schema\/logo\/image\/","url":"https:\/\/www.robbinstbm.com\/wp-content\/uploads\/2021\/02\/RobbinsLogoColor_Small-Converted-scaled.jpg","contentUrl":"https:\/\/www.robbinstbm.com\/wp-content\/uploads\/2021\/02\/RobbinsLogoColor_Small-Converted-scaled.jpg","width":2560,"height":929,"caption":"Robbins"},"image":{"@id":"https:\/\/www.robbinstbm.com\/#\/schema\/logo\/image\/"},"sameAs":["https:\/\/x.com\/Robbins_Co","https:\/\/www.instagram.com\/therobbinscompany\/","https:\/\/www.linkedin.com\/groups\/4246982\/","http:\/\/www.youtube.com\/user\/TheRobbinsCo"]}]}},"_links":{"self":[{"href":"https:\/\/www.robbinstbm.com\/es\/wp-json\/wp\/v2\/pages\/6219","targetHints":{"allow":["GET"]}}],"collection":[{"href":"https:\/\/www.robbinstbm.com\/es\/wp-json\/wp\/v2\/pages"}],"about":[{"href":"https:\/\/www.robbinstbm.com\/es\/wp-json\/wp\/v2\/types\/page"}],"author":[{"embeddable":true,"href":"https:\/\/www.robbinstbm.com\/es\/wp-json\/wp\/v2\/users\/2"}],"replies":[{"embeddable":true,"href":"https:\/\/www.robbinstbm.com\/es\/wp-json\/wp\/v2\/comments?post=6219"}],"version-history":[{"count":0,"href":"https:\/\/www.robbinstbm.com\/es\/wp-json\/wp\/v2\/pages\/6219\/revisions"}],"up":[{"embeddable":true,"href":"https:\/\/www.robbinstbm.com\/es\/wp-json\/wp\/v2\/pages\/6201"}],"wp:featuredmedia":[{"embeddable":true,"href":"https:\/\/www.robbinstbm.com\/es\/wp-json\/wp\/v2\/media\/6314"}],"wp:attachment":[{"href":"https:\/\/www.robbinstbm.com\/es\/wp-json\/wp\/v2\/media?parent=6219"}],"curies":[{"name":"wp","href":"https:\/\/api.w.org\/{rel}","templated":true}]}}