{"id":6225,"date":"2017-04-06T14:47:39","date_gmt":"2017-04-06T21:47:39","guid":{"rendered":"http:\/\/robbinstbm.com\/neustros-productos\/conveyors\/"},"modified":"2018-04-26T13:40:13","modified_gmt":"2018-04-26T20:40:13","slug":"conveyors","status":"publish","type":"page","link":"https:\/\/www.robbinstbm.com\/es\/neustros-productos\/conveyors\/","title":{"rendered":"CINTAS TRANSPORTADORAS"},"content":{"rendered":"<h1>La perforaci\u00f3n r\u00e1pida de t\u00faneles requiere una evacuaci\u00f3n r\u00e1pida de escombros.<\/h1>\n<p>El tiempo es un factor clave en todos los proyectos de t\u00fanel. Si no se cumplen los plazos previstos, lo m\u00e1s probable es que el presupuesto tambi\u00e9n se vea afectado. A continuaci\u00f3n le explicaremos de qu\u00e9 manera los sistemas de cinta transportadora Robbins pueden ayudarle a lograr su objetivo.<\/p>\n<p><img loading=\"lazy\" decoding=\"async\" class=\"size-large wp-image-8394 aligncenter\" src=\"https:\/\/www.robbinstbm.com\/wp-content\/uploads\/2017\/04\/W.Virginia-Select-Photos-34-1024x683.jpg\" alt=\"\" width=\"1024\" height=\"683\" srcset=\"https:\/\/www.robbinstbm.com\/wp-content\/uploads\/2017\/04\/W.Virginia-Select-Photos-34-1024x683.jpg 1024w, https:\/\/www.robbinstbm.com\/wp-content\/uploads\/2017\/04\/W.Virginia-Select-Photos-34-300x200.jpg 300w, https:\/\/www.robbinstbm.com\/wp-content\/uploads\/2017\/04\/W.Virginia-Select-Photos-34-768x512.jpg 768w\" sizes=\"auto, (max-width: 1024px) 100vw, 1024px\" \/><\/p>\n<p>Hoy en d\u00eda, los contratistas exigen tuneladoras cada vez m\u00e1s r\u00e1pidas para garantizar el cumplimiento del calendario de perforaci\u00f3n y las tuneladoras Robbins de Alto Rendimiento (HP-TBMs\u2122) aportan la velocidad necesaria para terminar el t\u00fanel a tiempo. La perforaci\u00f3n a alta velocidad hace que la evacuaci\u00f3n de la roca perforada, lo que llamamos escombro, al exterior del t\u00fanel represente un reto mucho m\u00e1s grande en la actualidad. Los trenes de escombro deben disponer de altas velocidades y capacidades volum\u00e9tricas para acomodarse a los \u00edndices de producci\u00f3n de las tuneladoras modernas pero, incluso con los mejores trenes disponibles, la log\u00edstica que conlleva mantener un sistema de m\u00faltiples trenes a alta velocidad sin contratiempos representa una tarea de gesti\u00f3n de enorme complejidad, que adem\u00e1s requiere una gran cantidad de operarios y personal de mantenimiento.<\/p>\n<p>Las cintas transportadoras Robbins de avance continuo est\u00e1n dise\u00f1adas para incrementar la eficacia de la evacuaci\u00f3n de escombro y simplificar de manera rotunda la log\u00edstica de los trabajos de construcci\u00f3n del t\u00fanel. Con un sistema fiable de cinta acarreando continuamente el escombro al exterior del t\u00fanel, solamente se necesitan los trenes para transportar al personal y materiales a la tuneladora. El uso de una cinta continua en su pr\u00f3ximo proyecto puede ofrecerle las siguientes ventajas:<\/p>\n<ul>\n<li>Menor n\u00famero de trenes y de menor tama\u00f1o<\/li>\n<li>Reduce las necesidades de ventilaci\u00f3n<\/li>\n<li>Ra\u00edles m\u00e1s ligeros<\/li>\n<li>Log\u00edstica de construcci\u00f3n del t\u00fanel mucho m\u00e1s sencilla<\/li>\n<li>Permite prescindir de los cambios californianos<\/li>\n<\/ul>\n<p>Las cintas continuas Robbins se han desempe\u00f1ado con \u00e9xito en m\u00e1s de 100 proyectos con TBM alrededor del mundo. Robbins ha construido m\u00e1s sistemas de cintas para TBM que cualquier otro fabricante de TBMs. Nuestras cintas son capaces de transportar m\u00e1s de una tonelada de escombro a la hora a trav\u00e9s de kil\u00f3metros de t\u00faneles sinuosos, elevarla al exterior por un pozo de 200 m de profundidad y transportarla en superficie hasta una cinta repartidora que la deposita en una escombrera con capacidad de acopiar el material producto de varios d\u00edas de excavaci\u00f3n del t\u00fanel. Robbins puede suministrar todos los tipos de cinta necesarios para su proyecto. Para conocer mejor las cintas Robbins, siga los siguientes enlaces:<\/p>\n","protected":false},"excerpt":{"rendered":"<p>La perforaci\u00f3n r\u00e1pida de t\u00faneles requiere una evacuaci\u00f3n r\u00e1pida de escombros. El tiempo es un factor clave en todos los proyectos de t\u00fanel. Si no se cumplen los plazos previstos, lo m\u00e1s probable es que el presupuesto tambi\u00e9n se vea afectado. A continuaci\u00f3n le explicaremos de qu\u00e9 manera los sistemas de cinta transportadora Robbins pueden [&hellip;]<\/p>\n","protected":false},"author":2,"featured_media":7191,"parent":5983,"menu_order":2,"comment_status":"closed","ping_status":"closed","template":"","meta":{"_acf_changed":false,"footnotes":"","_links_to":"","_links_to_target":""},"class_list":["post-6225","page","type-page","status-publish","has-post-thumbnail","hentry"],"acf":[],"yoast_head":"<!-- This site is optimized with the Yoast SEO plugin v27.5 - https:\/\/yoast.com\/product\/yoast-seo-wordpress\/ -->\n<title>CINTAS TRANSPORTADORAS - Robbins<\/title>\n<meta name=\"robots\" content=\"index, follow, max-snippet:-1, max-image-preview:large, max-video-preview:-1\" \/>\n<link rel=\"canonical\" href=\"https:\/\/www.robbinstbm.com\/es\/neustros-productos\/conveyors\/\" \/>\n<meta property=\"og:locale\" content=\"es_ES\" \/>\n<meta property=\"og:type\" content=\"article\" \/>\n<meta property=\"og:title\" content=\"CINTAS TRANSPORTADORAS - Robbins\" \/>\n<meta property=\"og:description\" content=\"La perforaci\u00f3n r\u00e1pida de t\u00faneles requiere una evacuaci\u00f3n r\u00e1pida de escombros. El tiempo es un factor clave en todos los proyectos de t\u00fanel. Si no se cumplen los plazos previstos, lo m\u00e1s probable es que el presupuesto tambi\u00e9n se vea afectado. A continuaci\u00f3n le explicaremos de qu\u00e9 manera los sistemas de cinta transportadora Robbins pueden [&hellip;]\" \/>\n<meta property=\"og:url\" content=\"https:\/\/www.robbinstbm.com\/es\/neustros-productos\/conveyors\/\" \/>\n<meta property=\"og:site_name\" content=\"Robbins\" \/>\n<meta property=\"article:modified_time\" content=\"2018-04-26T20:40:13+00:00\" \/>\n<meta property=\"og:image\" content=\"https:\/\/www.robbinstbm.com\/wp-content\/uploads\/2017\/04\/Conveyor_5-Booster-Drives.jpg\" \/>\n\t<meta property=\"og:image:width\" content=\"2000\" \/>\n\t<meta property=\"og:image:height\" content=\"1331\" \/>\n\t<meta property=\"og:image:type\" content=\"image\/jpeg\" \/>\n<meta name=\"twitter:card\" content=\"summary_large_image\" \/>\n<meta name=\"twitter:site\" content=\"@Robbins_Co\" \/>\n<meta name=\"twitter:label1\" content=\"Est. reading time\" \/>\n\t<meta name=\"twitter:data1\" content=\"2 minutes\" \/>\n<script type=\"application\/ld+json\" class=\"yoast-schema-graph\">{\"@context\":\"https:\\\/\\\/schema.org\",\"@graph\":[{\"@type\":\"WebPage\",\"@id\":\"https:\\\/\\\/www.robbinstbm.com\\\/es\\\/neustros-productos\\\/conveyors\\\/\",\"url\":\"https:\\\/\\\/www.robbinstbm.com\\\/es\\\/neustros-productos\\\/conveyors\\\/\",\"name\":\"CINTAS TRANSPORTADORAS - Robbins\",\"isPartOf\":{\"@id\":\"https:\\\/\\\/www.robbinstbm.com\\\/#website\"},\"primaryImageOfPage\":{\"@id\":\"https:\\\/\\\/www.robbinstbm.com\\\/es\\\/neustros-productos\\\/conveyors\\\/#primaryimage\"},\"image\":{\"@id\":\"https:\\\/\\\/www.robbinstbm.com\\\/es\\\/neustros-productos\\\/conveyors\\\/#primaryimage\"},\"thumbnailUrl\":\"https:\\\/\\\/www.robbinstbm.com\\\/wp-content\\\/uploads\\\/2017\\\/04\\\/Conveyor_5-Booster-Drives.jpg\",\"datePublished\":\"2017-04-06T21:47:39+00:00\",\"dateModified\":\"2018-04-26T20:40:13+00:00\",\"breadcrumb\":{\"@id\":\"https:\\\/\\\/www.robbinstbm.com\\\/es\\\/neustros-productos\\\/conveyors\\\/#breadcrumb\"},\"inLanguage\":\"es-ES\",\"potentialAction\":[{\"@type\":\"ReadAction\",\"target\":[\"https:\\\/\\\/www.robbinstbm.com\\\/es\\\/neustros-productos\\\/conveyors\\\/\"]}]},{\"@type\":\"ImageObject\",\"inLanguage\":\"es-ES\",\"@id\":\"https:\\\/\\\/www.robbinstbm.com\\\/es\\\/neustros-productos\\\/conveyors\\\/#primaryimage\",\"url\":\"https:\\\/\\\/www.robbinstbm.com\\\/wp-content\\\/uploads\\\/2017\\\/04\\\/Conveyor_5-Booster-Drives.jpg\",\"contentUrl\":\"https:\\\/\\\/www.robbinstbm.com\\\/wp-content\\\/uploads\\\/2017\\\/04\\\/Conveyor_5-Booster-Drives.jpg\",\"width\":2000,\"height\":1331},{\"@type\":\"BreadcrumbList\",\"@id\":\"https:\\\/\\\/www.robbinstbm.com\\\/es\\\/neustros-productos\\\/conveyors\\\/#breadcrumb\",\"itemListElement\":[{\"@type\":\"ListItem\",\"position\":1,\"name\":\"Home\",\"item\":\"https:\\\/\\\/www.robbinstbm.com\\\/es\\\/\"},{\"@type\":\"ListItem\",\"position\":2,\"name\":\"Productos\",\"item\":\"https:\\\/\\\/www.robbinstbm.com\\\/es\\\/neustros-productos\\\/\"},{\"@type\":\"ListItem\",\"position\":3,\"name\":\"CINTAS TRANSPORTADORAS\"}]},{\"@type\":\"WebSite\",\"@id\":\"https:\\\/\\\/www.robbinstbm.com\\\/#website\",\"url\":\"https:\\\/\\\/www.robbinstbm.com\\\/\",\"name\":\"Robbins\",\"description\":\"Reliable | Responsive\",\"publisher\":{\"@id\":\"https:\\\/\\\/www.robbinstbm.com\\\/#organization\"},\"potentialAction\":[{\"@type\":\"SearchAction\",\"target\":{\"@type\":\"EntryPoint\",\"urlTemplate\":\"https:\\\/\\\/www.robbinstbm.com\\\/?s={search_term_string}\"},\"query-input\":{\"@type\":\"PropertyValueSpecification\",\"valueRequired\":true,\"valueName\":\"search_term_string\"}}],\"inLanguage\":\"es-ES\"},{\"@type\":\"Organization\",\"@id\":\"https:\\\/\\\/www.robbinstbm.com\\\/#organization\",\"name\":\"Robbins\",\"url\":\"https:\\\/\\\/www.robbinstbm.com\\\/\",\"logo\":{\"@type\":\"ImageObject\",\"inLanguage\":\"es-ES\",\"@id\":\"https:\\\/\\\/www.robbinstbm.com\\\/#\\\/schema\\\/logo\\\/image\\\/\",\"url\":\"https:\\\/\\\/www.robbinstbm.com\\\/wp-content\\\/uploads\\\/2021\\\/02\\\/RobbinsLogoColor_Small-Converted-scaled.jpg\",\"contentUrl\":\"https:\\\/\\\/www.robbinstbm.com\\\/wp-content\\\/uploads\\\/2021\\\/02\\\/RobbinsLogoColor_Small-Converted-scaled.jpg\",\"width\":2560,\"height\":929,\"caption\":\"Robbins\"},\"image\":{\"@id\":\"https:\\\/\\\/www.robbinstbm.com\\\/#\\\/schema\\\/logo\\\/image\\\/\"},\"sameAs\":[\"https:\\\/\\\/x.com\\\/Robbins_Co\",\"https:\\\/\\\/www.instagram.com\\\/therobbinscompany\\\/\",\"https:\\\/\\\/www.linkedin.com\\\/groups\\\/4246982\\\/\",\"http:\\\/\\\/www.youtube.com\\\/user\\\/TheRobbinsCo\"]}]}<\/script>\n<!-- \/ Yoast SEO plugin. -->","yoast_head_json":{"title":"CINTAS TRANSPORTADORAS - Robbins","robots":{"index":"index","follow":"follow","max-snippet":"max-snippet:-1","max-image-preview":"max-image-preview:large","max-video-preview":"max-video-preview:-1"},"canonical":"https:\/\/www.robbinstbm.com\/es\/neustros-productos\/conveyors\/","og_locale":"es_ES","og_type":"article","og_title":"CINTAS TRANSPORTADORAS - Robbins","og_description":"La perforaci\u00f3n r\u00e1pida de t\u00faneles requiere una evacuaci\u00f3n r\u00e1pida de escombros. El tiempo es un factor clave en todos los proyectos de t\u00fanel. Si no se cumplen los plazos previstos, lo m\u00e1s probable es que el presupuesto tambi\u00e9n se vea afectado. A continuaci\u00f3n le explicaremos de qu\u00e9 manera los sistemas de cinta transportadora Robbins pueden [&hellip;]","og_url":"https:\/\/www.robbinstbm.com\/es\/neustros-productos\/conveyors\/","og_site_name":"Robbins","article_modified_time":"2018-04-26T20:40:13+00:00","og_image":[{"width":2000,"height":1331,"url":"https:\/\/www.robbinstbm.com\/wp-content\/uploads\/2017\/04\/Conveyor_5-Booster-Drives.jpg","type":"image\/jpeg"}],"twitter_card":"summary_large_image","twitter_site":"@Robbins_Co","twitter_misc":{"Est. reading time":"2 minutes"},"schema":{"@context":"https:\/\/schema.org","@graph":[{"@type":"WebPage","@id":"https:\/\/www.robbinstbm.com\/es\/neustros-productos\/conveyors\/","url":"https:\/\/www.robbinstbm.com\/es\/neustros-productos\/conveyors\/","name":"CINTAS TRANSPORTADORAS - Robbins","isPartOf":{"@id":"https:\/\/www.robbinstbm.com\/#website"},"primaryImageOfPage":{"@id":"https:\/\/www.robbinstbm.com\/es\/neustros-productos\/conveyors\/#primaryimage"},"image":{"@id":"https:\/\/www.robbinstbm.com\/es\/neustros-productos\/conveyors\/#primaryimage"},"thumbnailUrl":"https:\/\/www.robbinstbm.com\/wp-content\/uploads\/2017\/04\/Conveyor_5-Booster-Drives.jpg","datePublished":"2017-04-06T21:47:39+00:00","dateModified":"2018-04-26T20:40:13+00:00","breadcrumb":{"@id":"https:\/\/www.robbinstbm.com\/es\/neustros-productos\/conveyors\/#breadcrumb"},"inLanguage":"es-ES","potentialAction":[{"@type":"ReadAction","target":["https:\/\/www.robbinstbm.com\/es\/neustros-productos\/conveyors\/"]}]},{"@type":"ImageObject","inLanguage":"es-ES","@id":"https:\/\/www.robbinstbm.com\/es\/neustros-productos\/conveyors\/#primaryimage","url":"https:\/\/www.robbinstbm.com\/wp-content\/uploads\/2017\/04\/Conveyor_5-Booster-Drives.jpg","contentUrl":"https:\/\/www.robbinstbm.com\/wp-content\/uploads\/2017\/04\/Conveyor_5-Booster-Drives.jpg","width":2000,"height":1331},{"@type":"BreadcrumbList","@id":"https:\/\/www.robbinstbm.com\/es\/neustros-productos\/conveyors\/#breadcrumb","itemListElement":[{"@type":"ListItem","position":1,"name":"Home","item":"https:\/\/www.robbinstbm.com\/es\/"},{"@type":"ListItem","position":2,"name":"Productos","item":"https:\/\/www.robbinstbm.com\/es\/neustros-productos\/"},{"@type":"ListItem","position":3,"name":"CINTAS TRANSPORTADORAS"}]},{"@type":"WebSite","@id":"https:\/\/www.robbinstbm.com\/#website","url":"https:\/\/www.robbinstbm.com\/","name":"Robbins","description":"Reliable | Responsive","publisher":{"@id":"https:\/\/www.robbinstbm.com\/#organization"},"potentialAction":[{"@type":"SearchAction","target":{"@type":"EntryPoint","urlTemplate":"https:\/\/www.robbinstbm.com\/?s={search_term_string}"},"query-input":{"@type":"PropertyValueSpecification","valueRequired":true,"valueName":"search_term_string"}}],"inLanguage":"es-ES"},{"@type":"Organization","@id":"https:\/\/www.robbinstbm.com\/#organization","name":"Robbins","url":"https:\/\/www.robbinstbm.com\/","logo":{"@type":"ImageObject","inLanguage":"es-ES","@id":"https:\/\/www.robbinstbm.com\/#\/schema\/logo\/image\/","url":"https:\/\/www.robbinstbm.com\/wp-content\/uploads\/2021\/02\/RobbinsLogoColor_Small-Converted-scaled.jpg","contentUrl":"https:\/\/www.robbinstbm.com\/wp-content\/uploads\/2021\/02\/RobbinsLogoColor_Small-Converted-scaled.jpg","width":2560,"height":929,"caption":"Robbins"},"image":{"@id":"https:\/\/www.robbinstbm.com\/#\/schema\/logo\/image\/"},"sameAs":["https:\/\/x.com\/Robbins_Co","https:\/\/www.instagram.com\/therobbinscompany\/","https:\/\/www.linkedin.com\/groups\/4246982\/","http:\/\/www.youtube.com\/user\/TheRobbinsCo"]}]}},"_links":{"self":[{"href":"https:\/\/www.robbinstbm.com\/es\/wp-json\/wp\/v2\/pages\/6225","targetHints":{"allow":["GET"]}}],"collection":[{"href":"https:\/\/www.robbinstbm.com\/es\/wp-json\/wp\/v2\/pages"}],"about":[{"href":"https:\/\/www.robbinstbm.com\/es\/wp-json\/wp\/v2\/types\/page"}],"author":[{"embeddable":true,"href":"https:\/\/www.robbinstbm.com\/es\/wp-json\/wp\/v2\/users\/2"}],"replies":[{"embeddable":true,"href":"https:\/\/www.robbinstbm.com\/es\/wp-json\/wp\/v2\/comments?post=6225"}],"version-history":[{"count":0,"href":"https:\/\/www.robbinstbm.com\/es\/wp-json\/wp\/v2\/pages\/6225\/revisions"}],"up":[{"embeddable":true,"href":"https:\/\/www.robbinstbm.com\/es\/wp-json\/wp\/v2\/pages\/5983"}],"wp:featuredmedia":[{"embeddable":true,"href":"https:\/\/www.robbinstbm.com\/es\/wp-json\/wp\/v2\/media\/7191"}],"wp:attachment":[{"href":"https:\/\/www.robbinstbm.com\/es\/wp-json\/wp\/v2\/media?parent=6225"}],"curies":[{"name":"wp","href":"https:\/\/api.w.org\/{rel}","templated":true}]}}