{"id":6228,"date":"2017-04-06T23:35:03","date_gmt":"2017-04-07T06:35:03","guid":{"rendered":"http:\/\/robbinstbm.com\/neustros-productos\/conveyors\/conveyor-components\/"},"modified":"2018-04-26T13:43:01","modified_gmt":"2018-04-26T20:43:01","slug":"conveyor-components","status":"publish","type":"page","link":"https:\/\/www.robbinstbm.com\/es\/neustros-productos\/conveyors\/conveyor-components\/","title":{"rendered":"COMPONENTES DE CINTAS"},"content":{"rendered":"<h2>Sistemas Robbins de cinta transportadora de prolongaci\u00f3n continua<\/h2>\n<p>Los ingenieros de Robbins dise\u00f1an sistemas fiables para extraer escombros tanto de t\u00faneles rectos como con m\u00faltiples curvas. Los sistemas de cinta Robbins incluyen siempre un accionamiento principal, una pieza de cola de avance de cinta y un <em>cassette<\/em> de almacenamiento de banda, lo cual es suficiente para la mayor\u00eda de t\u00faneles rectos.<\/p>\n<p>Cuando el t\u00fanel incluye tramos en curva, es fundamental mantener una tensi\u00f3n baja en la banda para que esta se alinee correctamente en el paso de la curva. Los sistemas de accionamiento m\u00faltiple Robbins, resultantes de a\u00f1adir accionamientos intermedios a la cinta a medida que \u00e9sta se prolonga, mantienen la tensi\u00f3n de la banda en valores bajos independientemente de la longitud o el n\u00famero de curvas del t\u00fanel. Nuestros rodillos patentados sensibles a la carga y aptos para curvas sirven de gu\u00eda para la banda al tiempo que mantienen la capacidad m\u00e1xima de carga del sistema. El uso de una mesa de empalme de banda permite a\u00f1adir nuevos rollos de banda en el menor tiempo posible, con lo cual se completa el sistema de evacuaci\u00f3n de escombros m\u00e1s eficaz que pueda encontrarse hoy en d\u00eda.<\/p>\n<h3>PIEZA DE PROLONGACI\u00d3N DE COLA<\/h3>\n<p>El sistema de cinta de prolongaci\u00f3n continua Robbins solo necesita pararse para a\u00f1adir nuevos rollos de banda. Durante el resto del tiempo, el sistema funciona constantemente avanzando al mismo tiempo que la tuneladora. La pieza de prolongaci\u00f3n de cola dispone de una ventana de trabajo protegida desde cuyo interior pueden instalarse con seguridad los conjuntos de rodillos de cinta mientras que esta est\u00e1 en movimiento. La pieza de prolongaci\u00f3n de cola incluye el tambor de cola del sistema y va montada sobre cilindros hidr\u00e1ulicos, lo que permite la instalaci\u00f3n precisa de la cinta con respecto a la alineaci\u00f3n y la pendiente del t\u00fanel.<\/p>\n<p><img loading=\"lazy\" decoding=\"async\" class=\"aligncenter size-full wp-image-7186\" src=\"https:\/\/www.robbinstbm.com\/wp-content\/uploads\/2017\/04\/Conveyor_1-Advancing-Tail-Piece.jpg\" alt=\"\" width=\"2000\" height=\"1331\" srcset=\"https:\/\/www.robbinstbm.com\/wp-content\/uploads\/2017\/04\/Conveyor_1-Advancing-Tail-Piece.jpg 2000w, https:\/\/www.robbinstbm.com\/wp-content\/uploads\/2017\/04\/Conveyor_1-Advancing-Tail-Piece-300x200.jpg 300w, https:\/\/www.robbinstbm.com\/wp-content\/uploads\/2017\/04\/Conveyor_1-Advancing-Tail-Piece-768x511.jpg 768w, https:\/\/www.robbinstbm.com\/wp-content\/uploads\/2017\/04\/Conveyor_1-Advancing-Tail-Piece-1024x681.jpg 1024w\" sizes=\"auto, (max-width: 2000px) 100vw, 2000px\" \/><\/p>\n<p>El dise\u00f1o de la pieza de prolongaci\u00f3n de cola var\u00eda dependiendo de si el sistema se va a situar sobre la clave o sobre un hastial del t\u00fanel. Cuando el sistema se monta en un hastial de t\u00fanel, la instalaci\u00f3n de rodillos (exceptuando los rodillos de curva), largueros y elementos de sujeci\u00f3n se realiza por delante de la pieza de cola. Cuando el sistema de cinta se desea montar en clave, se cuelgan las sujeciones laterales y se instalan todos los rodillos desde el interior de la pieza de prolongaci\u00f3n.<\/p>\n<h3><em>CASSETTE<\/em> DE ALMACENAMIENTO DE BANDA<\/h3>\n<p>El dise\u00f1o de las <em>cassettes<\/em> de almacenamiento de banda se realiza espec\u00edficamente para cada proyecto, con la idea de maximizar la capacidad de acopio en funci\u00f3n de la disponibilidad de terreno en obra. La <em>cassette<\/em> puede instalarse tanto dentro del t\u00fanel como en su exterior y se suministra con capacidades de acopio de 300, 400 o 500 m de banda. Adem\u00e1s de almacenar la cinta, la <em>cassette<\/em> mantiene la tensi\u00f3n correcta en todo momento, ya sea en el arranque o en la parada del sistema, con la cinta llena o vac\u00eda.<\/p>\n<p>El uso de <em>cassettes<\/em> de almacenamiento y mesas de empalme en superficie minimiza el n\u00famero de trabajadores en subterr\u00e1neo, lo que supone un ahorro en los costes de operaci\u00f3n, una de las obsesiones de los ingenieros de Robbins.<\/p>\n<p><img loading=\"lazy\" decoding=\"async\" class=\"aligncenter size-full wp-image-7187\" src=\"https:\/\/www.robbinstbm.com\/wp-content\/uploads\/2017\/04\/Conveyor_2-Belt-Storage.jpg\" alt=\"\" width=\"1523\" height=\"1144\" srcset=\"https:\/\/www.robbinstbm.com\/wp-content\/uploads\/2017\/04\/Conveyor_2-Belt-Storage.jpg 1523w, https:\/\/www.robbinstbm.com\/wp-content\/uploads\/2017\/04\/Conveyor_2-Belt-Storage-300x225.jpg 300w, https:\/\/www.robbinstbm.com\/wp-content\/uploads\/2017\/04\/Conveyor_2-Belt-Storage-768x577.jpg 768w, https:\/\/www.robbinstbm.com\/wp-content\/uploads\/2017\/04\/Conveyor_2-Belt-Storage-1024x769.jpg 1024w\" sizes=\"auto, (max-width: 1523px) 100vw, 1523px\" \/><\/p>\n<h4><\/h4>\n<h4>MESA DE EMPALME DE BANDA<\/h4>\n<p>Con nuestros sistemas de cinta de prolongaci\u00f3n continua, solo ser\u00e1 necesario interrumpir la perforaci\u00f3n del t\u00fanel para a\u00f1adir un nuevo rollo de banda. Adem\u00e1s, las mesas de empalme de banda Robbins minimizan ese tiempo de parada, ya que permiten tener disponible en todo momento el rollo de repuesto en posici\u00f3n de instalaci\u00f3n y, utilizando empalmes mec\u00e1nicos, es posible instalar el nuevo rollo en menos de 1,5 h. Dado que no hay necesidad de vulcanizar los empalmes hasta el pr\u00f3ximo turno de mantenimiento de los equipos, la perforaci\u00f3n puede reanudarse inmediatamente tras la operaci\u00f3n de empalme.<\/p>\n<p><img loading=\"lazy\" decoding=\"async\" class=\"aligncenter size-full wp-image-7189\" src=\"https:\/\/www.robbinstbm.com\/wp-content\/uploads\/2017\/04\/Conveyor_3-Belt-Splice-Stand-e1496182762456.jpg\" alt=\"\" width=\"1000\" height=\"885\" srcset=\"https:\/\/www.robbinstbm.com\/wp-content\/uploads\/2017\/04\/Conveyor_3-Belt-Splice-Stand-e1496182762456.jpg 1000w, https:\/\/www.robbinstbm.com\/wp-content\/uploads\/2017\/04\/Conveyor_3-Belt-Splice-Stand-e1496182762456-300x266.jpg 300w, https:\/\/www.robbinstbm.com\/wp-content\/uploads\/2017\/04\/Conveyor_3-Belt-Splice-Stand-e1496182762456-768x680.jpg 768w\" sizes=\"auto, (max-width: 1000px) 100vw, 1000px\" \/><\/p>\n<h4><\/h4>\n<h3>ACCIONAMIENTO PRINCIPAL<\/h3>\n<p>El accionamiento principal suministra la fuerza inicial para mover el sistema de cinta y su carga. El accionamiento principal puede instalarse tanto en superficie como en el fondo de un pozo de arranque, lo cual permite que un proyecto con restricciones de espacio siempre pueda recurrir a la opci\u00f3n de utilizar una cinta transportadora para evacuar los escombros. Robbins ofrece sus accionamientos dentro de un amplio abanico de potencias, en configuraciones de velocidad fija o variable con VFD.<\/p>\n<h3>ACCIONAMIENTOS INTERMEDIOS<\/h3>\n<p>Los accionamientos intermedios permiten a\u00f1adir potencia en puntos espec\u00edficos del sistema de cinta mientras se perfora el t\u00fanel, lo cual permite mantener la tensi\u00f3n de la banda al m\u00ednimo. En un t\u00fanel con muchas curvas, el lugar donde se a\u00f1ada el accionamiento intermedio resulta un aspecto fundamental, ya que la situaci\u00f3n incide directamente en la tensi\u00f3n m\u00e1xima desarrollada en la cinta. Robbins utiliza m\u00e9todos de c\u00e1lculo propios para calcular la tensi\u00f3n a la hora de dise\u00f1ar sistemas de cinta con accionamientos m\u00faltiples. Dichos m\u00e9todos se basan en a\u00f1os de experiencia as\u00ed como en los datos arrojados por proyectos anteriores. Los accionamientos intermedios se instalan normalmente en el lado cargado de la cinta, aunque en t\u00faneles largos pueden ser necesarios en la parte de retorno del sistema.<\/p>\n<p><img loading=\"lazy\" decoding=\"async\" class=\"aligncenter size-full wp-image-7191\" src=\"https:\/\/www.robbinstbm.com\/wp-content\/uploads\/2017\/04\/Conveyor_5-Booster-Drives.jpg\" alt=\"\" width=\"2000\" height=\"1331\" srcset=\"https:\/\/www.robbinstbm.com\/wp-content\/uploads\/2017\/04\/Conveyor_5-Booster-Drives.jpg 2000w, https:\/\/www.robbinstbm.com\/wp-content\/uploads\/2017\/04\/Conveyor_5-Booster-Drives-300x200.jpg 300w, https:\/\/www.robbinstbm.com\/wp-content\/uploads\/2017\/04\/Conveyor_5-Booster-Drives-768x511.jpg 768w, https:\/\/www.robbinstbm.com\/wp-content\/uploads\/2017\/04\/Conveyor_5-Booster-Drives-1024x681.jpg 1024w\" sizes=\"auto, (max-width: 2000px) 100vw, 2000px\" \/><\/p>\n<h3><\/h3>\n<h3>SISTEMAS DE CONTROL<\/h3>\n<p>Existen dos tipos de sistemas de control para sistemas de cinta con accionamientos m\u00faltiples: el de reparto natural de la carga y el de reparto controlado de la carga.<\/p>\n<h4>REPARTO NATURAL DE LA CARGA<\/h4>\n<p>El accionamiento principal comienza a aplicar tensi\u00f3n a la cinta, seguido en secuencia por los accionamientos intermedios. Se puede a\u00f1adir potencia de manera continua a \u00edndices predeterminados hasta alcanzar la m\u00e1xima potencia del sistema gracias a los acoplamientos hidr\u00e1ulicos de llenado variable instalados en los accionamientos. Esta tarea debe ser programada y efectuada con precisi\u00f3n para que el sistema arranque y funcione eficazmente y para evitar sobretensiones en la cinta. Con los sistemas de accionamiento m\u00faltiple Robbins, el sistema arrancar\u00e1 bajo control independientemente de la carga soportada por la cinta. Cuando la cinta alcanza su velocidad de dise\u00f1o, la carga de cada motor de accionamiento la determina la din\u00e1mica natural del sistema. El accionamiento principal y los intermedios comparten la carga proporcionalmente. A medida que el t\u00fanel avanza, se a\u00f1aden m\u00e1s accionamientos intermedios en el lado de carga y\/o en el de retorno para controlar continuamente la acumulaci\u00f3n natural de tensi\u00f3n de la cinta.<\/p>\n<h4>REPARTO CONTROLADO DE LA CARGA<\/h4>\n<p>La tensi\u00f3n de la cinta se calcula de manera activa en cada accionamiento controlando los pares de los motores en cada accionamiento. El uso de sistemas de frecuencia variable y la lectura de los pares de los motores permite a Robbins controlar con precisi\u00f3n la velocidad y el par de cada accionamiento, lo que\u00a0 permite llevar a cabo un control activo de la tensi\u00f3n de la banda en todos los puntos del sistema.<\/p>\n","protected":false},"excerpt":{"rendered":"<p>Sistemas Robbins de cinta transportadora de prolongaci\u00f3n continua Los ingenieros de Robbins dise\u00f1an sistemas fiables para extraer escombros tanto de t\u00faneles rectos como con m\u00faltiples curvas. Los sistemas de cinta Robbins incluyen siempre un accionamiento principal, una pieza de cola de avance de cinta y un cassette de almacenamiento de banda, lo cual es suficiente [&hellip;]<\/p>\n","protected":false},"author":2,"featured_media":8398,"parent":6225,"menu_order":1,"comment_status":"closed","ping_status":"closed","template":"single-mcm_project.php","meta":{"_acf_changed":false,"footnotes":"","_links_to":"","_links_to_target":""},"class_list":["post-6228","page","type-page","status-publish","has-post-thumbnail","hentry"],"acf":[],"yoast_head":"<!-- This site is optimized with the Yoast SEO plugin v27.3 - https:\/\/yoast.com\/product\/yoast-seo-wordpress\/ -->\n<title>COMPONENTES DE CINTAS - Robbins<\/title>\n<meta name=\"robots\" content=\"index, follow, max-snippet:-1, max-image-preview:large, max-video-preview:-1\" \/>\n<link rel=\"canonical\" href=\"https:\/\/www.robbinstbm.com\/es\/neustros-productos\/conveyors\/conveyor-components\/\" \/>\n<meta property=\"og:locale\" content=\"es_ES\" \/>\n<meta property=\"og:type\" content=\"article\" \/>\n<meta property=\"og:title\" content=\"COMPONENTES DE CINTAS - Robbins\" \/>\n<meta property=\"og:description\" content=\"Sistemas Robbins de cinta transportadora de prolongaci\u00f3n continua Los ingenieros de Robbins dise\u00f1an sistemas fiables para extraer escombros tanto de t\u00faneles rectos como con m\u00faltiples curvas. Los sistemas de cinta Robbins incluyen siempre un accionamiento principal, una pieza de cola de avance de cinta y un cassette de almacenamiento de banda, lo cual es suficiente [&hellip;]\" \/>\n<meta property=\"og:url\" content=\"https:\/\/www.robbinstbm.com\/es\/neustros-productos\/conveyors\/conveyor-components\/\" \/>\n<meta property=\"og:site_name\" content=\"Robbins\" \/>\n<meta property=\"article:modified_time\" content=\"2018-04-26T20:43:01+00:00\" \/>\n<meta property=\"og:image\" content=\"https:\/\/www.robbinstbm.com\/wp-content\/uploads\/2017\/04\/W.Virginia-Select-Photos-51-1024x845.jpg\" \/>\n\t<meta property=\"og:image:width\" content=\"1024\" \/>\n\t<meta property=\"og:image:height\" content=\"845\" \/>\n\t<meta property=\"og:image:type\" content=\"image\/jpeg\" \/>\n<meta name=\"twitter:card\" content=\"summary_large_image\" \/>\n<meta name=\"twitter:site\" content=\"@Robbins_Co\" \/>\n<meta name=\"twitter:label1\" content=\"Est. reading time\" \/>\n\t<meta name=\"twitter:data1\" content=\"6 minutes\" \/>\n<script type=\"application\/ld+json\" class=\"yoast-schema-graph\">{\"@context\":\"https:\\\/\\\/schema.org\",\"@graph\":[{\"@type\":\"WebPage\",\"@id\":\"https:\\\/\\\/www.robbinstbm.com\\\/es\\\/neustros-productos\\\/conveyors\\\/conveyor-components\\\/\",\"url\":\"https:\\\/\\\/www.robbinstbm.com\\\/es\\\/neustros-productos\\\/conveyors\\\/conveyor-components\\\/\",\"name\":\"COMPONENTES DE CINTAS - Robbins\",\"isPartOf\":{\"@id\":\"https:\\\/\\\/www.robbinstbm.com\\\/#website\"},\"primaryImageOfPage\":{\"@id\":\"https:\\\/\\\/www.robbinstbm.com\\\/es\\\/neustros-productos\\\/conveyors\\\/conveyor-components\\\/#primaryimage\"},\"image\":{\"@id\":\"https:\\\/\\\/www.robbinstbm.com\\\/es\\\/neustros-productos\\\/conveyors\\\/conveyor-components\\\/#primaryimage\"},\"thumbnailUrl\":\"https:\\\/\\\/www.robbinstbm.com\\\/wp-content\\\/uploads\\\/2017\\\/04\\\/W.Virginia-Select-Photos-51.jpg\",\"datePublished\":\"2017-04-07T06:35:03+00:00\",\"dateModified\":\"2018-04-26T20:43:01+00:00\",\"breadcrumb\":{\"@id\":\"https:\\\/\\\/www.robbinstbm.com\\\/es\\\/neustros-productos\\\/conveyors\\\/conveyor-components\\\/#breadcrumb\"},\"inLanguage\":\"es-ES\",\"potentialAction\":[{\"@type\":\"ReadAction\",\"target\":[\"https:\\\/\\\/www.robbinstbm.com\\\/es\\\/neustros-productos\\\/conveyors\\\/conveyor-components\\\/\"]}]},{\"@type\":\"ImageObject\",\"inLanguage\":\"es-ES\",\"@id\":\"https:\\\/\\\/www.robbinstbm.com\\\/es\\\/neustros-productos\\\/conveyors\\\/conveyor-components\\\/#primaryimage\",\"url\":\"https:\\\/\\\/www.robbinstbm.com\\\/wp-content\\\/uploads\\\/2017\\\/04\\\/W.Virginia-Select-Photos-51.jpg\",\"contentUrl\":\"https:\\\/\\\/www.robbinstbm.com\\\/wp-content\\\/uploads\\\/2017\\\/04\\\/W.Virginia-Select-Photos-51.jpg\",\"width\":3600,\"height\":2969},{\"@type\":\"BreadcrumbList\",\"@id\":\"https:\\\/\\\/www.robbinstbm.com\\\/es\\\/neustros-productos\\\/conveyors\\\/conveyor-components\\\/#breadcrumb\",\"itemListElement\":[{\"@type\":\"ListItem\",\"position\":1,\"name\":\"Home\",\"item\":\"https:\\\/\\\/www.robbinstbm.com\\\/es\\\/\"},{\"@type\":\"ListItem\",\"position\":2,\"name\":\"Productos\",\"item\":\"https:\\\/\\\/www.robbinstbm.com\\\/es\\\/neustros-productos\\\/\"},{\"@type\":\"ListItem\",\"position\":3,\"name\":\"CINTAS TRANSPORTADORAS\",\"item\":\"https:\\\/\\\/www.robbinstbm.com\\\/es\\\/neustros-productos\\\/conveyors\\\/\"},{\"@type\":\"ListItem\",\"position\":4,\"name\":\"COMPONENTES DE CINTAS\"}]},{\"@type\":\"WebSite\",\"@id\":\"https:\\\/\\\/www.robbinstbm.com\\\/#website\",\"url\":\"https:\\\/\\\/www.robbinstbm.com\\\/\",\"name\":\"Robbins\",\"description\":\"Reliable | Responsive\",\"publisher\":{\"@id\":\"https:\\\/\\\/www.robbinstbm.com\\\/#organization\"},\"potentialAction\":[{\"@type\":\"SearchAction\",\"target\":{\"@type\":\"EntryPoint\",\"urlTemplate\":\"https:\\\/\\\/www.robbinstbm.com\\\/?s={search_term_string}\"},\"query-input\":{\"@type\":\"PropertyValueSpecification\",\"valueRequired\":true,\"valueName\":\"search_term_string\"}}],\"inLanguage\":\"es-ES\"},{\"@type\":\"Organization\",\"@id\":\"https:\\\/\\\/www.robbinstbm.com\\\/#organization\",\"name\":\"Robbins\",\"url\":\"https:\\\/\\\/www.robbinstbm.com\\\/\",\"logo\":{\"@type\":\"ImageObject\",\"inLanguage\":\"es-ES\",\"@id\":\"https:\\\/\\\/www.robbinstbm.com\\\/#\\\/schema\\\/logo\\\/image\\\/\",\"url\":\"https:\\\/\\\/www.robbinstbm.com\\\/wp-content\\\/uploads\\\/2021\\\/02\\\/RobbinsLogoColor_Small-Converted-scaled.jpg\",\"contentUrl\":\"https:\\\/\\\/www.robbinstbm.com\\\/wp-content\\\/uploads\\\/2021\\\/02\\\/RobbinsLogoColor_Small-Converted-scaled.jpg\",\"width\":2560,\"height\":929,\"caption\":\"Robbins\"},\"image\":{\"@id\":\"https:\\\/\\\/www.robbinstbm.com\\\/#\\\/schema\\\/logo\\\/image\\\/\"},\"sameAs\":[\"https:\\\/\\\/x.com\\\/Robbins_Co\",\"https:\\\/\\\/www.instagram.com\\\/therobbinscompany\\\/\",\"https:\\\/\\\/www.linkedin.com\\\/groups\\\/4246982\\\/\",\"http:\\\/\\\/www.youtube.com\\\/user\\\/TheRobbinsCo\"]}]}<\/script>\n<!-- \/ Yoast SEO plugin. -->","yoast_head_json":{"title":"COMPONENTES DE CINTAS - Robbins","robots":{"index":"index","follow":"follow","max-snippet":"max-snippet:-1","max-image-preview":"max-image-preview:large","max-video-preview":"max-video-preview:-1"},"canonical":"https:\/\/www.robbinstbm.com\/es\/neustros-productos\/conveyors\/conveyor-components\/","og_locale":"es_ES","og_type":"article","og_title":"COMPONENTES DE CINTAS - Robbins","og_description":"Sistemas Robbins de cinta transportadora de prolongaci\u00f3n continua Los ingenieros de Robbins dise\u00f1an sistemas fiables para extraer escombros tanto de t\u00faneles rectos como con m\u00faltiples curvas. Los sistemas de cinta Robbins incluyen siempre un accionamiento principal, una pieza de cola de avance de cinta y un cassette de almacenamiento de banda, lo cual es suficiente [&hellip;]","og_url":"https:\/\/www.robbinstbm.com\/es\/neustros-productos\/conveyors\/conveyor-components\/","og_site_name":"Robbins","article_modified_time":"2018-04-26T20:43:01+00:00","og_image":[{"width":1024,"height":845,"url":"https:\/\/www.robbinstbm.com\/wp-content\/uploads\/2017\/04\/W.Virginia-Select-Photos-51-1024x845.jpg","type":"image\/jpeg"}],"twitter_card":"summary_large_image","twitter_site":"@Robbins_Co","twitter_misc":{"Est. reading time":"6 minutes"},"schema":{"@context":"https:\/\/schema.org","@graph":[{"@type":"WebPage","@id":"https:\/\/www.robbinstbm.com\/es\/neustros-productos\/conveyors\/conveyor-components\/","url":"https:\/\/www.robbinstbm.com\/es\/neustros-productos\/conveyors\/conveyor-components\/","name":"COMPONENTES DE CINTAS - Robbins","isPartOf":{"@id":"https:\/\/www.robbinstbm.com\/#website"},"primaryImageOfPage":{"@id":"https:\/\/www.robbinstbm.com\/es\/neustros-productos\/conveyors\/conveyor-components\/#primaryimage"},"image":{"@id":"https:\/\/www.robbinstbm.com\/es\/neustros-productos\/conveyors\/conveyor-components\/#primaryimage"},"thumbnailUrl":"https:\/\/www.robbinstbm.com\/wp-content\/uploads\/2017\/04\/W.Virginia-Select-Photos-51.jpg","datePublished":"2017-04-07T06:35:03+00:00","dateModified":"2018-04-26T20:43:01+00:00","breadcrumb":{"@id":"https:\/\/www.robbinstbm.com\/es\/neustros-productos\/conveyors\/conveyor-components\/#breadcrumb"},"inLanguage":"es-ES","potentialAction":[{"@type":"ReadAction","target":["https:\/\/www.robbinstbm.com\/es\/neustros-productos\/conveyors\/conveyor-components\/"]}]},{"@type":"ImageObject","inLanguage":"es-ES","@id":"https:\/\/www.robbinstbm.com\/es\/neustros-productos\/conveyors\/conveyor-components\/#primaryimage","url":"https:\/\/www.robbinstbm.com\/wp-content\/uploads\/2017\/04\/W.Virginia-Select-Photos-51.jpg","contentUrl":"https:\/\/www.robbinstbm.com\/wp-content\/uploads\/2017\/04\/W.Virginia-Select-Photos-51.jpg","width":3600,"height":2969},{"@type":"BreadcrumbList","@id":"https:\/\/www.robbinstbm.com\/es\/neustros-productos\/conveyors\/conveyor-components\/#breadcrumb","itemListElement":[{"@type":"ListItem","position":1,"name":"Home","item":"https:\/\/www.robbinstbm.com\/es\/"},{"@type":"ListItem","position":2,"name":"Productos","item":"https:\/\/www.robbinstbm.com\/es\/neustros-productos\/"},{"@type":"ListItem","position":3,"name":"CINTAS TRANSPORTADORAS","item":"https:\/\/www.robbinstbm.com\/es\/neustros-productos\/conveyors\/"},{"@type":"ListItem","position":4,"name":"COMPONENTES DE CINTAS"}]},{"@type":"WebSite","@id":"https:\/\/www.robbinstbm.com\/#website","url":"https:\/\/www.robbinstbm.com\/","name":"Robbins","description":"Reliable | Responsive","publisher":{"@id":"https:\/\/www.robbinstbm.com\/#organization"},"potentialAction":[{"@type":"SearchAction","target":{"@type":"EntryPoint","urlTemplate":"https:\/\/www.robbinstbm.com\/?s={search_term_string}"},"query-input":{"@type":"PropertyValueSpecification","valueRequired":true,"valueName":"search_term_string"}}],"inLanguage":"es-ES"},{"@type":"Organization","@id":"https:\/\/www.robbinstbm.com\/#organization","name":"Robbins","url":"https:\/\/www.robbinstbm.com\/","logo":{"@type":"ImageObject","inLanguage":"es-ES","@id":"https:\/\/www.robbinstbm.com\/#\/schema\/logo\/image\/","url":"https:\/\/www.robbinstbm.com\/wp-content\/uploads\/2021\/02\/RobbinsLogoColor_Small-Converted-scaled.jpg","contentUrl":"https:\/\/www.robbinstbm.com\/wp-content\/uploads\/2021\/02\/RobbinsLogoColor_Small-Converted-scaled.jpg","width":2560,"height":929,"caption":"Robbins"},"image":{"@id":"https:\/\/www.robbinstbm.com\/#\/schema\/logo\/image\/"},"sameAs":["https:\/\/x.com\/Robbins_Co","https:\/\/www.instagram.com\/therobbinscompany\/","https:\/\/www.linkedin.com\/groups\/4246982\/","http:\/\/www.youtube.com\/user\/TheRobbinsCo"]}]}},"_links":{"self":[{"href":"https:\/\/www.robbinstbm.com\/es\/wp-json\/wp\/v2\/pages\/6228","targetHints":{"allow":["GET"]}}],"collection":[{"href":"https:\/\/www.robbinstbm.com\/es\/wp-json\/wp\/v2\/pages"}],"about":[{"href":"https:\/\/www.robbinstbm.com\/es\/wp-json\/wp\/v2\/types\/page"}],"author":[{"embeddable":true,"href":"https:\/\/www.robbinstbm.com\/es\/wp-json\/wp\/v2\/users\/2"}],"replies":[{"embeddable":true,"href":"https:\/\/www.robbinstbm.com\/es\/wp-json\/wp\/v2\/comments?post=6228"}],"version-history":[{"count":0,"href":"https:\/\/www.robbinstbm.com\/es\/wp-json\/wp\/v2\/pages\/6228\/revisions"}],"up":[{"embeddable":true,"href":"https:\/\/www.robbinstbm.com\/es\/wp-json\/wp\/v2\/pages\/6225"}],"wp:featuredmedia":[{"embeddable":true,"href":"https:\/\/www.robbinstbm.com\/es\/wp-json\/wp\/v2\/media\/8398"}],"wp:attachment":[{"href":"https:\/\/www.robbinstbm.com\/es\/wp-json\/wp\/v2\/media?parent=6228"}],"curies":[{"name":"wp","href":"https:\/\/api.w.org\/{rel}","templated":true}]}}