{"id":6231,"date":"2017-04-06T23:35:14","date_gmt":"2017-04-07T06:35:14","guid":{"rendered":"http:\/\/robbinstbm.com\/neustros-productos\/conveyors\/vertical\/"},"modified":"2018-04-26T15:35:36","modified_gmt":"2018-04-26T22:35:36","slug":"vertical","status":"publish","type":"page","link":"https:\/\/www.robbinstbm.com\/es\/neustros-productos\/conveyors\/vertical\/","title":{"rendered":"CINTAS VERTICALES"},"content":{"rendered":"<h2>Escombro, arriba y afuera<\/h2>\n<p>Cuando el arranque de un t\u00fanel se sit\u00faa en el fondo de un pozo, es crucial la elecci\u00f3n del m\u00e9todo de evacuaci\u00f3n del escombro. El proceso completo de excavaci\u00f3n puede verse afectado adversamente si no se dispone de un sistema de cinta vertical eficaz. Los sistemas de cinta vertical Robbins pueden desplazar grandes vol\u00famenes de material con la misma rapidez que nuestros sistemas horizontales.<\/p>\n<h3>CINTAS TRANSPORTADORAS VERTICALES<\/h3>\n<p>Las cintas verticales Robbins pueden transportar la roca desde el fondo del pozo a la superficie. Sea la profundidad de su t\u00fanel 20 o 200 m, las cintas verticales Robbins transportar\u00e1n la roca de manera segura con m\u00ednimas p\u00e9rdidas de material. Robbins dise\u00f1a cada cinta de acuerdo a las particularidades de cada proyecto, entre ellas, la transferencia desde una cinta horizontal a una vertical, desde la vertical a la cinta de superficie, de esta a la cinta repartidora, as\u00ed como el montaje de la cinta vertical en el pozo, tolvas de reciclaje para minimizar p\u00e9rdidas, enclavamientos de seguridad y sistemas de protecci\u00f3n de los trabajadores.<\/p>\n<p>Robbins dispone de dos dise\u00f1os principales de cinta vertical: el tradicional en \u00abS\u00bb y nuestro nuevo modelo en \u00abJ\u00bb. Para aplicaciones en pozos profundos puede utilizar nuestro sistema en \u00abS\u00bb con banda de armadura met\u00e1lica. Si su pozo es de peque\u00f1o di\u00e1metro o de profundidad moderada, nuestro sistema en \u00abJ\u00bb puede constituir la alternativa econ\u00f3mica que estaba buscando. El sistema Robbins de cinta vertical en \u00abJ\u00bb supone una innovaci\u00f3n en el dise\u00f1o de este tipo de equipos.<\/p>\n<h4>CARACTER\u00cdSTICAS Y VENTAJAS DEL SISTEMA ROBBINS EN \u00abJ\u00bb<\/h4>\n<ul>\n<li>Menor tensi\u00f3n de banda, lo que permite que la estructura sea m\u00e1s ligera<\/li>\n<li>Banda de armadura de material textil, disponible con facilidad y f\u00e1cil de reparar<\/li>\n<li>Menor uso de espacio en el pozo, que deja libre un espacio muy valioso<\/li>\n<li>Menor coste por metro de profundidad<\/li>\n<li>La trayectoria de la banda prescinde de curvas invertidas y de la necesidad de rodillos de borde, por lo que no se precisa una banda con rigidez transversal<img loading=\"lazy\" decoding=\"async\" class=\"aligncenter wp-image-7192 size-full\" src=\"https:\/\/www.robbinstbm.com\/wp-content\/uploads\/2017\/04\/Vertical-Conveyor_1-J-Type-1-1.jpg\" alt=\"\" width=\"2000\" height=\"3000\" srcset=\"https:\/\/www.robbinstbm.com\/wp-content\/uploads\/2017\/04\/Vertical-Conveyor_1-J-Type-1-1.jpg 2000w, https:\/\/www.robbinstbm.com\/wp-content\/uploads\/2017\/04\/Vertical-Conveyor_1-J-Type-1-1-200x300.jpg 200w, https:\/\/www.robbinstbm.com\/wp-content\/uploads\/2017\/04\/Vertical-Conveyor_1-J-Type-1-1-768x1152.jpg 768w, https:\/\/www.robbinstbm.com\/wp-content\/uploads\/2017\/04\/Vertical-Conveyor_1-J-Type-1-1-683x1024.jpg 683w\" sizes=\"auto, (max-width: 2000px) 100vw, 2000px\" \/><\/li>\n<\/ul>\n<h4>CARACTER\u00cdSTICAS Y VENTAJAS DEL SISTEMA ROBBINS EN \u00abS\u00bb<\/h4>\n<ul>\n<li>Dise\u00f1o probado y acorde con el est\u00e1ndar de la industria<\/li>\n<li>Capacidad de transportar mayores vol\u00famenes de agua<\/li>\n<li>Menos p\u00e9rdidas en el pozo y en la zona de descarga<\/li>\n<li>Posibilidad de uso en pozos muy profundos<\/li>\n<li>Accionamiento el\u00e9ctrico a frecuencia variable (VFD) con el que se garantiza que la velocidad de su cinta se adecua al avance e la tuneladora<\/li>\n<\/ul>\n<h3>\u00a0<img loading=\"lazy\" decoding=\"async\" class=\"size-large wp-image-8399 aligncenter\" src=\"https:\/\/www.robbinstbm.com\/wp-content\/uploads\/2017\/04\/OnRequest_00522027_SizeFull-1024x681.jpg\" alt=\"\" width=\"1024\" height=\"681\" srcset=\"https:\/\/www.robbinstbm.com\/wp-content\/uploads\/2017\/04\/OnRequest_00522027_SizeFull-1024x681.jpg 1024w, https:\/\/www.robbinstbm.com\/wp-content\/uploads\/2017\/04\/OnRequest_00522027_SizeFull-300x199.jpg 300w, https:\/\/www.robbinstbm.com\/wp-content\/uploads\/2017\/04\/OnRequest_00522027_SizeFull-768x511.jpg 768w\" sizes=\"auto, (max-width: 1024px) 100vw, 1024px\" \/><\/h3>\n<h3><\/h3>\n<h3>TODAS LAS CINTAS VERTICALES ROBBINS INCLUYEN:<\/h3>\n<ul>\n<li>Estructura de cabeza<\/li>\n<li>Accionamiento controlado por VFD<\/li>\n<li>Suministro de personal para su manejo<\/li>\n<li>Estructura de cola<\/li>\n<li>Banda<\/li>\n<li>Tolva de recepci\u00f3n<\/li>\n<li>Transici\u00f3n con cinta horizontal<\/li>\n<li>Sistema de reciclaje de p\u00e9rdidas (opcional)<\/li>\n<\/ul>\n","protected":false},"excerpt":{"rendered":"<p>Escombro, arriba y afuera Cuando el arranque de un t\u00fanel se sit\u00faa en el fondo de un pozo, es crucial la elecci\u00f3n del m\u00e9todo de evacuaci\u00f3n del escombro. El proceso completo de excavaci\u00f3n puede verse afectado adversamente si no se dispone de un sistema de cinta vertical eficaz. Los sistemas de cinta vertical Robbins pueden [&hellip;]<\/p>\n","protected":false},"author":2,"featured_media":8399,"parent":6225,"menu_order":2,"comment_status":"closed","ping_status":"closed","template":"single-mcm_project.php","meta":{"_acf_changed":false,"footnotes":"","_links_to":"","_links_to_target":""},"class_list":["post-6231","page","type-page","status-publish","has-post-thumbnail","hentry"],"acf":[],"yoast_head":"<!-- This site is optimized with the Yoast SEO plugin v27.3 - https:\/\/yoast.com\/product\/yoast-seo-wordpress\/ -->\n<title>CINTAS VERTICALES - Robbins<\/title>\n<meta name=\"robots\" content=\"index, follow, max-snippet:-1, max-image-preview:large, max-video-preview:-1\" \/>\n<link rel=\"canonical\" href=\"https:\/\/www.robbinstbm.com\/es\/neustros-productos\/conveyors\/vertical\/\" \/>\n<meta property=\"og:locale\" content=\"es_ES\" \/>\n<meta property=\"og:type\" content=\"article\" \/>\n<meta property=\"og:title\" content=\"CINTAS VERTICALES - Robbins\" \/>\n<meta property=\"og:description\" content=\"Escombro, arriba y afuera Cuando el arranque de un t\u00fanel se sit\u00faa en el fondo de un pozo, es crucial la elecci\u00f3n del m\u00e9todo de evacuaci\u00f3n del escombro. El proceso completo de excavaci\u00f3n puede verse afectado adversamente si no se dispone de un sistema de cinta vertical eficaz. Los sistemas de cinta vertical Robbins pueden [&hellip;]\" \/>\n<meta property=\"og:url\" content=\"https:\/\/www.robbinstbm.com\/es\/neustros-productos\/conveyors\/vertical\/\" \/>\n<meta property=\"og:site_name\" content=\"Robbins\" \/>\n<meta property=\"article:modified_time\" content=\"2018-04-26T22:35:36+00:00\" \/>\n<meta property=\"og:image\" content=\"https:\/\/www.robbinstbm.com\/wp-content\/uploads\/2017\/04\/OnRequest_00522027_SizeFull-1024x681.jpg\" \/>\n\t<meta property=\"og:image:width\" content=\"1024\" \/>\n\t<meta property=\"og:image:height\" content=\"681\" \/>\n\t<meta property=\"og:image:type\" content=\"image\/jpeg\" \/>\n<meta name=\"twitter:card\" content=\"summary_large_image\" \/>\n<meta name=\"twitter:site\" content=\"@Robbins_Co\" \/>\n<meta name=\"twitter:label1\" content=\"Est. reading time\" \/>\n\t<meta name=\"twitter:data1\" content=\"2 minutes\" \/>\n<script type=\"application\/ld+json\" class=\"yoast-schema-graph\">{\"@context\":\"https:\\\/\\\/schema.org\",\"@graph\":[{\"@type\":\"WebPage\",\"@id\":\"https:\\\/\\\/www.robbinstbm.com\\\/es\\\/neustros-productos\\\/conveyors\\\/vertical\\\/\",\"url\":\"https:\\\/\\\/www.robbinstbm.com\\\/es\\\/neustros-productos\\\/conveyors\\\/vertical\\\/\",\"name\":\"CINTAS VERTICALES - Robbins\",\"isPartOf\":{\"@id\":\"https:\\\/\\\/www.robbinstbm.com\\\/#website\"},\"primaryImageOfPage\":{\"@id\":\"https:\\\/\\\/www.robbinstbm.com\\\/es\\\/neustros-productos\\\/conveyors\\\/vertical\\\/#primaryimage\"},\"image\":{\"@id\":\"https:\\\/\\\/www.robbinstbm.com\\\/es\\\/neustros-productos\\\/conveyors\\\/vertical\\\/#primaryimage\"},\"thumbnailUrl\":\"https:\\\/\\\/www.robbinstbm.com\\\/wp-content\\\/uploads\\\/2017\\\/04\\\/OnRequest_00522027_SizeFull.jpg\",\"datePublished\":\"2017-04-07T06:35:14+00:00\",\"dateModified\":\"2018-04-26T22:35:36+00:00\",\"breadcrumb\":{\"@id\":\"https:\\\/\\\/www.robbinstbm.com\\\/es\\\/neustros-productos\\\/conveyors\\\/vertical\\\/#breadcrumb\"},\"inLanguage\":\"es-ES\",\"potentialAction\":[{\"@type\":\"ReadAction\",\"target\":[\"https:\\\/\\\/www.robbinstbm.com\\\/es\\\/neustros-productos\\\/conveyors\\\/vertical\\\/\"]}]},{\"@type\":\"ImageObject\",\"inLanguage\":\"es-ES\",\"@id\":\"https:\\\/\\\/www.robbinstbm.com\\\/es\\\/neustros-productos\\\/conveyors\\\/vertical\\\/#primaryimage\",\"url\":\"https:\\\/\\\/www.robbinstbm.com\\\/wp-content\\\/uploads\\\/2017\\\/04\\\/OnRequest_00522027_SizeFull.jpg\",\"contentUrl\":\"https:\\\/\\\/www.robbinstbm.com\\\/wp-content\\\/uploads\\\/2017\\\/04\\\/OnRequest_00522027_SizeFull.jpg\",\"width\":4064,\"height\":2702},{\"@type\":\"BreadcrumbList\",\"@id\":\"https:\\\/\\\/www.robbinstbm.com\\\/es\\\/neustros-productos\\\/conveyors\\\/vertical\\\/#breadcrumb\",\"itemListElement\":[{\"@type\":\"ListItem\",\"position\":1,\"name\":\"Home\",\"item\":\"https:\\\/\\\/www.robbinstbm.com\\\/es\\\/\"},{\"@type\":\"ListItem\",\"position\":2,\"name\":\"Productos\",\"item\":\"https:\\\/\\\/www.robbinstbm.com\\\/es\\\/neustros-productos\\\/\"},{\"@type\":\"ListItem\",\"position\":3,\"name\":\"CINTAS TRANSPORTADORAS\",\"item\":\"https:\\\/\\\/www.robbinstbm.com\\\/es\\\/neustros-productos\\\/conveyors\\\/\"},{\"@type\":\"ListItem\",\"position\":4,\"name\":\"CINTAS VERTICALES\"}]},{\"@type\":\"WebSite\",\"@id\":\"https:\\\/\\\/www.robbinstbm.com\\\/#website\",\"url\":\"https:\\\/\\\/www.robbinstbm.com\\\/\",\"name\":\"Robbins\",\"description\":\"Reliable | Responsive\",\"publisher\":{\"@id\":\"https:\\\/\\\/www.robbinstbm.com\\\/#organization\"},\"potentialAction\":[{\"@type\":\"SearchAction\",\"target\":{\"@type\":\"EntryPoint\",\"urlTemplate\":\"https:\\\/\\\/www.robbinstbm.com\\\/?s={search_term_string}\"},\"query-input\":{\"@type\":\"PropertyValueSpecification\",\"valueRequired\":true,\"valueName\":\"search_term_string\"}}],\"inLanguage\":\"es-ES\"},{\"@type\":\"Organization\",\"@id\":\"https:\\\/\\\/www.robbinstbm.com\\\/#organization\",\"name\":\"Robbins\",\"url\":\"https:\\\/\\\/www.robbinstbm.com\\\/\",\"logo\":{\"@type\":\"ImageObject\",\"inLanguage\":\"es-ES\",\"@id\":\"https:\\\/\\\/www.robbinstbm.com\\\/#\\\/schema\\\/logo\\\/image\\\/\",\"url\":\"https:\\\/\\\/www.robbinstbm.com\\\/wp-content\\\/uploads\\\/2021\\\/02\\\/RobbinsLogoColor_Small-Converted-scaled.jpg\",\"contentUrl\":\"https:\\\/\\\/www.robbinstbm.com\\\/wp-content\\\/uploads\\\/2021\\\/02\\\/RobbinsLogoColor_Small-Converted-scaled.jpg\",\"width\":2560,\"height\":929,\"caption\":\"Robbins\"},\"image\":{\"@id\":\"https:\\\/\\\/www.robbinstbm.com\\\/#\\\/schema\\\/logo\\\/image\\\/\"},\"sameAs\":[\"https:\\\/\\\/x.com\\\/Robbins_Co\",\"https:\\\/\\\/www.instagram.com\\\/therobbinscompany\\\/\",\"https:\\\/\\\/www.linkedin.com\\\/groups\\\/4246982\\\/\",\"http:\\\/\\\/www.youtube.com\\\/user\\\/TheRobbinsCo\"]}]}<\/script>\n<!-- \/ Yoast SEO plugin. -->","yoast_head_json":{"title":"CINTAS VERTICALES - Robbins","robots":{"index":"index","follow":"follow","max-snippet":"max-snippet:-1","max-image-preview":"max-image-preview:large","max-video-preview":"max-video-preview:-1"},"canonical":"https:\/\/www.robbinstbm.com\/es\/neustros-productos\/conveyors\/vertical\/","og_locale":"es_ES","og_type":"article","og_title":"CINTAS VERTICALES - Robbins","og_description":"Escombro, arriba y afuera Cuando el arranque de un t\u00fanel se sit\u00faa en el fondo de un pozo, es crucial la elecci\u00f3n del m\u00e9todo de evacuaci\u00f3n del escombro. El proceso completo de excavaci\u00f3n puede verse afectado adversamente si no se dispone de un sistema de cinta vertical eficaz. Los sistemas de cinta vertical Robbins pueden [&hellip;]","og_url":"https:\/\/www.robbinstbm.com\/es\/neustros-productos\/conveyors\/vertical\/","og_site_name":"Robbins","article_modified_time":"2018-04-26T22:35:36+00:00","og_image":[{"width":1024,"height":681,"url":"https:\/\/www.robbinstbm.com\/wp-content\/uploads\/2017\/04\/OnRequest_00522027_SizeFull-1024x681.jpg","type":"image\/jpeg"}],"twitter_card":"summary_large_image","twitter_site":"@Robbins_Co","twitter_misc":{"Est. reading time":"2 minutes"},"schema":{"@context":"https:\/\/schema.org","@graph":[{"@type":"WebPage","@id":"https:\/\/www.robbinstbm.com\/es\/neustros-productos\/conveyors\/vertical\/","url":"https:\/\/www.robbinstbm.com\/es\/neustros-productos\/conveyors\/vertical\/","name":"CINTAS VERTICALES - Robbins","isPartOf":{"@id":"https:\/\/www.robbinstbm.com\/#website"},"primaryImageOfPage":{"@id":"https:\/\/www.robbinstbm.com\/es\/neustros-productos\/conveyors\/vertical\/#primaryimage"},"image":{"@id":"https:\/\/www.robbinstbm.com\/es\/neustros-productos\/conveyors\/vertical\/#primaryimage"},"thumbnailUrl":"https:\/\/www.robbinstbm.com\/wp-content\/uploads\/2017\/04\/OnRequest_00522027_SizeFull.jpg","datePublished":"2017-04-07T06:35:14+00:00","dateModified":"2018-04-26T22:35:36+00:00","breadcrumb":{"@id":"https:\/\/www.robbinstbm.com\/es\/neustros-productos\/conveyors\/vertical\/#breadcrumb"},"inLanguage":"es-ES","potentialAction":[{"@type":"ReadAction","target":["https:\/\/www.robbinstbm.com\/es\/neustros-productos\/conveyors\/vertical\/"]}]},{"@type":"ImageObject","inLanguage":"es-ES","@id":"https:\/\/www.robbinstbm.com\/es\/neustros-productos\/conveyors\/vertical\/#primaryimage","url":"https:\/\/www.robbinstbm.com\/wp-content\/uploads\/2017\/04\/OnRequest_00522027_SizeFull.jpg","contentUrl":"https:\/\/www.robbinstbm.com\/wp-content\/uploads\/2017\/04\/OnRequest_00522027_SizeFull.jpg","width":4064,"height":2702},{"@type":"BreadcrumbList","@id":"https:\/\/www.robbinstbm.com\/es\/neustros-productos\/conveyors\/vertical\/#breadcrumb","itemListElement":[{"@type":"ListItem","position":1,"name":"Home","item":"https:\/\/www.robbinstbm.com\/es\/"},{"@type":"ListItem","position":2,"name":"Productos","item":"https:\/\/www.robbinstbm.com\/es\/neustros-productos\/"},{"@type":"ListItem","position":3,"name":"CINTAS TRANSPORTADORAS","item":"https:\/\/www.robbinstbm.com\/es\/neustros-productos\/conveyors\/"},{"@type":"ListItem","position":4,"name":"CINTAS VERTICALES"}]},{"@type":"WebSite","@id":"https:\/\/www.robbinstbm.com\/#website","url":"https:\/\/www.robbinstbm.com\/","name":"Robbins","description":"Reliable | Responsive","publisher":{"@id":"https:\/\/www.robbinstbm.com\/#organization"},"potentialAction":[{"@type":"SearchAction","target":{"@type":"EntryPoint","urlTemplate":"https:\/\/www.robbinstbm.com\/?s={search_term_string}"},"query-input":{"@type":"PropertyValueSpecification","valueRequired":true,"valueName":"search_term_string"}}],"inLanguage":"es-ES"},{"@type":"Organization","@id":"https:\/\/www.robbinstbm.com\/#organization","name":"Robbins","url":"https:\/\/www.robbinstbm.com\/","logo":{"@type":"ImageObject","inLanguage":"es-ES","@id":"https:\/\/www.robbinstbm.com\/#\/schema\/logo\/image\/","url":"https:\/\/www.robbinstbm.com\/wp-content\/uploads\/2021\/02\/RobbinsLogoColor_Small-Converted-scaled.jpg","contentUrl":"https:\/\/www.robbinstbm.com\/wp-content\/uploads\/2021\/02\/RobbinsLogoColor_Small-Converted-scaled.jpg","width":2560,"height":929,"caption":"Robbins"},"image":{"@id":"https:\/\/www.robbinstbm.com\/#\/schema\/logo\/image\/"},"sameAs":["https:\/\/x.com\/Robbins_Co","https:\/\/www.instagram.com\/therobbinscompany\/","https:\/\/www.linkedin.com\/groups\/4246982\/","http:\/\/www.youtube.com\/user\/TheRobbinsCo"]}]}},"_links":{"self":[{"href":"https:\/\/www.robbinstbm.com\/es\/wp-json\/wp\/v2\/pages\/6231","targetHints":{"allow":["GET"]}}],"collection":[{"href":"https:\/\/www.robbinstbm.com\/es\/wp-json\/wp\/v2\/pages"}],"about":[{"href":"https:\/\/www.robbinstbm.com\/es\/wp-json\/wp\/v2\/types\/page"}],"author":[{"embeddable":true,"href":"https:\/\/www.robbinstbm.com\/es\/wp-json\/wp\/v2\/users\/2"}],"replies":[{"embeddable":true,"href":"https:\/\/www.robbinstbm.com\/es\/wp-json\/wp\/v2\/comments?post=6231"}],"version-history":[{"count":0,"href":"https:\/\/www.robbinstbm.com\/es\/wp-json\/wp\/v2\/pages\/6231\/revisions"}],"up":[{"embeddable":true,"href":"https:\/\/www.robbinstbm.com\/es\/wp-json\/wp\/v2\/pages\/6225"}],"wp:featuredmedia":[{"embeddable":true,"href":"https:\/\/www.robbinstbm.com\/es\/wp-json\/wp\/v2\/media\/8399"}],"wp:attachment":[{"href":"https:\/\/www.robbinstbm.com\/es\/wp-json\/wp\/v2\/media?parent=6231"}],"curies":[{"name":"wp","href":"https:\/\/api.w.org\/{rel}","templated":true}]}}