{"id":6234,"date":"2017-04-06T23:35:29","date_gmt":"2017-04-07T06:35:29","guid":{"rendered":"http:\/\/robbinstbm.com\/neustros-productos\/conveyors\/stacker-overland\/"},"modified":"2018-04-26T15:50:24","modified_gmt":"2018-04-26T22:50:24","slug":"stacker-overland","status":"publish","type":"page","link":"https:\/\/www.robbinstbm.com\/es\/neustros-productos\/conveyors\/stacker-overland\/","title":{"rendered":"CINTAS DE SUPERFICIE Y REPARTIDORAS"},"content":{"rendered":"<h2>Mu\u00e9valo o ac\u00f3pielo<\/h2>\n<p>En la mayor\u00eda de proyectos de t\u00fanel, la gesti\u00f3n y almacenamiento del escombro es uno de los principales problemas a abordar, con cuestiones a responder como d\u00f3nde almacenarlo, cu\u00e1ndo transportarlo, c\u00f3mo afectan las restricciones medioambientales vigentes en la zona de obra\u2026 Robbins le ofrece sistemas de cinta repartidora para acopiar el escombro en obra y cintas de superficie para evacuarlo.<\/p>\n<h3>CINTAS REPARTIDORAS<\/h3>\n<p>En la mayor\u00eda de proyectos de t\u00fanel, es necesario retirar todo el escombro, como a menudo exigen las normativas medioambientales. Adem\u00e1s, en entornos urbanos suele haber restricciones en lo que respecta al horario en el que pueden transitar los camiones. En definitiva, todo esto implica que, si desea que su tuneladora trabaje 24 horas al d\u00eda, deber\u00e1 encontrar una manera de acopiar el escombro en la obra.<\/p>\n<p><img loading=\"lazy\" decoding=\"async\" class=\"size-large wp-image-8405 aligncenter\" src=\"https:\/\/www.robbinstbm.com\/wp-content\/uploads\/2017\/04\/W.Virginia-Select-Photos-44-1024x683.jpg\" alt=\"\" width=\"1024\" height=\"683\" srcset=\"https:\/\/www.robbinstbm.com\/wp-content\/uploads\/2017\/04\/W.Virginia-Select-Photos-44-1024x683.jpg 1024w, https:\/\/www.robbinstbm.com\/wp-content\/uploads\/2017\/04\/W.Virginia-Select-Photos-44-300x200.jpg 300w, https:\/\/www.robbinstbm.com\/wp-content\/uploads\/2017\/04\/W.Virginia-Select-Photos-44-768x512.jpg 768w\" sizes=\"auto, (max-width: 1024px) 100vw, 1024px\" \/><\/p>\n<p>Las cintas repartidoras Robbins se encargan de almacenar la m\u00e1xima cantidad posible de escombro en la zona de obra. Robbins ofrece todo tipo de configuraciones, desde un sistema simple y fijo de cinta inclinada, hasta un sistema m\u00f3vil con la capacidad de acopiar el escombro producto de varios d\u00edas de perforaci\u00f3n. Nuestras cintas pueden dotarse de opciones como pasarelas de mantenimiento o pantallas contra el viento para minimizar el polvo liberado al ambiente.<\/p>\n<h3>CINTAS DE SUPERFICIE<\/h3>\n<p>Si necesita transportar el escombro del t\u00fanel a un lugar alejado de la obra, debiendo salvar obst\u00e1culos como carreteras o vaguadas, Robbins puede suministrarle cintas de superficie para evacuar el escombro a distancias entre 200 m y 5 km. Nuestras cintas de superficie se pueden suministrar totalmente blindadas o abiertas, con pasarelas para mantenimiento. Podemos construirlas elevadas, con protecciones contra el viento, lluvia o heladas. Cualesquiera que sean sus necesidades particulares de transporte, Robbins puede suministrarle un dise\u00f1o a medida para su pr\u00f3ximo proyecto.<\/p>\n<p><img loading=\"lazy\" decoding=\"async\" class=\"size-large wp-image-8403 aligncenter\" src=\"https:\/\/www.robbinstbm.com\/wp-content\/uploads\/2017\/04\/W.Virginia-Select-Photos-35-682x1024.jpg\" alt=\"\" width=\"682\" height=\"1024\" srcset=\"https:\/\/www.robbinstbm.com\/wp-content\/uploads\/2017\/04\/W.Virginia-Select-Photos-35-682x1024.jpg 682w, https:\/\/www.robbinstbm.com\/wp-content\/uploads\/2017\/04\/W.Virginia-Select-Photos-35-200x300.jpg 200w, https:\/\/www.robbinstbm.com\/wp-content\/uploads\/2017\/04\/W.Virginia-Select-Photos-35-768x1152.jpg 768w\" sizes=\"auto, (max-width: 682px) 100vw, 682px\" \/><\/p>\n<h4>CINTAS ESPECIALES<\/h4>\n<p>Robbins ha suministrado cintas transportadoras para multitud de t\u00faneles excavados por m\u00e9todos convencionales, canteras y minas. Si su proyecto exige el transporte eficaz de grandes vol\u00famenes de roca, Robbins es capaz de dise\u00f1ar un sistema, sea de instalaci\u00f3n fija o flexible\/m\u00f3vil, que cumpla con todos sus requisitos.<\/p>\n","protected":false},"excerpt":{"rendered":"<p>Mu\u00e9valo o ac\u00f3pielo En la mayor\u00eda de proyectos de t\u00fanel, la gesti\u00f3n y almacenamiento del escombro es uno de los principales problemas a abordar, con cuestiones a responder como d\u00f3nde almacenarlo, cu\u00e1ndo transportarlo, c\u00f3mo afectan las restricciones medioambientales vigentes en la zona de obra\u2026 Robbins le ofrece sistemas de cinta repartidora para acopiar el escombro [&hellip;]<\/p>\n","protected":false},"author":2,"featured_media":8406,"parent":6225,"menu_order":3,"comment_status":"closed","ping_status":"closed","template":"single-mcm_project.php","meta":{"_acf_changed":false,"footnotes":"","_links_to":"","_links_to_target":""},"class_list":["post-6234","page","type-page","status-publish","has-post-thumbnail","hentry"],"acf":[],"yoast_head":"<!-- This site is optimized with the Yoast SEO plugin v27.3 - https:\/\/yoast.com\/product\/yoast-seo-wordpress\/ -->\n<title>CINTAS DE SUPERFICIE Y REPARTIDORAS - Robbins<\/title>\n<meta name=\"robots\" content=\"index, follow, max-snippet:-1, max-image-preview:large, max-video-preview:-1\" \/>\n<link rel=\"canonical\" href=\"https:\/\/www.robbinstbm.com\/es\/neustros-productos\/conveyors\/stacker-overland\/\" \/>\n<meta property=\"og:locale\" content=\"es_ES\" \/>\n<meta property=\"og:type\" content=\"article\" \/>\n<meta property=\"og:title\" content=\"CINTAS DE SUPERFICIE Y REPARTIDORAS - Robbins\" \/>\n<meta property=\"og:description\" content=\"Mu\u00e9valo o ac\u00f3pielo En la mayor\u00eda de proyectos de t\u00fanel, la gesti\u00f3n y almacenamiento del escombro es uno de los principales problemas a abordar, con cuestiones a responder como d\u00f3nde almacenarlo, cu\u00e1ndo transportarlo, c\u00f3mo afectan las restricciones medioambientales vigentes en la zona de obra\u2026 Robbins le ofrece sistemas de cinta repartidora para acopiar el escombro [&hellip;]\" \/>\n<meta property=\"og:url\" content=\"https:\/\/www.robbinstbm.com\/es\/neustros-productos\/conveyors\/stacker-overland\/\" \/>\n<meta property=\"og:site_name\" content=\"Robbins\" \/>\n<meta property=\"article:modified_time\" content=\"2018-04-26T22:50:24+00:00\" \/>\n<meta property=\"og:image\" content=\"https:\/\/www.robbinstbm.com\/wp-content\/uploads\/2017\/04\/W.Virginia-Select-Photos-49.jpg\" \/>\n\t<meta property=\"og:image:width\" content=\"3600\" \/>\n\t<meta property=\"og:image:height\" content=\"2400\" \/>\n\t<meta property=\"og:image:type\" content=\"image\/jpeg\" \/>\n<meta name=\"twitter:card\" content=\"summary_large_image\" \/>\n<meta name=\"twitter:site\" content=\"@Robbins_Co\" \/>\n<meta name=\"twitter:label1\" content=\"Est. reading time\" \/>\n\t<meta name=\"twitter:data1\" content=\"2 minutes\" \/>\n<script type=\"application\/ld+json\" class=\"yoast-schema-graph\">{\"@context\":\"https:\\\/\\\/schema.org\",\"@graph\":[{\"@type\":\"WebPage\",\"@id\":\"https:\\\/\\\/www.robbinstbm.com\\\/es\\\/neustros-productos\\\/conveyors\\\/stacker-overland\\\/\",\"url\":\"https:\\\/\\\/www.robbinstbm.com\\\/es\\\/neustros-productos\\\/conveyors\\\/stacker-overland\\\/\",\"name\":\"CINTAS DE SUPERFICIE Y REPARTIDORAS - Robbins\",\"isPartOf\":{\"@id\":\"https:\\\/\\\/www.robbinstbm.com\\\/#website\"},\"primaryImageOfPage\":{\"@id\":\"https:\\\/\\\/www.robbinstbm.com\\\/es\\\/neustros-productos\\\/conveyors\\\/stacker-overland\\\/#primaryimage\"},\"image\":{\"@id\":\"https:\\\/\\\/www.robbinstbm.com\\\/es\\\/neustros-productos\\\/conveyors\\\/stacker-overland\\\/#primaryimage\"},\"thumbnailUrl\":\"https:\\\/\\\/www.robbinstbm.com\\\/wp-content\\\/uploads\\\/2017\\\/04\\\/W.Virginia-Select-Photos-49.jpg\",\"datePublished\":\"2017-04-07T06:35:29+00:00\",\"dateModified\":\"2018-04-26T22:50:24+00:00\",\"breadcrumb\":{\"@id\":\"https:\\\/\\\/www.robbinstbm.com\\\/es\\\/neustros-productos\\\/conveyors\\\/stacker-overland\\\/#breadcrumb\"},\"inLanguage\":\"es-ES\",\"potentialAction\":[{\"@type\":\"ReadAction\",\"target\":[\"https:\\\/\\\/www.robbinstbm.com\\\/es\\\/neustros-productos\\\/conveyors\\\/stacker-overland\\\/\"]}]},{\"@type\":\"ImageObject\",\"inLanguage\":\"es-ES\",\"@id\":\"https:\\\/\\\/www.robbinstbm.com\\\/es\\\/neustros-productos\\\/conveyors\\\/stacker-overland\\\/#primaryimage\",\"url\":\"https:\\\/\\\/www.robbinstbm.com\\\/wp-content\\\/uploads\\\/2017\\\/04\\\/W.Virginia-Select-Photos-49.jpg\",\"contentUrl\":\"https:\\\/\\\/www.robbinstbm.com\\\/wp-content\\\/uploads\\\/2017\\\/04\\\/W.Virginia-Select-Photos-49.jpg\",\"width\":3600,\"height\":2400},{\"@type\":\"BreadcrumbList\",\"@id\":\"https:\\\/\\\/www.robbinstbm.com\\\/es\\\/neustros-productos\\\/conveyors\\\/stacker-overland\\\/#breadcrumb\",\"itemListElement\":[{\"@type\":\"ListItem\",\"position\":1,\"name\":\"Home\",\"item\":\"https:\\\/\\\/www.robbinstbm.com\\\/es\\\/\"},{\"@type\":\"ListItem\",\"position\":2,\"name\":\"Productos\",\"item\":\"https:\\\/\\\/www.robbinstbm.com\\\/es\\\/neustros-productos\\\/\"},{\"@type\":\"ListItem\",\"position\":3,\"name\":\"CINTAS TRANSPORTADORAS\",\"item\":\"https:\\\/\\\/www.robbinstbm.com\\\/es\\\/neustros-productos\\\/conveyors\\\/\"},{\"@type\":\"ListItem\",\"position\":4,\"name\":\"CINTAS DE SUPERFICIE Y REPARTIDORAS\"}]},{\"@type\":\"WebSite\",\"@id\":\"https:\\\/\\\/www.robbinstbm.com\\\/#website\",\"url\":\"https:\\\/\\\/www.robbinstbm.com\\\/\",\"name\":\"Robbins\",\"description\":\"Reliable | Responsive\",\"publisher\":{\"@id\":\"https:\\\/\\\/www.robbinstbm.com\\\/#organization\"},\"potentialAction\":[{\"@type\":\"SearchAction\",\"target\":{\"@type\":\"EntryPoint\",\"urlTemplate\":\"https:\\\/\\\/www.robbinstbm.com\\\/?s={search_term_string}\"},\"query-input\":{\"@type\":\"PropertyValueSpecification\",\"valueRequired\":true,\"valueName\":\"search_term_string\"}}],\"inLanguage\":\"es-ES\"},{\"@type\":\"Organization\",\"@id\":\"https:\\\/\\\/www.robbinstbm.com\\\/#organization\",\"name\":\"Robbins\",\"url\":\"https:\\\/\\\/www.robbinstbm.com\\\/\",\"logo\":{\"@type\":\"ImageObject\",\"inLanguage\":\"es-ES\",\"@id\":\"https:\\\/\\\/www.robbinstbm.com\\\/#\\\/schema\\\/logo\\\/image\\\/\",\"url\":\"https:\\\/\\\/www.robbinstbm.com\\\/wp-content\\\/uploads\\\/2021\\\/02\\\/RobbinsLogoColor_Small-Converted-scaled.jpg\",\"contentUrl\":\"https:\\\/\\\/www.robbinstbm.com\\\/wp-content\\\/uploads\\\/2021\\\/02\\\/RobbinsLogoColor_Small-Converted-scaled.jpg\",\"width\":2560,\"height\":929,\"caption\":\"Robbins\"},\"image\":{\"@id\":\"https:\\\/\\\/www.robbinstbm.com\\\/#\\\/schema\\\/logo\\\/image\\\/\"},\"sameAs\":[\"https:\\\/\\\/x.com\\\/Robbins_Co\",\"https:\\\/\\\/www.instagram.com\\\/therobbinscompany\\\/\",\"https:\\\/\\\/www.linkedin.com\\\/groups\\\/4246982\\\/\",\"http:\\\/\\\/www.youtube.com\\\/user\\\/TheRobbinsCo\"]}]}<\/script>\n<!-- \/ Yoast SEO plugin. -->","yoast_head_json":{"title":"CINTAS DE SUPERFICIE Y REPARTIDORAS - Robbins","robots":{"index":"index","follow":"follow","max-snippet":"max-snippet:-1","max-image-preview":"max-image-preview:large","max-video-preview":"max-video-preview:-1"},"canonical":"https:\/\/www.robbinstbm.com\/es\/neustros-productos\/conveyors\/stacker-overland\/","og_locale":"es_ES","og_type":"article","og_title":"CINTAS DE SUPERFICIE Y REPARTIDORAS - Robbins","og_description":"Mu\u00e9valo o ac\u00f3pielo En la mayor\u00eda de proyectos de t\u00fanel, la gesti\u00f3n y almacenamiento del escombro es uno de los principales problemas a abordar, con cuestiones a responder como d\u00f3nde almacenarlo, cu\u00e1ndo transportarlo, c\u00f3mo afectan las restricciones medioambientales vigentes en la zona de obra\u2026 Robbins le ofrece sistemas de cinta repartidora para acopiar el escombro [&hellip;]","og_url":"https:\/\/www.robbinstbm.com\/es\/neustros-productos\/conveyors\/stacker-overland\/","og_site_name":"Robbins","article_modified_time":"2018-04-26T22:50:24+00:00","og_image":[{"width":3600,"height":2400,"url":"https:\/\/www.robbinstbm.com\/wp-content\/uploads\/2017\/04\/W.Virginia-Select-Photos-49.jpg","type":"image\/jpeg"}],"twitter_card":"summary_large_image","twitter_site":"@Robbins_Co","twitter_misc":{"Est. reading time":"2 minutes"},"schema":{"@context":"https:\/\/schema.org","@graph":[{"@type":"WebPage","@id":"https:\/\/www.robbinstbm.com\/es\/neustros-productos\/conveyors\/stacker-overland\/","url":"https:\/\/www.robbinstbm.com\/es\/neustros-productos\/conveyors\/stacker-overland\/","name":"CINTAS DE SUPERFICIE Y REPARTIDORAS - Robbins","isPartOf":{"@id":"https:\/\/www.robbinstbm.com\/#website"},"primaryImageOfPage":{"@id":"https:\/\/www.robbinstbm.com\/es\/neustros-productos\/conveyors\/stacker-overland\/#primaryimage"},"image":{"@id":"https:\/\/www.robbinstbm.com\/es\/neustros-productos\/conveyors\/stacker-overland\/#primaryimage"},"thumbnailUrl":"https:\/\/www.robbinstbm.com\/wp-content\/uploads\/2017\/04\/W.Virginia-Select-Photos-49.jpg","datePublished":"2017-04-07T06:35:29+00:00","dateModified":"2018-04-26T22:50:24+00:00","breadcrumb":{"@id":"https:\/\/www.robbinstbm.com\/es\/neustros-productos\/conveyors\/stacker-overland\/#breadcrumb"},"inLanguage":"es-ES","potentialAction":[{"@type":"ReadAction","target":["https:\/\/www.robbinstbm.com\/es\/neustros-productos\/conveyors\/stacker-overland\/"]}]},{"@type":"ImageObject","inLanguage":"es-ES","@id":"https:\/\/www.robbinstbm.com\/es\/neustros-productos\/conveyors\/stacker-overland\/#primaryimage","url":"https:\/\/www.robbinstbm.com\/wp-content\/uploads\/2017\/04\/W.Virginia-Select-Photos-49.jpg","contentUrl":"https:\/\/www.robbinstbm.com\/wp-content\/uploads\/2017\/04\/W.Virginia-Select-Photos-49.jpg","width":3600,"height":2400},{"@type":"BreadcrumbList","@id":"https:\/\/www.robbinstbm.com\/es\/neustros-productos\/conveyors\/stacker-overland\/#breadcrumb","itemListElement":[{"@type":"ListItem","position":1,"name":"Home","item":"https:\/\/www.robbinstbm.com\/es\/"},{"@type":"ListItem","position":2,"name":"Productos","item":"https:\/\/www.robbinstbm.com\/es\/neustros-productos\/"},{"@type":"ListItem","position":3,"name":"CINTAS TRANSPORTADORAS","item":"https:\/\/www.robbinstbm.com\/es\/neustros-productos\/conveyors\/"},{"@type":"ListItem","position":4,"name":"CINTAS DE SUPERFICIE Y REPARTIDORAS"}]},{"@type":"WebSite","@id":"https:\/\/www.robbinstbm.com\/#website","url":"https:\/\/www.robbinstbm.com\/","name":"Robbins","description":"Reliable | Responsive","publisher":{"@id":"https:\/\/www.robbinstbm.com\/#organization"},"potentialAction":[{"@type":"SearchAction","target":{"@type":"EntryPoint","urlTemplate":"https:\/\/www.robbinstbm.com\/?s={search_term_string}"},"query-input":{"@type":"PropertyValueSpecification","valueRequired":true,"valueName":"search_term_string"}}],"inLanguage":"es-ES"},{"@type":"Organization","@id":"https:\/\/www.robbinstbm.com\/#organization","name":"Robbins","url":"https:\/\/www.robbinstbm.com\/","logo":{"@type":"ImageObject","inLanguage":"es-ES","@id":"https:\/\/www.robbinstbm.com\/#\/schema\/logo\/image\/","url":"https:\/\/www.robbinstbm.com\/wp-content\/uploads\/2021\/02\/RobbinsLogoColor_Small-Converted-scaled.jpg","contentUrl":"https:\/\/www.robbinstbm.com\/wp-content\/uploads\/2021\/02\/RobbinsLogoColor_Small-Converted-scaled.jpg","width":2560,"height":929,"caption":"Robbins"},"image":{"@id":"https:\/\/www.robbinstbm.com\/#\/schema\/logo\/image\/"},"sameAs":["https:\/\/x.com\/Robbins_Co","https:\/\/www.instagram.com\/therobbinscompany\/","https:\/\/www.linkedin.com\/groups\/4246982\/","http:\/\/www.youtube.com\/user\/TheRobbinsCo"]}]}},"_links":{"self":[{"href":"https:\/\/www.robbinstbm.com\/es\/wp-json\/wp\/v2\/pages\/6234","targetHints":{"allow":["GET"]}}],"collection":[{"href":"https:\/\/www.robbinstbm.com\/es\/wp-json\/wp\/v2\/pages"}],"about":[{"href":"https:\/\/www.robbinstbm.com\/es\/wp-json\/wp\/v2\/types\/page"}],"author":[{"embeddable":true,"href":"https:\/\/www.robbinstbm.com\/es\/wp-json\/wp\/v2\/users\/2"}],"replies":[{"embeddable":true,"href":"https:\/\/www.robbinstbm.com\/es\/wp-json\/wp\/v2\/comments?post=6234"}],"version-history":[{"count":0,"href":"https:\/\/www.robbinstbm.com\/es\/wp-json\/wp\/v2\/pages\/6234\/revisions"}],"up":[{"embeddable":true,"href":"https:\/\/www.robbinstbm.com\/es\/wp-json\/wp\/v2\/pages\/6225"}],"wp:featuredmedia":[{"embeddable":true,"href":"https:\/\/www.robbinstbm.com\/es\/wp-json\/wp\/v2\/media\/8406"}],"wp:attachment":[{"href":"https:\/\/www.robbinstbm.com\/es\/wp-json\/wp\/v2\/media?parent=6234"}],"curies":[{"name":"wp","href":"https:\/\/api.w.org\/{rel}","templated":true}]}}