{"id":6240,"date":"2017-04-06T14:48:12","date_gmt":"2017-04-06T21:48:12","guid":{"rendered":"http:\/\/robbinstbm.com\/neustros-productos\/small-boring-machines\/"},"modified":"2018-11-06T10:52:18","modified_gmt":"2018-11-06T18:52:18","slug":"tuneladoras-de-pequeno-diametro","status":"publish","type":"page","link":"https:\/\/www.robbinstbm.com\/es\/neustros-productos\/tuneladoras-de-pequeno-diametro\/","title":{"rendered":"TUNELADORAS DE PEQUE\u00d1O DI\u00c1METRO"},"content":{"rendered":"<h3>PERFORAR ROCA NO ES TAN DURO COMO USTED CREE<\/h3>\n<p>Si desea experimentar la manera m\u00e1s eficaz en cuanto a tiempo y coste de perforar roca dura, no tiene m\u00e1s que adquirir o alquilar una de las perforadoras de peque\u00f1o di\u00e1metro de Robbins. Si su proyecto de instalaci\u00f3n de tubos le obliga excavar en roca, o si usted es un contratista que desea ampliar su capacidad operativa, aqu\u00ed podr\u00e1 informarse acerca de las soluciones probadas, duraderas y de alta calidad que Robbins puede ofrecerle. Contamos con un equipo de profesionales altamente cualificados y con amplia experiencia que pueden ayudarle a afrontar su siguiente proyecto con plena confianza.<\/p>\n<p>Ninguna otra firma sabe m\u00e1s acerca de la perforaci\u00f3n en roca dura.<\/p>\n<p>Haga clic en los siguientes enlaces para conocer mejor los distintos tipos de m\u00e1quinas:<\/p>\n<h3><a href=\"https:\/\/www.robbinstbm.com\/products\/small-boring-machines\/small-boring-units\/\">PERFORADORAS DE PEQUE\u00d1O TAMA\u00d1O ROBBINS (SBU-A)<\/a><\/h3>\n<p>La SBU-A es una cabeza cortadora de roca de peque\u00f1o di\u00e1metro (de 24\u2019\u2019\/600 mm a 72\u2019\u2019\/1,8 m) que puede utilizarse con cualquier perforadora de tornillo sinf\u00edn (ABM) para excavar roca dura en perforaciones de menos de 150 m de longitud. Ha sido probada en cientos de obras en los EE. UU. y m\u00e1s de cien contratistas han demostrado a lo largo y ancho del mundo que la SBU-A funciona mejor que cualquier otro m\u00e9todo de excavaci\u00f3n de t\u00faneles de peque\u00f1o di\u00e1metro en roca dura.<\/p>\n<h3><a href=\"https:\/\/www.robbinstbm.com\/boring-machines\/sbu-m\/\">PERFORADORAS DE PEQUE\u00d1O DI\u00c1METRO MOTORIZADAS ROBBINS (SBU-M)<\/a><\/h3>\n<p>Para excavar t\u00faneles de peque\u00f1o di\u00e1metro en roca dura en los que la fidelidad en la alineaci\u00f3n y la pendiente sea un factor crucial, Robbins pone a su disposici\u00f3n las perforadoras SBU motorizadas (SBU-M). Estas m\u00e1quinas han sido dise\u00f1adas espec\u00edficamente para perforaciones largas (de m\u00e1s de 500 m) en terrenos dif\u00edciles. Se ofrecen con di\u00e1metros de cabeza de corte de entre 48\u2019\u2019\/1,2 m y 78\u2019\u2019\/2,0 m. Le aconsejamos que se familiarice con las SBU-A antes de continuar inform\u00e1ndose acerca de las SBU-M. . Le aconsejamos que se familiarice con las <a href=\"https:\/\/www.robbinstbm.com\/products\/small-boring-machines\/small-boring-units\/\">SBU-As<\/a> antes de continuar inform\u00e1ndose acerca de las SBU-M.<\/p>\n<h3><a href=\"https:\/\/www.robbinstbm.com\/boring-machines\/rockhead\/\">CABEZA DE ROCA ROBBINS (SBU-RHSS o SBU-RHDS)<\/a><\/h3>\n<p>Si su pr\u00f3ximo proyecto le exige mantener la m\u00e1xima precisi\u00f3n en la alineaci\u00f3n y la pendiente y debe excavar una galer\u00eda de mayor longitud (de m\u00e1s de 300 m), le sugerimos que contemple utilizar la cabeza de roca Robbins. Est\u00e1 disponible en di\u00e1metros de entre 54\u2033 (1,35 m) y 78\u2033 (2,0 m). La cabeza de roca Robbins es una potente tuneladora de tama\u00f1o medio disponible en versiones de escudo simple y de doble escudo.<\/p>\n<h3><a href=\"https:\/\/www.robbinstbm.com\/products\/small-boring-machines\/sbu-rc\/\">PERFORADORA DE PEQUE\u00d1O DI\u00c1METRO ROBBINS CON CONTROL REMOTO (SBU-RC)<\/a><\/h3>\n<p>La SBU con control remoto (SBU-RC) representa la soluci\u00f3n definitiva para excavar t\u00faneles de peque\u00f1o di\u00e1metro con una alta precisi\u00f3n. Nuestra m\u00e1s reciente innovaci\u00f3n para terreno mixto y roca dura incluye un sistema de guiado de precisi\u00f3n con un mecanismo de direcci\u00f3n articulado controlado desde la superficie, todo ello en una unidad compacta con un di\u00e1metro de entre 24\u2019\u2019 (600 mm) y 42\u2019\u2019 (1.100 mm).<\/p>\n","protected":false},"excerpt":{"rendered":"<p>PERFORAR ROCA NO ES TAN DURO COMO USTED CREE Si desea experimentar la manera m\u00e1s eficaz en cuanto a tiempo y coste de perforar roca dura, no tiene m\u00e1s que adquirir o alquilar una de las perforadoras de peque\u00f1o di\u00e1metro de Robbins. Si su proyecto de instalaci\u00f3n de tubos le obliga excavar en roca, o [&hellip;]<\/p>\n","protected":false},"author":2,"featured_media":12902,"parent":5983,"menu_order":4,"comment_status":"closed","ping_status":"closed","template":"","meta":{"_acf_changed":false,"footnotes":"","_links_to":"","_links_to_target":""},"class_list":["post-6240","page","type-page","status-publish","has-post-thumbnail","hentry"],"acf":[],"yoast_head":"<!-- This site is optimized with the Yoast SEO plugin v27.2 - https:\/\/yoast.com\/product\/yoast-seo-wordpress\/ -->\n<title>TUNELADORAS DE PEQUE\u00d1O DI\u00c1METRO - Robbins<\/title>\n<meta name=\"robots\" content=\"index, follow, max-snippet:-1, max-image-preview:large, max-video-preview:-1\" \/>\n<link rel=\"canonical\" href=\"https:\/\/www.robbinstbm.com\/es\/neustros-productos\/tuneladoras-de-pequeno-diametro\/\" \/>\n<meta property=\"og:locale\" content=\"es_ES\" \/>\n<meta property=\"og:type\" content=\"article\" \/>\n<meta property=\"og:title\" content=\"TUNELADORAS DE PEQUE\u00d1O DI\u00c1METRO - Robbins\" \/>\n<meta property=\"og:description\" content=\"PERFORAR ROCA NO ES TAN DURO COMO USTED CREE Si desea experimentar la manera m\u00e1s eficaz en cuanto a tiempo y coste de perforar roca dura, no tiene m\u00e1s que adquirir o alquilar una de las perforadoras de peque\u00f1o di\u00e1metro de Robbins. Si su proyecto de instalaci\u00f3n de tubos le obliga excavar en roca, o [&hellip;]\" \/>\n<meta property=\"og:url\" content=\"https:\/\/www.robbinstbm.com\/es\/neustros-productos\/tuneladoras-de-pequeno-diametro\/\" \/>\n<meta property=\"og:site_name\" content=\"Robbins\" \/>\n<meta property=\"article:modified_time\" content=\"2018-11-06T18:52:18+00:00\" \/>\n<meta property=\"og:image\" content=\"https:\/\/www.robbinstbm.com\/wp-content\/uploads\/2017\/04\/1996_image-2_option1-1.jpg\" \/>\n\t<meta property=\"og:image:width\" content=\"900\" \/>\n\t<meta property=\"og:image:height\" content=\"555\" \/>\n\t<meta property=\"og:image:type\" content=\"image\/jpeg\" \/>\n<meta name=\"twitter:card\" content=\"summary_large_image\" \/>\n<meta name=\"twitter:site\" content=\"@Robbins_Co\" \/>\n<meta name=\"twitter:label1\" content=\"Est. reading time\" \/>\n\t<meta name=\"twitter:data1\" content=\"3 minutes\" \/>\n<script type=\"application\/ld+json\" class=\"yoast-schema-graph\">{\"@context\":\"https:\/\/schema.org\",\"@graph\":[{\"@type\":\"WebPage\",\"@id\":\"https:\/\/www.robbinstbm.com\/es\/neustros-productos\/tuneladoras-de-pequeno-diametro\/\",\"url\":\"https:\/\/www.robbinstbm.com\/es\/neustros-productos\/tuneladoras-de-pequeno-diametro\/\",\"name\":\"TUNELADORAS DE PEQUE\u00d1O DI\u00c1METRO - Robbins\",\"isPartOf\":{\"@id\":\"https:\/\/www.robbinstbm.com\/#website\"},\"primaryImageOfPage\":{\"@id\":\"https:\/\/www.robbinstbm.com\/es\/neustros-productos\/tuneladoras-de-pequeno-diametro\/#primaryimage\"},\"image\":{\"@id\":\"https:\/\/www.robbinstbm.com\/es\/neustros-productos\/tuneladoras-de-pequeno-diametro\/#primaryimage\"},\"thumbnailUrl\":\"https:\/\/www.robbinstbm.com\/wp-content\/uploads\/2017\/04\/1996_image-2_option1-1.jpg\",\"datePublished\":\"2017-04-06T21:48:12+00:00\",\"dateModified\":\"2018-11-06T18:52:18+00:00\",\"breadcrumb\":{\"@id\":\"https:\/\/www.robbinstbm.com\/es\/neustros-productos\/tuneladoras-de-pequeno-diametro\/#breadcrumb\"},\"inLanguage\":\"es-ES\",\"potentialAction\":[{\"@type\":\"ReadAction\",\"target\":[\"https:\/\/www.robbinstbm.com\/es\/neustros-productos\/tuneladoras-de-pequeno-diametro\/\"]}]},{\"@type\":\"ImageObject\",\"inLanguage\":\"es-ES\",\"@id\":\"https:\/\/www.robbinstbm.com\/es\/neustros-productos\/tuneladoras-de-pequeno-diametro\/#primaryimage\",\"url\":\"https:\/\/www.robbinstbm.com\/wp-content\/uploads\/2017\/04\/1996_image-2_option1-1.jpg\",\"contentUrl\":\"https:\/\/www.robbinstbm.com\/wp-content\/uploads\/2017\/04\/1996_image-2_option1-1.jpg\",\"width\":900,\"height\":555},{\"@type\":\"BreadcrumbList\",\"@id\":\"https:\/\/www.robbinstbm.com\/es\/neustros-productos\/tuneladoras-de-pequeno-diametro\/#breadcrumb\",\"itemListElement\":[{\"@type\":\"ListItem\",\"position\":1,\"name\":\"Home\",\"item\":\"https:\/\/www.robbinstbm.com\/es\/\"},{\"@type\":\"ListItem\",\"position\":2,\"name\":\"Productos\",\"item\":\"https:\/\/www.robbinstbm.com\/es\/neustros-productos\/\"},{\"@type\":\"ListItem\",\"position\":3,\"name\":\"TUNELADORAS DE PEQUE\u00d1O DI\u00c1METRO\"}]},{\"@type\":\"WebSite\",\"@id\":\"https:\/\/www.robbinstbm.com\/#website\",\"url\":\"https:\/\/www.robbinstbm.com\/\",\"name\":\"Robbins\",\"description\":\"Reliable | Responsive\",\"publisher\":{\"@id\":\"https:\/\/www.robbinstbm.com\/#organization\"},\"potentialAction\":[{\"@type\":\"SearchAction\",\"target\":{\"@type\":\"EntryPoint\",\"urlTemplate\":\"https:\/\/www.robbinstbm.com\/?s={search_term_string}\"},\"query-input\":{\"@type\":\"PropertyValueSpecification\",\"valueRequired\":true,\"valueName\":\"search_term_string\"}}],\"inLanguage\":\"es-ES\"},{\"@type\":\"Organization\",\"@id\":\"https:\/\/www.robbinstbm.com\/#organization\",\"name\":\"Robbins\",\"url\":\"https:\/\/www.robbinstbm.com\/\",\"logo\":{\"@type\":\"ImageObject\",\"inLanguage\":\"es-ES\",\"@id\":\"https:\/\/www.robbinstbm.com\/#\/schema\/logo\/image\/\",\"url\":\"https:\/\/www.robbinstbm.com\/wp-content\/uploads\/2021\/02\/RobbinsLogoColor_Small-Converted-scaled.jpg\",\"contentUrl\":\"https:\/\/www.robbinstbm.com\/wp-content\/uploads\/2021\/02\/RobbinsLogoColor_Small-Converted-scaled.jpg\",\"width\":2560,\"height\":929,\"caption\":\"Robbins\"},\"image\":{\"@id\":\"https:\/\/www.robbinstbm.com\/#\/schema\/logo\/image\/\"},\"sameAs\":[\"https:\/\/x.com\/Robbins_Co\",\"https:\/\/www.instagram.com\/therobbinscompany\/\",\"https:\/\/www.linkedin.com\/groups\/4246982\/\",\"http:\/\/www.youtube.com\/user\/TheRobbinsCo\"]}]}<\/script>\n<!-- \/ Yoast SEO plugin. -->","yoast_head_json":{"title":"TUNELADORAS DE PEQUE\u00d1O DI\u00c1METRO - Robbins","robots":{"index":"index","follow":"follow","max-snippet":"max-snippet:-1","max-image-preview":"max-image-preview:large","max-video-preview":"max-video-preview:-1"},"canonical":"https:\/\/www.robbinstbm.com\/es\/neustros-productos\/tuneladoras-de-pequeno-diametro\/","og_locale":"es_ES","og_type":"article","og_title":"TUNELADORAS DE PEQUE\u00d1O DI\u00c1METRO - Robbins","og_description":"PERFORAR ROCA NO ES TAN DURO COMO USTED CREE Si desea experimentar la manera m\u00e1s eficaz en cuanto a tiempo y coste de perforar roca dura, no tiene m\u00e1s que adquirir o alquilar una de las perforadoras de peque\u00f1o di\u00e1metro de Robbins. Si su proyecto de instalaci\u00f3n de tubos le obliga excavar en roca, o [&hellip;]","og_url":"https:\/\/www.robbinstbm.com\/es\/neustros-productos\/tuneladoras-de-pequeno-diametro\/","og_site_name":"Robbins","article_modified_time":"2018-11-06T18:52:18+00:00","og_image":[{"width":900,"height":555,"url":"https:\/\/www.robbinstbm.com\/wp-content\/uploads\/2017\/04\/1996_image-2_option1-1.jpg","type":"image\/jpeg"}],"twitter_card":"summary_large_image","twitter_site":"@Robbins_Co","twitter_misc":{"Est. reading time":"3 minutes"},"schema":{"@context":"https:\/\/schema.org","@graph":[{"@type":"WebPage","@id":"https:\/\/www.robbinstbm.com\/es\/neustros-productos\/tuneladoras-de-pequeno-diametro\/","url":"https:\/\/www.robbinstbm.com\/es\/neustros-productos\/tuneladoras-de-pequeno-diametro\/","name":"TUNELADORAS DE PEQUE\u00d1O DI\u00c1METRO - Robbins","isPartOf":{"@id":"https:\/\/www.robbinstbm.com\/#website"},"primaryImageOfPage":{"@id":"https:\/\/www.robbinstbm.com\/es\/neustros-productos\/tuneladoras-de-pequeno-diametro\/#primaryimage"},"image":{"@id":"https:\/\/www.robbinstbm.com\/es\/neustros-productos\/tuneladoras-de-pequeno-diametro\/#primaryimage"},"thumbnailUrl":"https:\/\/www.robbinstbm.com\/wp-content\/uploads\/2017\/04\/1996_image-2_option1-1.jpg","datePublished":"2017-04-06T21:48:12+00:00","dateModified":"2018-11-06T18:52:18+00:00","breadcrumb":{"@id":"https:\/\/www.robbinstbm.com\/es\/neustros-productos\/tuneladoras-de-pequeno-diametro\/#breadcrumb"},"inLanguage":"es-ES","potentialAction":[{"@type":"ReadAction","target":["https:\/\/www.robbinstbm.com\/es\/neustros-productos\/tuneladoras-de-pequeno-diametro\/"]}]},{"@type":"ImageObject","inLanguage":"es-ES","@id":"https:\/\/www.robbinstbm.com\/es\/neustros-productos\/tuneladoras-de-pequeno-diametro\/#primaryimage","url":"https:\/\/www.robbinstbm.com\/wp-content\/uploads\/2017\/04\/1996_image-2_option1-1.jpg","contentUrl":"https:\/\/www.robbinstbm.com\/wp-content\/uploads\/2017\/04\/1996_image-2_option1-1.jpg","width":900,"height":555},{"@type":"BreadcrumbList","@id":"https:\/\/www.robbinstbm.com\/es\/neustros-productos\/tuneladoras-de-pequeno-diametro\/#breadcrumb","itemListElement":[{"@type":"ListItem","position":1,"name":"Home","item":"https:\/\/www.robbinstbm.com\/es\/"},{"@type":"ListItem","position":2,"name":"Productos","item":"https:\/\/www.robbinstbm.com\/es\/neustros-productos\/"},{"@type":"ListItem","position":3,"name":"TUNELADORAS DE PEQUE\u00d1O DI\u00c1METRO"}]},{"@type":"WebSite","@id":"https:\/\/www.robbinstbm.com\/#website","url":"https:\/\/www.robbinstbm.com\/","name":"Robbins","description":"Reliable | Responsive","publisher":{"@id":"https:\/\/www.robbinstbm.com\/#organization"},"potentialAction":[{"@type":"SearchAction","target":{"@type":"EntryPoint","urlTemplate":"https:\/\/www.robbinstbm.com\/?s={search_term_string}"},"query-input":{"@type":"PropertyValueSpecification","valueRequired":true,"valueName":"search_term_string"}}],"inLanguage":"es-ES"},{"@type":"Organization","@id":"https:\/\/www.robbinstbm.com\/#organization","name":"Robbins","url":"https:\/\/www.robbinstbm.com\/","logo":{"@type":"ImageObject","inLanguage":"es-ES","@id":"https:\/\/www.robbinstbm.com\/#\/schema\/logo\/image\/","url":"https:\/\/www.robbinstbm.com\/wp-content\/uploads\/2021\/02\/RobbinsLogoColor_Small-Converted-scaled.jpg","contentUrl":"https:\/\/www.robbinstbm.com\/wp-content\/uploads\/2021\/02\/RobbinsLogoColor_Small-Converted-scaled.jpg","width":2560,"height":929,"caption":"Robbins"},"image":{"@id":"https:\/\/www.robbinstbm.com\/#\/schema\/logo\/image\/"},"sameAs":["https:\/\/x.com\/Robbins_Co","https:\/\/www.instagram.com\/therobbinscompany\/","https:\/\/www.linkedin.com\/groups\/4246982\/","http:\/\/www.youtube.com\/user\/TheRobbinsCo"]}]}},"_links":{"self":[{"href":"https:\/\/www.robbinstbm.com\/es\/wp-json\/wp\/v2\/pages\/6240","targetHints":{"allow":["GET"]}}],"collection":[{"href":"https:\/\/www.robbinstbm.com\/es\/wp-json\/wp\/v2\/pages"}],"about":[{"href":"https:\/\/www.robbinstbm.com\/es\/wp-json\/wp\/v2\/types\/page"}],"author":[{"embeddable":true,"href":"https:\/\/www.robbinstbm.com\/es\/wp-json\/wp\/v2\/users\/2"}],"replies":[{"embeddable":true,"href":"https:\/\/www.robbinstbm.com\/es\/wp-json\/wp\/v2\/comments?post=6240"}],"version-history":[{"count":0,"href":"https:\/\/www.robbinstbm.com\/es\/wp-json\/wp\/v2\/pages\/6240\/revisions"}],"up":[{"embeddable":true,"href":"https:\/\/www.robbinstbm.com\/es\/wp-json\/wp\/v2\/pages\/5983"}],"wp:featuredmedia":[{"embeddable":true,"href":"https:\/\/www.robbinstbm.com\/es\/wp-json\/wp\/v2\/media\/12902"}],"wp:attachment":[{"href":"https:\/\/www.robbinstbm.com\/es\/wp-json\/wp\/v2\/media?parent=6240"}],"curies":[{"name":"wp","href":"https:\/\/api.w.org\/{rel}","templated":true}]}}