{"id":6243,"date":"2017-04-06T23:35:55","date_gmt":"2017-04-07T06:35:55","guid":{"rendered":"http:\/\/robbinstbm.com\/neustros-productos\/small-boring-machines\/small-boring-units\/"},"modified":"2018-11-06T11:20:31","modified_gmt":"2018-11-06T19:20:31","slug":"tuneladoras-de-pequeno-tamano","status":"publish","type":"page","link":"https:\/\/www.robbinstbm.com\/es\/neustros-productos\/tuneladoras-de-pequeno-diametro\/tuneladoras-de-pequeno-tamano\/","title":{"rendered":"TUNELADORAS DE PEQUE\u00d1O TAMA\u00d1O"},"content":{"rendered":"<h1>Imagine que en su pr\u00f3ximo proyecto pudiera contar con la mejor<br \/>\ntecnolog\u00eda de perforaci\u00f3n de roca que haya existido<\/h1>\n<p>Si quiere disponer del sistema m\u00e1s r\u00e1pido y econ\u00f3mico para horadar roca dura, deber\u00e1 adquirir o alquilar la perforadora Robbins de peque\u00f1o di\u00e1metro (SBU-A), una m\u00e1quina que ha sido probada en cientos de obras a todo lo largo de los EE. UU. Si utiliza la SBU-A Robbins en su pr\u00f3xima obra, se impondr\u00e1 a sus competidores en el concurso de licitaci\u00f3n, impresionar\u00e1 al contratista y concluir\u00e1 el proyecto plenamente satisfecho con los beneficios.<\/p>\n<p>No existe ninguna otra firma que atesore mayores conocimientos acerca de la excavaci\u00f3n en roca dura. No hay ninguna capaz de fabricar un producto como nuestra SBU. M\u00e1s de un centenar de contratistas de todas partes de los Estados Unidos han demostrado que la SBU-A funciona mejor que cualquier otro m\u00e9todo de excavaci\u00f3n en roca con peque\u00f1os di\u00e1metros.<\/p>\n<p>Este equipo ha sido utilizado con \u00e9xito por muchos contratistas a lo largo de todos los EE. UU. De hecho, algunos contratistas disponen de una versi\u00f3n de la SBU-A en cada uno de los tama\u00f1os fabricados por Robbins<\/p>\n<h2>\u00bfEn qu\u00e9 consiste la SBU-A Robbins?<\/h2>\n<p><img loading=\"lazy\" decoding=\"async\" class=\"size-large wp-image-8386 aligncenter\" src=\"https:\/\/www.robbinstbm.com\/wp-content\/uploads\/2017\/04\/SBU-A-drawing-1024x521.jpg\" alt=\"\" width=\"1024\" height=\"521\" srcset=\"https:\/\/www.robbinstbm.com\/wp-content\/uploads\/2017\/04\/SBU-A-drawing-1024x521.jpg 1024w, https:\/\/www.robbinstbm.com\/wp-content\/uploads\/2017\/04\/SBU-A-drawing-300x153.jpg 300w, https:\/\/www.robbinstbm.com\/wp-content\/uploads\/2017\/04\/SBU-A-drawing-768x391.jpg 768w\" sizes=\"auto, (max-width: 1024px) 100vw, 1024px\" \/><\/p>\n<p>La SBU-A es una cabeza de corte de peque\u00f1o di\u00e1metro con un soporte de rodamiento de empuje (desde 24\u2019\u2019\/600 mm hasta 72\u2019\u2019\/1,8 m) que se puede utilizar junto con cualquier perforadora sinf\u00edn (ABM) de entre 36\u2019\u2019 (900 mm) y 72\u2019\u2019 (1,8 m). La SBU-A va soldada a la tuber\u00eda y la ABM se acopla a la SBU directamente a trav\u00e9s de un eje hexagonal en el soporte del rodamiento. La m\u00e1quina presenta un rodamiento de alta capacidad de empuje y dispone de alojamientos para minicortadores de disco, que se fabrican en tres tama\u00f1os diferentes, en funci\u00f3n de las exigencias de su proyecto. La m\u00e1quina puede guiarse para ajustarse con total precisi\u00f3n a la geometr\u00eda proyectada para el t\u00fanel.<\/p>\n<p>&nbsp;<\/p>\n<h3>LA M\u00c1QUINA IDEAL PARA SU PROYECTO: DI\u00c1METROS, LONGITUDES Y CAPACIDADES<\/h3>\n<p><img loading=\"lazy\" decoding=\"async\" class=\"aligncenter size-full wp-image-7202\" src=\"https:\/\/www.robbinstbm.com\/wp-content\/uploads\/2017\/04\/SBU-A_image-1.jpg\" alt=\"\" width=\"2000\" height=\"1333\" srcset=\"https:\/\/www.robbinstbm.com\/wp-content\/uploads\/2017\/04\/SBU-A_image-1.jpg 2000w, https:\/\/www.robbinstbm.com\/wp-content\/uploads\/2017\/04\/SBU-A_image-1-300x200.jpg 300w, https:\/\/www.robbinstbm.com\/wp-content\/uploads\/2017\/04\/SBU-A_image-1-768x512.jpg 768w, https:\/\/www.robbinstbm.com\/wp-content\/uploads\/2017\/04\/SBU-A_image-1-1024x682.jpg 1024w\" sizes=\"auto, (max-width: 2000px) 100vw, 2000px\" \/><\/p>\n<h4>DI\u00c1METROS A ELEGIR ENTE 24\u2033 (600 mm) Y 72\u2033 (1,8 m)<\/h4>\n<p>La SBU-A y todos sus componentes est\u00e1n disponibles en cualquier di\u00e1metro compatible con tuber\u00edas de di\u00e1metros convencionales tanto en unidades del sistema est\u00e1ndar anglosaj\u00f3n (pulgadas) como del sistema m\u00e9trico internacional (mm).<\/p>\n<h4>LA SBU-A ES CAPAZ DE REALIZAR PERFORACIONES DE M\u00c1S DE 150 M DE LONGITUD<\/h4>\n<p>La mayor\u00eda de las galer\u00edas que se excavan van de los 30 a los 90 m de longitud; no obstante, varios contratistas han empleado la SBU en perforaciones que exceden los 150 m. La longitud de la perforaci\u00f3n depender\u00e1 de las condiciones del terreno. Consulte con cualquier representante de Robbins para descubrir las posibilidades que le ofrece la SBU para su proyecto en particular.<\/p>\n<h4>LA SBU-A PUEDE PERFORAR ROCAS CON UNA RESISTENCIA DE ENTRE 25 Y 170 MPA<\/h4>\n<p>Esta caracter\u00edstica le permite excavar rocas sin tener que soportar los molestos martillos neum\u00e1ticos u otras herramientas menos eficaces. Es capaz de excavar m\u00e1s r\u00e1pido en perforaciones en roca de peque\u00f1o di\u00e1metro que con cualquier otro medio disponible en el mercado y, gracias a la eficacia del cortador de disco, le permitir\u00e1 excavar en roca a un precio m\u00e1s reducido.<\/p>\n<h4>LA SBU-A NO SOLO SE LIMITA A HORADAR ROCA DURA<\/h4>\n<p>Si su proyecto transcurre entre terrenos mixtos con inclusiones rocosas, contamos con distintas cabezas de corte que se adaptar\u00e1n a sus necesidades. En funci\u00f3n de las condiciones, las cabezas de corte para terrenos mixtos pueden ofrecer una combinaci\u00f3n de cortadores de disco individuales o dos filas de botones de carburo de tungsteno, as\u00ed como picas de carburo. La amplitud de las aberturas presentes en la cabeza de corte permite el paso de las rocas extra\u00eddas sin ralentizar la excavaci\u00f3n.<\/p>\n<h3>CARACTER\u00cdSTICAS Y VENTAJAS<\/h3>\n<table>\n<tbody>\n<tr>\n<td width=\"50%\">\n<h4>LA SBU-A DISPONE DE UNA ROBUSTA CABEZA DE CORTE CON ALOJAMIENTOS PARA LOS CORTADORES<\/h4>\n<p>La cabeza de corte es una versi\u00f3n a peque\u00f1a escala de las innovadoras tuneladoras de roca dura de Robbins. La cabeza de corte est\u00e1 configurada espec\u00edficamente para perforar roca dura.<\/p>\n<h4>LA SBU-A CUENTA CON MINICORTADORES DE G\u00c1LIBO PATENTADOS QUE RESISTEN HASTA EL FINAL DE LA PERFORACI\u00d3N<\/h4>\n<p>Con la SBU-A podr\u00e1 cortar roca con la mayor facilidad. Los cortadores permiten cortar la roca de manera eficiente siguiendo el mismo procedimiento que emplean las tuneladoras. Se presentan en los siguientes tama\u00f1os: 6,5\u2033, 9,5\u2033 y 11,5\u2033, para ajustarse a los requisitos de su proyecto. Cuando se enfrenta a la roca, la fuerza aplicada en la punta del cortador es tan intensa que crea peque\u00f1as fracturas en la roca que acaban desgajando la roca en esquirlas.<\/td>\n<td width=\"50%\">\n<h4>LOS ESCOMBROS SE ELIMINAN MEDIANTE UN SINF\u00cdN, VAGONES O CINTAS DE PEQUE\u00d1O TAMA\u00d1O<\/h4>\n<p>Existen dos m\u00e9todos sencillos para extraer el material excavado. Para t\u00faneles m\u00e1s cortos, se puede utilizar el sinf\u00edn; si bien, los vagones pueden ofrecer una opci\u00f3n econ\u00f3mica en este tipo de perforaciones. Para t\u00faneles de mayor longitud, se puede instalar una peque\u00f1a cinta transportadora. La decisi\u00f3n depender\u00e1 principalmente de los requisitos de su proyecto.<\/p>\n<h4>GUIADO DE LA SBU-A CON ZAPATAS INTEGRALES DE ESTABILIZACI\u00d3N Y GUIADO <\/h4>\n<p>El control preciso de la geometr\u00eda del t\u00fanel le permitir\u00e1 acometer instalaciones de t\u00faneles de gravedad. No es necesario guiar la m\u00e1quina a lo largo de toda la perforaci\u00f3n, sino que las zapatas se ajustan durante los primeros 6-12 m de excavaci\u00f3n para orientar la m\u00e1quina en la direcci\u00f3n correcta. El tama\u00f1o est\u00e1ndar de las zapatas para la SBU-A es de 30\u2033 (762 mm) en adelante.<\/td>\n<\/tr>\n<\/tbody>\n<\/table>\n<h3><img loading=\"lazy\" decoding=\"async\" class=\"aligncenter size-full wp-image-7204\" src=\"https:\/\/www.robbinstbm.com\/wp-content\/uploads\/2017\/04\/SBU-A_image-4-e1496184302984.jpg\" alt=\"\" width=\"1495\" height=\"1546\" srcset=\"https:\/\/www.robbinstbm.com\/wp-content\/uploads\/2017\/04\/SBU-A_image-4-e1496184302984.jpg 1495w, https:\/\/www.robbinstbm.com\/wp-content\/uploads\/2017\/04\/SBU-A_image-4-e1496184302984-290x300.jpg 290w, https:\/\/www.robbinstbm.com\/wp-content\/uploads\/2017\/04\/SBU-A_image-4-e1496184302984-768x794.jpg 768w, https:\/\/www.robbinstbm.com\/wp-content\/uploads\/2017\/04\/SBU-A_image-4-e1496184302984-990x1024.jpg 990w\" sizes=\"auto, (max-width: 1495px) 100vw, 1495px\" \/><\/h3>\n<h3>SU PROYECTO: DE PRINCIPIO A FIN<\/h3>\n<p>P\u00f3ngase en contacto con un representante de Robbins para exponerle su proyecto. Gracias a nuestra vasta experiencia en la obra subterr\u00e1nea, somos capaces de atender hasta al m\u00e1s peque\u00f1o detalle de su proyecto y de recomendarle la m\u00e1quina que mejor se adapte.<\/p>\n<h4>\u00bfCOMPRA O ALQUILER?<\/h4>\n<p>Robbins ofrece la SBU-A en di\u00e1metros desde 24\u2033 (600 mm) a 72\u2033 (1,8 m). Todos estos productos est\u00e1n disponibles en nuestras instalaciones de Solon (Ohio, EE. UU.) y Kent (Washington, EE. UU.) para compra o alquiler. Los equipos se alquilan por meses, con un periodo m\u00ednimo de dos semanas. Si, una vez concluido el proyecto, desea adquirir la m\u00e1quina en propiedad, podr\u00e1 descontar del precio de adquisici\u00f3n del equipo una parte sustancial del alquiler.<\/p>\n<h4>\u00bfCU\u00c1L ES EL PROCESO?<\/h4>\n<p>Tendr\u00e1 a su disposici\u00f3n a un miembro muy experimentado del equipo t\u00e9cnico de Robbins que le ayudar\u00e1 a instalar su SBU-A, del mismo modo que ha instalado cientos de equipos antes de este. Visitaremos su obra y le ense\u00f1aremos a usted y a su equipo a utilizar la SBU-A de manera que no le quede duda o temor alguno. Le acompa\u00f1aremos en todo momento, desde que elija la m\u00e1quina hasta que haya concluido su tarea. <\/p>\n\t<div class=\"video-container\">\n\t\t<iframe src=\"https:\/\/www.youtube.com\/embed\/Fo-o0EjM01Q?rel=0&amp;showinfo=0\" frameborder=\"0\" allowfullscreen><\/iframe>\n\t<\/div>\n\t\n","protected":false},"excerpt":{"rendered":"<p>Imagine que en su pr\u00f3ximo proyecto pudiera contar con la mejor tecnolog\u00eda de perforaci\u00f3n de roca que haya existido Si quiere disponer del sistema m\u00e1s r\u00e1pido y econ\u00f3mico para horadar roca dura, deber\u00e1 adquirir o alquilar la perforadora Robbins de peque\u00f1o di\u00e1metro (SBU-A), una m\u00e1quina que ha sido probada en cientos de obras a todo [&hellip;]<\/p>\n","protected":false},"author":2,"featured_media":13670,"parent":6240,"menu_order":1,"comment_status":"closed","ping_status":"closed","template":"single-mcm_project.php","meta":{"_acf_changed":false,"footnotes":"","_links_to":"","_links_to_target":""},"class_list":["post-6243","page","type-page","status-publish","has-post-thumbnail","hentry"],"acf":[],"yoast_head":"<!-- This site is optimized with the Yoast SEO plugin v27.3 - https:\/\/yoast.com\/product\/yoast-seo-wordpress\/ -->\n<title>TUNELADORAS DE PEQUE\u00d1O TAMA\u00d1O - Robbins<\/title>\n<meta name=\"robots\" content=\"index, follow, max-snippet:-1, max-image-preview:large, max-video-preview:-1\" \/>\n<link rel=\"canonical\" href=\"https:\/\/www.robbinstbm.com\/es\/neustros-productos\/tuneladoras-de-pequeno-diametro\/tuneladoras-de-pequeno-tamano\/\" \/>\n<meta property=\"og:locale\" content=\"es_ES\" \/>\n<meta property=\"og:type\" content=\"article\" \/>\n<meta property=\"og:title\" content=\"TUNELADORAS DE PEQUE\u00d1O TAMA\u00d1O - Robbins\" \/>\n<meta property=\"og:description\" content=\"Imagine que en su pr\u00f3ximo proyecto pudiera contar con la mejor tecnolog\u00eda de perforaci\u00f3n de roca que haya existido Si quiere disponer del sistema m\u00e1s r\u00e1pido y econ\u00f3mico para horadar roca dura, deber\u00e1 adquirir o alquilar la perforadora Robbins de peque\u00f1o di\u00e1metro (SBU-A), una m\u00e1quina que ha sido probada en cientos de obras a todo [&hellip;]\" \/>\n<meta property=\"og:url\" content=\"https:\/\/www.robbinstbm.com\/es\/neustros-productos\/tuneladoras-de-pequeno-diametro\/tuneladoras-de-pequeno-tamano\/\" \/>\n<meta property=\"og:site_name\" content=\"Robbins\" \/>\n<meta property=\"article:modified_time\" content=\"2018-11-06T19:20:31+00:00\" \/>\n<meta property=\"og:image\" content=\"https:\/\/www.robbinstbm.com\/wp-content\/uploads\/2017\/04\/SBU-A_image-1.jpg\" \/>\n\t<meta property=\"og:image:width\" content=\"2000\" \/>\n\t<meta property=\"og:image:height\" content=\"1333\" \/>\n\t<meta property=\"og:image:type\" content=\"image\/jpeg\" \/>\n<meta name=\"twitter:card\" content=\"summary_large_image\" \/>\n<meta name=\"twitter:site\" content=\"@Robbins_Co\" \/>\n<meta name=\"twitter:label1\" content=\"Est. reading time\" \/>\n\t<meta name=\"twitter:data1\" content=\"6 minutes\" \/>\n<script type=\"application\/ld+json\" class=\"yoast-schema-graph\">{\"@context\":\"https:\\\/\\\/schema.org\",\"@graph\":[{\"@type\":\"WebPage\",\"@id\":\"https:\\\/\\\/www.robbinstbm.com\\\/es\\\/neustros-productos\\\/tuneladoras-de-pequeno-diametro\\\/tuneladoras-de-pequeno-tamano\\\/\",\"url\":\"https:\\\/\\\/www.robbinstbm.com\\\/es\\\/neustros-productos\\\/tuneladoras-de-pequeno-diametro\\\/tuneladoras-de-pequeno-tamano\\\/\",\"name\":\"TUNELADORAS DE PEQUE\u00d1O TAMA\u00d1O - Robbins\",\"isPartOf\":{\"@id\":\"https:\\\/\\\/www.robbinstbm.com\\\/#website\"},\"primaryImageOfPage\":{\"@id\":\"https:\\\/\\\/www.robbinstbm.com\\\/es\\\/neustros-productos\\\/tuneladoras-de-pequeno-diametro\\\/tuneladoras-de-pequeno-tamano\\\/#primaryimage\"},\"image\":{\"@id\":\"https:\\\/\\\/www.robbinstbm.com\\\/es\\\/neustros-productos\\\/tuneladoras-de-pequeno-diametro\\\/tuneladoras-de-pequeno-tamano\\\/#primaryimage\"},\"thumbnailUrl\":\"https:\\\/\\\/www.robbinstbm.com\\\/wp-content\\\/uploads\\\/2017\\\/04\\\/SBU-A_image-1.jpg\",\"datePublished\":\"2017-04-07T06:35:55+00:00\",\"dateModified\":\"2018-11-06T19:20:31+00:00\",\"breadcrumb\":{\"@id\":\"https:\\\/\\\/www.robbinstbm.com\\\/es\\\/neustros-productos\\\/tuneladoras-de-pequeno-diametro\\\/tuneladoras-de-pequeno-tamano\\\/#breadcrumb\"},\"inLanguage\":\"es-ES\",\"potentialAction\":[{\"@type\":\"ReadAction\",\"target\":[\"https:\\\/\\\/www.robbinstbm.com\\\/es\\\/neustros-productos\\\/tuneladoras-de-pequeno-diametro\\\/tuneladoras-de-pequeno-tamano\\\/\"]}]},{\"@type\":\"ImageObject\",\"inLanguage\":\"es-ES\",\"@id\":\"https:\\\/\\\/www.robbinstbm.com\\\/es\\\/neustros-productos\\\/tuneladoras-de-pequeno-diametro\\\/tuneladoras-de-pequeno-tamano\\\/#primaryimage\",\"url\":\"https:\\\/\\\/www.robbinstbm.com\\\/wp-content\\\/uploads\\\/2017\\\/04\\\/SBU-A_image-1.jpg\",\"contentUrl\":\"https:\\\/\\\/www.robbinstbm.com\\\/wp-content\\\/uploads\\\/2017\\\/04\\\/SBU-A_image-1.jpg\",\"width\":2000,\"height\":1333},{\"@type\":\"BreadcrumbList\",\"@id\":\"https:\\\/\\\/www.robbinstbm.com\\\/es\\\/neustros-productos\\\/tuneladoras-de-pequeno-diametro\\\/tuneladoras-de-pequeno-tamano\\\/#breadcrumb\",\"itemListElement\":[{\"@type\":\"ListItem\",\"position\":1,\"name\":\"Home\",\"item\":\"https:\\\/\\\/www.robbinstbm.com\\\/es\\\/\"},{\"@type\":\"ListItem\",\"position\":2,\"name\":\"Productos\",\"item\":\"https:\\\/\\\/www.robbinstbm.com\\\/es\\\/neustros-productos\\\/\"},{\"@type\":\"ListItem\",\"position\":3,\"name\":\"TUNELADORAS DE PEQUE\u00d1O DI\u00c1METRO\",\"item\":\"https:\\\/\\\/www.robbinstbm.com\\\/es\\\/neustros-productos\\\/tuneladoras-de-pequeno-diametro\\\/\"},{\"@type\":\"ListItem\",\"position\":4,\"name\":\"TUNELADORAS DE PEQUE\u00d1O TAMA\u00d1O\"}]},{\"@type\":\"WebSite\",\"@id\":\"https:\\\/\\\/www.robbinstbm.com\\\/#website\",\"url\":\"https:\\\/\\\/www.robbinstbm.com\\\/\",\"name\":\"Robbins\",\"description\":\"Reliable | Responsive\",\"publisher\":{\"@id\":\"https:\\\/\\\/www.robbinstbm.com\\\/#organization\"},\"potentialAction\":[{\"@type\":\"SearchAction\",\"target\":{\"@type\":\"EntryPoint\",\"urlTemplate\":\"https:\\\/\\\/www.robbinstbm.com\\\/?s={search_term_string}\"},\"query-input\":{\"@type\":\"PropertyValueSpecification\",\"valueRequired\":true,\"valueName\":\"search_term_string\"}}],\"inLanguage\":\"es-ES\"},{\"@type\":\"Organization\",\"@id\":\"https:\\\/\\\/www.robbinstbm.com\\\/#organization\",\"name\":\"Robbins\",\"url\":\"https:\\\/\\\/www.robbinstbm.com\\\/\",\"logo\":{\"@type\":\"ImageObject\",\"inLanguage\":\"es-ES\",\"@id\":\"https:\\\/\\\/www.robbinstbm.com\\\/#\\\/schema\\\/logo\\\/image\\\/\",\"url\":\"https:\\\/\\\/www.robbinstbm.com\\\/wp-content\\\/uploads\\\/2021\\\/02\\\/RobbinsLogoColor_Small-Converted-scaled.jpg\",\"contentUrl\":\"https:\\\/\\\/www.robbinstbm.com\\\/wp-content\\\/uploads\\\/2021\\\/02\\\/RobbinsLogoColor_Small-Converted-scaled.jpg\",\"width\":2560,\"height\":929,\"caption\":\"Robbins\"},\"image\":{\"@id\":\"https:\\\/\\\/www.robbinstbm.com\\\/#\\\/schema\\\/logo\\\/image\\\/\"},\"sameAs\":[\"https:\\\/\\\/x.com\\\/Robbins_Co\",\"https:\\\/\\\/www.instagram.com\\\/therobbinscompany\\\/\",\"https:\\\/\\\/www.linkedin.com\\\/groups\\\/4246982\\\/\",\"http:\\\/\\\/www.youtube.com\\\/user\\\/TheRobbinsCo\"]}]}<\/script>\n<!-- \/ Yoast SEO plugin. -->","yoast_head_json":{"title":"TUNELADORAS DE PEQUE\u00d1O TAMA\u00d1O - Robbins","robots":{"index":"index","follow":"follow","max-snippet":"max-snippet:-1","max-image-preview":"max-image-preview:large","max-video-preview":"max-video-preview:-1"},"canonical":"https:\/\/www.robbinstbm.com\/es\/neustros-productos\/tuneladoras-de-pequeno-diametro\/tuneladoras-de-pequeno-tamano\/","og_locale":"es_ES","og_type":"article","og_title":"TUNELADORAS DE PEQUE\u00d1O TAMA\u00d1O - Robbins","og_description":"Imagine que en su pr\u00f3ximo proyecto pudiera contar con la mejor tecnolog\u00eda de perforaci\u00f3n de roca que haya existido Si quiere disponer del sistema m\u00e1s r\u00e1pido y econ\u00f3mico para horadar roca dura, deber\u00e1 adquirir o alquilar la perforadora Robbins de peque\u00f1o di\u00e1metro (SBU-A), una m\u00e1quina que ha sido probada en cientos de obras a todo [&hellip;]","og_url":"https:\/\/www.robbinstbm.com\/es\/neustros-productos\/tuneladoras-de-pequeno-diametro\/tuneladoras-de-pequeno-tamano\/","og_site_name":"Robbins","article_modified_time":"2018-11-06T19:20:31+00:00","og_image":[{"width":2000,"height":1333,"url":"https:\/\/www.robbinstbm.com\/wp-content\/uploads\/2017\/04\/SBU-A_image-1.jpg","type":"image\/jpeg"}],"twitter_card":"summary_large_image","twitter_site":"@Robbins_Co","twitter_misc":{"Est. reading time":"6 minutes"},"schema":{"@context":"https:\/\/schema.org","@graph":[{"@type":"WebPage","@id":"https:\/\/www.robbinstbm.com\/es\/neustros-productos\/tuneladoras-de-pequeno-diametro\/tuneladoras-de-pequeno-tamano\/","url":"https:\/\/www.robbinstbm.com\/es\/neustros-productos\/tuneladoras-de-pequeno-diametro\/tuneladoras-de-pequeno-tamano\/","name":"TUNELADORAS DE PEQUE\u00d1O TAMA\u00d1O - Robbins","isPartOf":{"@id":"https:\/\/www.robbinstbm.com\/#website"},"primaryImageOfPage":{"@id":"https:\/\/www.robbinstbm.com\/es\/neustros-productos\/tuneladoras-de-pequeno-diametro\/tuneladoras-de-pequeno-tamano\/#primaryimage"},"image":{"@id":"https:\/\/www.robbinstbm.com\/es\/neustros-productos\/tuneladoras-de-pequeno-diametro\/tuneladoras-de-pequeno-tamano\/#primaryimage"},"thumbnailUrl":"https:\/\/www.robbinstbm.com\/wp-content\/uploads\/2017\/04\/SBU-A_image-1.jpg","datePublished":"2017-04-07T06:35:55+00:00","dateModified":"2018-11-06T19:20:31+00:00","breadcrumb":{"@id":"https:\/\/www.robbinstbm.com\/es\/neustros-productos\/tuneladoras-de-pequeno-diametro\/tuneladoras-de-pequeno-tamano\/#breadcrumb"},"inLanguage":"es-ES","potentialAction":[{"@type":"ReadAction","target":["https:\/\/www.robbinstbm.com\/es\/neustros-productos\/tuneladoras-de-pequeno-diametro\/tuneladoras-de-pequeno-tamano\/"]}]},{"@type":"ImageObject","inLanguage":"es-ES","@id":"https:\/\/www.robbinstbm.com\/es\/neustros-productos\/tuneladoras-de-pequeno-diametro\/tuneladoras-de-pequeno-tamano\/#primaryimage","url":"https:\/\/www.robbinstbm.com\/wp-content\/uploads\/2017\/04\/SBU-A_image-1.jpg","contentUrl":"https:\/\/www.robbinstbm.com\/wp-content\/uploads\/2017\/04\/SBU-A_image-1.jpg","width":2000,"height":1333},{"@type":"BreadcrumbList","@id":"https:\/\/www.robbinstbm.com\/es\/neustros-productos\/tuneladoras-de-pequeno-diametro\/tuneladoras-de-pequeno-tamano\/#breadcrumb","itemListElement":[{"@type":"ListItem","position":1,"name":"Home","item":"https:\/\/www.robbinstbm.com\/es\/"},{"@type":"ListItem","position":2,"name":"Productos","item":"https:\/\/www.robbinstbm.com\/es\/neustros-productos\/"},{"@type":"ListItem","position":3,"name":"TUNELADORAS DE PEQUE\u00d1O DI\u00c1METRO","item":"https:\/\/www.robbinstbm.com\/es\/neustros-productos\/tuneladoras-de-pequeno-diametro\/"},{"@type":"ListItem","position":4,"name":"TUNELADORAS DE PEQUE\u00d1O TAMA\u00d1O"}]},{"@type":"WebSite","@id":"https:\/\/www.robbinstbm.com\/#website","url":"https:\/\/www.robbinstbm.com\/","name":"Robbins","description":"Reliable | Responsive","publisher":{"@id":"https:\/\/www.robbinstbm.com\/#organization"},"potentialAction":[{"@type":"SearchAction","target":{"@type":"EntryPoint","urlTemplate":"https:\/\/www.robbinstbm.com\/?s={search_term_string}"},"query-input":{"@type":"PropertyValueSpecification","valueRequired":true,"valueName":"search_term_string"}}],"inLanguage":"es-ES"},{"@type":"Organization","@id":"https:\/\/www.robbinstbm.com\/#organization","name":"Robbins","url":"https:\/\/www.robbinstbm.com\/","logo":{"@type":"ImageObject","inLanguage":"es-ES","@id":"https:\/\/www.robbinstbm.com\/#\/schema\/logo\/image\/","url":"https:\/\/www.robbinstbm.com\/wp-content\/uploads\/2021\/02\/RobbinsLogoColor_Small-Converted-scaled.jpg","contentUrl":"https:\/\/www.robbinstbm.com\/wp-content\/uploads\/2021\/02\/RobbinsLogoColor_Small-Converted-scaled.jpg","width":2560,"height":929,"caption":"Robbins"},"image":{"@id":"https:\/\/www.robbinstbm.com\/#\/schema\/logo\/image\/"},"sameAs":["https:\/\/x.com\/Robbins_Co","https:\/\/www.instagram.com\/therobbinscompany\/","https:\/\/www.linkedin.com\/groups\/4246982\/","http:\/\/www.youtube.com\/user\/TheRobbinsCo"]}]}},"_links":{"self":[{"href":"https:\/\/www.robbinstbm.com\/es\/wp-json\/wp\/v2\/pages\/6243","targetHints":{"allow":["GET"]}}],"collection":[{"href":"https:\/\/www.robbinstbm.com\/es\/wp-json\/wp\/v2\/pages"}],"about":[{"href":"https:\/\/www.robbinstbm.com\/es\/wp-json\/wp\/v2\/types\/page"}],"author":[{"embeddable":true,"href":"https:\/\/www.robbinstbm.com\/es\/wp-json\/wp\/v2\/users\/2"}],"replies":[{"embeddable":true,"href":"https:\/\/www.robbinstbm.com\/es\/wp-json\/wp\/v2\/comments?post=6243"}],"version-history":[{"count":0,"href":"https:\/\/www.robbinstbm.com\/es\/wp-json\/wp\/v2\/pages\/6243\/revisions"}],"up":[{"embeddable":true,"href":"https:\/\/www.robbinstbm.com\/es\/wp-json\/wp\/v2\/pages\/6240"}],"wp:featuredmedia":[{"embeddable":true,"href":"https:\/\/www.robbinstbm.com\/es\/wp-json\/wp\/v2\/media\/13670"}],"wp:attachment":[{"href":"https:\/\/www.robbinstbm.com\/es\/wp-json\/wp\/v2\/media?parent=6243"}],"curies":[{"name":"wp","href":"https:\/\/api.w.org\/{rel}","templated":true}]}}