{"id":6246,"date":"2017-04-06T23:36:12","date_gmt":"2017-04-07T06:36:12","guid":{"rendered":"http:\/\/robbinstbm.com\/neustros-productos\/small-boring-machines\/motorized-small-boring-units\/"},"modified":"2018-11-20T16:21:08","modified_gmt":"2018-11-21T00:21:08","slug":"perforadora-de-pequeno-diametro-motorizada","status":"publish","type":"page","link":"https:\/\/www.robbinstbm.com\/es\/neustros-productos\/tuneladoras-de-pequeno-diametro\/perforadora-de-pequeno-diametro-motorizada\/","title":{"rendered":"PERFORADORA DE PEQUE\u00d1O DI\u00c1METRO MOTORIZADA"},"content":{"rendered":"<div id=\"content\">\n<div id=\"left_column\">\n<div id=\"copy_wrap\">\n<div id=\"post-230\" class=\"post\">\n<h1>Con la SBU motorizada Robbins, lograr\u00e1 el nivel preciso<\/h1>\n<p>Con la SBU motorizada Robbins (SBU-M), podr\u00e1 realizar perforaciones extraordinarias, excavar t\u00faneles m\u00e1s largos y en rocas m\u00e1s duras con una alineaci\u00f3n perfecta. Ya conoce lo bien que funciona la SBU Robbins; ahora es el momento de experimentar los mismos resultados con perforadoras especializadas.<\/p>\n<p>En proyectos tales como colectores por gravedad o pasajes con servidumbres de acceso limitado, la geometr\u00eda del proyecto es un factor crucial y se necesita una m\u00e1quina que pueda ser guiada de manera continua. En perforaciones de mayor longitud (m\u00e1s de 150 m) en roca dura, la SBU-M le librar\u00e1 de las limitaciones impuestas por su sinf\u00edn o por piezas de desgaste como los cortadores. Si necesita instalar tuber\u00edas de gran di\u00e1metro (de 1,2 a 2 m) en un terreno mixto o en roca dura, la SBU-M tambi\u00e9n puede ser la soluci\u00f3n que estaba buscando. Robbins fabrica la SBU-M a medida para adaptarla a su proyecto y permitirle abordar perforaciones m\u00e1s exigentes.<\/p>\n<h2>\u00bfEn qu\u00e9 consiste una SBU-M?<\/h2>\n<p>La SBU-M es una m\u00e1quina perforadora motorizada con acceso para operarios que puede perforar diversos tipos de rocas, con una resistencia (UCS) de 20 a 175 MPa. Se fabrica para su uso con cualquier ABM desde 1,2 a 2,08 m o cualquier sistema de empujado de tubos est\u00e1ndar.<\/p>\n<p>La SBU-M est\u00e1 pensada para perforaciones largas y es capaz de mantener la alineaci\u00f3n y la pendiente de proyecto a lo largo de toda la perforaci\u00f3n. La SBU-M es muy similar al resto de SBU Robbins y si usted no est\u00e1 familiarizado con ellas, le aconsejamos que visite la p\u00e1gina de  <a href=\"https:\/\/www.robbinstbm.com\/our-products\/small-boring-machines\/small-boring-units\/\">perforadoras de peque\u00f1o di\u00e1metro Robbins<\/a>.<\/p>\n<p><img loading=\"lazy\" decoding=\"async\" class=\"aligncenter size-full wp-image-7165\" src=\"https:\/\/www.robbinstbm.com\/wp-content\/uploads\/2017\/04\/SBU-M_image-1.jpg\" alt=\"\" width=\"2000\" height=\"1303\" srcset=\"https:\/\/www.robbinstbm.com\/wp-content\/uploads\/2017\/04\/SBU-M_image-1.jpg 2000w, https:\/\/www.robbinstbm.com\/wp-content\/uploads\/2017\/04\/SBU-M_image-1-300x195.jpg 300w, https:\/\/www.robbinstbm.com\/wp-content\/uploads\/2017\/04\/SBU-M_image-1-768x500.jpg 768w, https:\/\/www.robbinstbm.com\/wp-content\/uploads\/2017\/04\/SBU-M_image-1-1024x667.jpg 1024w\" sizes=\"auto, (max-width: 2000px) 100vw, 2000px\" \/><\/p>\n<p>La SBU-M se basa en un concepto similar al de la SBU-A, pero adem\u00e1s cuenta con las siguientes caracter\u00edsticas:<\/p>\n<ul>\n<li>Motor de accionamiento escudado<\/li>\n<li>Opci\u00f3n de empujado de tuber\u00edas<\/li>\n<li>Acceso de personal para guiado por l\u00e1ser<\/li>\n<li>Acceso a la cabeza de corte mientras se realiza la perforaci\u00f3n para cambiar y recolocar los cortadores<\/li>\n<\/ul>\n<h3>MOTOR ESCUDADO<\/h3>\n<p>La SBU-M va equipada con un motor el\u00e9ctrico o hidr\u00e1ulico para generar el par. La ABM sigue aplicando su empuje al escudo de acero.<\/p>\n<p>Para la evacuaci\u00f3n de escombros, se ha dise\u00f1ado un transportador sinf\u00edn en solera, bajo el alojamiento del rodamiento y los conjuntos de accionamiento. La m\u00e1quina dispone de una mampara de acero que dirige las lascas de roca hacia el sinf\u00edn, para sellar y proteger la cabeza de corte y el motor.<\/p>\n<h3>ACCESO DE PERSONAL Y GUIADO POR L\u00c1SER<\/h3>\n<p>La SBU-M mantiene siempre su alineaci\u00f3n en el t\u00fanel, ya que se puede guiar de manera continua, tanto desde el pozo de ataque, como desde un puesto de operario situado en el interior del escudo de la m\u00e1quina. En cambio, la SBU solo se puede guiar con ciertas limitaciones tras los primeros 6 a 12 m de t\u00fanel. Con esta configuraci\u00f3n de guiado se pueden obtener al instante datos sobre la alineaci\u00f3n y la pendiente del t\u00fanel perforado en cualquier momento de la excavaci\u00f3n.<\/p>\n<p>En la SBU-M, el guiado de se consigue mediante la articulaci\u00f3n del escudo delantero. Se instala un emisor de l\u00e1ser en el pozo de ataque y se proyecta hasta una diana instalada en la m\u00e1quina, lo cual permite al operario controlar la m\u00e1quina utilizando las zapatas estabilizadoras y los cilindros hidr\u00e1ulicos de articulaci\u00f3n, que hacen pivotar a la m\u00e1quina sobre una junta articulada.<\/p>\n<p><img loading=\"lazy\" decoding=\"async\" class=\"size-large wp-image-8389 aligncenter\" src=\"https:\/\/www.robbinstbm.com\/wp-content\/uploads\/2017\/04\/BW-image-for-TTI_SBUM-under-road-2-1024x683.jpg\" alt=\"\" width=\"1024\" height=\"683\" srcset=\"https:\/\/www.robbinstbm.com\/wp-content\/uploads\/2017\/04\/BW-image-for-TTI_SBUM-under-road-2-1024x683.jpg 1024w, https:\/\/www.robbinstbm.com\/wp-content\/uploads\/2017\/04\/BW-image-for-TTI_SBUM-under-road-2-300x200.jpg 300w, https:\/\/www.robbinstbm.com\/wp-content\/uploads\/2017\/04\/BW-image-for-TTI_SBUM-under-road-2-768x512.jpg 768w\" sizes=\"auto, (max-width: 1024px) 100vw, 1024px\" \/><\/p>\n<h3>CAMBIO Y REUBICACI\u00d3N DE CORTADORES<\/h3>\n<p>La SBU-M es capaz de perforar rocas duras y abrasivas con m\u00e1s eficacia, ya que los cortadores se pueden sustituir en cualquier punto del t\u00fanel, lo cual resuelve el problema de tener que retirar la m\u00e1quina al completo para cambiar los cortadores desgastados en perforaciones de mayor distancia. Otra ventaja es la capacidad de intercambiar la posici\u00f3n de los cortadores en la cabeza. El desgaste que sufren los cortadores var\u00eda seg\u00fan la posici\u00f3n que ocupen, por lo cual, pueden reubicarse en la cabeza para optimizar su desgaste. Los cortadores se pueden reparar mediante una prensa hidr\u00e1ulica y herramientas convencionales, lo que reduce notablemente el gasto total en materia de cortadores. <\/p>\n<p>Al igual que la SBU-A, la SBU-M se puede utilizar tanto en roca dura como en terrenos mixtos. La cabeza de corte para roca dura emplea cortadores de disco, mientras que la de terreno mixto monta una combinaci\u00f3n de cortadores de disco con cortadores constituidos por dos filas de carburo de tungsteno, as\u00ed como de picas de carburo dependiendo de las condiciones del terreno. <\/p>\n\t<div class=\"video-container\">\n\t\t<iframe src=\"https:\/\/www.youtube.com\/embed\/7HXfBprA7yU?rel=0&amp;showinfo=0\" frameborder=\"0\" allowfullscreen><\/iframe>\n\t<\/div>\n\t\n<\/div>\n<\/div>\n<\/div>\n<\/div>\n<div id=\"footer\" class=\"page-footer\"><\/div>\n","protected":false},"excerpt":{"rendered":"<p>Con la SBU motorizada Robbins, lograr\u00e1 el nivel preciso Con la SBU motorizada Robbins (SBU-M), podr\u00e1 realizar perforaciones extraordinarias, excavar t\u00faneles m\u00e1s largos y en rocas m\u00e1s duras con una alineaci\u00f3n perfecta. Ya conoce lo bien que funciona la SBU Robbins; ahora es el momento de experimentar los mismos resultados con perforadoras especializadas. En proyectos [&hellip;]<\/p>\n","protected":false},"author":2,"featured_media":13514,"parent":6240,"menu_order":2,"comment_status":"closed","ping_status":"closed","template":"single-mcm_project.php","meta":{"_acf_changed":false,"footnotes":"","_links_to":"","_links_to_target":""},"class_list":["post-6246","page","type-page","status-publish","has-post-thumbnail","hentry"],"acf":[],"yoast_head":"<!-- This site is optimized with the Yoast SEO plugin v27.3 - https:\/\/yoast.com\/product\/yoast-seo-wordpress\/ -->\n<title>PERFORADORA DE PEQUE\u00d1O DI\u00c1METRO MOTORIZADA - Robbins<\/title>\n<meta name=\"robots\" content=\"index, follow, max-snippet:-1, max-image-preview:large, max-video-preview:-1\" \/>\n<link rel=\"canonical\" href=\"https:\/\/www.robbinstbm.com\/es\/neustros-productos\/tuneladoras-de-pequeno-diametro\/perforadora-de-pequeno-diametro-motorizada\/\" \/>\n<meta property=\"og:locale\" content=\"es_ES\" \/>\n<meta property=\"og:type\" content=\"article\" \/>\n<meta property=\"og:title\" content=\"PERFORADORA DE PEQUE\u00d1O DI\u00c1METRO MOTORIZADA - Robbins\" \/>\n<meta property=\"og:description\" content=\"Con la SBU motorizada Robbins, lograr\u00e1 el nivel preciso Con la SBU motorizada Robbins (SBU-M), podr\u00e1 realizar perforaciones extraordinarias, excavar t\u00faneles m\u00e1s largos y en rocas m\u00e1s duras con una alineaci\u00f3n perfecta. Ya conoce lo bien que funciona la SBU Robbins; ahora es el momento de experimentar los mismos resultados con perforadoras especializadas. En proyectos [&hellip;]\" \/>\n<meta property=\"og:url\" content=\"https:\/\/www.robbinstbm.com\/es\/neustros-productos\/tuneladoras-de-pequeno-diametro\/perforadora-de-pequeno-diametro-motorizada\/\" \/>\n<meta property=\"og:site_name\" content=\"Robbins\" \/>\n<meta property=\"article:modified_time\" content=\"2018-11-21T00:21:08+00:00\" \/>\n<meta property=\"og:image\" content=\"https:\/\/www.robbinstbm.com\/wp-content\/uploads\/2017\/04\/Screen-Shot-2017-04-28-at-11.59.38-AM-1024x678.png\" \/>\n\t<meta property=\"og:image:width\" content=\"1024\" \/>\n\t<meta property=\"og:image:height\" content=\"678\" \/>\n\t<meta property=\"og:image:type\" content=\"image\/png\" \/>\n<meta name=\"twitter:card\" content=\"summary_large_image\" \/>\n<meta name=\"twitter:site\" content=\"@Robbins_Co\" \/>\n<meta name=\"twitter:label1\" content=\"Est. reading time\" \/>\n\t<meta name=\"twitter:data1\" content=\"4 minutes\" \/>\n<script type=\"application\/ld+json\" class=\"yoast-schema-graph\">{\"@context\":\"https:\\\/\\\/schema.org\",\"@graph\":[{\"@type\":\"WebPage\",\"@id\":\"https:\\\/\\\/www.robbinstbm.com\\\/es\\\/neustros-productos\\\/tuneladoras-de-pequeno-diametro\\\/perforadora-de-pequeno-diametro-motorizada\\\/\",\"url\":\"https:\\\/\\\/www.robbinstbm.com\\\/es\\\/neustros-productos\\\/tuneladoras-de-pequeno-diametro\\\/perforadora-de-pequeno-diametro-motorizada\\\/\",\"name\":\"PERFORADORA DE PEQUE\u00d1O DI\u00c1METRO MOTORIZADA - Robbins\",\"isPartOf\":{\"@id\":\"https:\\\/\\\/www.robbinstbm.com\\\/#website\"},\"primaryImageOfPage\":{\"@id\":\"https:\\\/\\\/www.robbinstbm.com\\\/es\\\/neustros-productos\\\/tuneladoras-de-pequeno-diametro\\\/perforadora-de-pequeno-diametro-motorizada\\\/#primaryimage\"},\"image\":{\"@id\":\"https:\\\/\\\/www.robbinstbm.com\\\/es\\\/neustros-productos\\\/tuneladoras-de-pequeno-diametro\\\/perforadora-de-pequeno-diametro-motorizada\\\/#primaryimage\"},\"thumbnailUrl\":\"https:\\\/\\\/www.robbinstbm.com\\\/wp-content\\\/uploads\\\/2017\\\/04\\\/Screen-Shot-2017-04-28-at-11.59.38-AM.png\",\"datePublished\":\"2017-04-07T06:36:12+00:00\",\"dateModified\":\"2018-11-21T00:21:08+00:00\",\"breadcrumb\":{\"@id\":\"https:\\\/\\\/www.robbinstbm.com\\\/es\\\/neustros-productos\\\/tuneladoras-de-pequeno-diametro\\\/perforadora-de-pequeno-diametro-motorizada\\\/#breadcrumb\"},\"inLanguage\":\"es-ES\",\"potentialAction\":[{\"@type\":\"ReadAction\",\"target\":[\"https:\\\/\\\/www.robbinstbm.com\\\/es\\\/neustros-productos\\\/tuneladoras-de-pequeno-diametro\\\/perforadora-de-pequeno-diametro-motorizada\\\/\"]}]},{\"@type\":\"ImageObject\",\"inLanguage\":\"es-ES\",\"@id\":\"https:\\\/\\\/www.robbinstbm.com\\\/es\\\/neustros-productos\\\/tuneladoras-de-pequeno-diametro\\\/perforadora-de-pequeno-diametro-motorizada\\\/#primaryimage\",\"url\":\"https:\\\/\\\/www.robbinstbm.com\\\/wp-content\\\/uploads\\\/2017\\\/04\\\/Screen-Shot-2017-04-28-at-11.59.38-AM.png\",\"contentUrl\":\"https:\\\/\\\/www.robbinstbm.com\\\/wp-content\\\/uploads\\\/2017\\\/04\\\/Screen-Shot-2017-04-28-at-11.59.38-AM.png\",\"width\":1786,\"height\":1183},{\"@type\":\"BreadcrumbList\",\"@id\":\"https:\\\/\\\/www.robbinstbm.com\\\/es\\\/neustros-productos\\\/tuneladoras-de-pequeno-diametro\\\/perforadora-de-pequeno-diametro-motorizada\\\/#breadcrumb\",\"itemListElement\":[{\"@type\":\"ListItem\",\"position\":1,\"name\":\"Home\",\"item\":\"https:\\\/\\\/www.robbinstbm.com\\\/es\\\/\"},{\"@type\":\"ListItem\",\"position\":2,\"name\":\"Productos\",\"item\":\"https:\\\/\\\/www.robbinstbm.com\\\/es\\\/neustros-productos\\\/\"},{\"@type\":\"ListItem\",\"position\":3,\"name\":\"TUNELADORAS DE PEQUE\u00d1O DI\u00c1METRO\",\"item\":\"https:\\\/\\\/www.robbinstbm.com\\\/es\\\/neustros-productos\\\/tuneladoras-de-pequeno-diametro\\\/\"},{\"@type\":\"ListItem\",\"position\":4,\"name\":\"PERFORADORA DE PEQUE\u00d1O DI\u00c1METRO MOTORIZADA\"}]},{\"@type\":\"WebSite\",\"@id\":\"https:\\\/\\\/www.robbinstbm.com\\\/#website\",\"url\":\"https:\\\/\\\/www.robbinstbm.com\\\/\",\"name\":\"Robbins\",\"description\":\"Reliable | Responsive\",\"publisher\":{\"@id\":\"https:\\\/\\\/www.robbinstbm.com\\\/#organization\"},\"potentialAction\":[{\"@type\":\"SearchAction\",\"target\":{\"@type\":\"EntryPoint\",\"urlTemplate\":\"https:\\\/\\\/www.robbinstbm.com\\\/?s={search_term_string}\"},\"query-input\":{\"@type\":\"PropertyValueSpecification\",\"valueRequired\":true,\"valueName\":\"search_term_string\"}}],\"inLanguage\":\"es-ES\"},{\"@type\":\"Organization\",\"@id\":\"https:\\\/\\\/www.robbinstbm.com\\\/#organization\",\"name\":\"Robbins\",\"url\":\"https:\\\/\\\/www.robbinstbm.com\\\/\",\"logo\":{\"@type\":\"ImageObject\",\"inLanguage\":\"es-ES\",\"@id\":\"https:\\\/\\\/www.robbinstbm.com\\\/#\\\/schema\\\/logo\\\/image\\\/\",\"url\":\"https:\\\/\\\/www.robbinstbm.com\\\/wp-content\\\/uploads\\\/2021\\\/02\\\/RobbinsLogoColor_Small-Converted-scaled.jpg\",\"contentUrl\":\"https:\\\/\\\/www.robbinstbm.com\\\/wp-content\\\/uploads\\\/2021\\\/02\\\/RobbinsLogoColor_Small-Converted-scaled.jpg\",\"width\":2560,\"height\":929,\"caption\":\"Robbins\"},\"image\":{\"@id\":\"https:\\\/\\\/www.robbinstbm.com\\\/#\\\/schema\\\/logo\\\/image\\\/\"},\"sameAs\":[\"https:\\\/\\\/x.com\\\/Robbins_Co\",\"https:\\\/\\\/www.instagram.com\\\/therobbinscompany\\\/\",\"https:\\\/\\\/www.linkedin.com\\\/groups\\\/4246982\\\/\",\"http:\\\/\\\/www.youtube.com\\\/user\\\/TheRobbinsCo\"]}]}<\/script>\n<!-- \/ Yoast SEO plugin. -->","yoast_head_json":{"title":"PERFORADORA DE PEQUE\u00d1O DI\u00c1METRO MOTORIZADA - Robbins","robots":{"index":"index","follow":"follow","max-snippet":"max-snippet:-1","max-image-preview":"max-image-preview:large","max-video-preview":"max-video-preview:-1"},"canonical":"https:\/\/www.robbinstbm.com\/es\/neustros-productos\/tuneladoras-de-pequeno-diametro\/perforadora-de-pequeno-diametro-motorizada\/","og_locale":"es_ES","og_type":"article","og_title":"PERFORADORA DE PEQUE\u00d1O DI\u00c1METRO MOTORIZADA - Robbins","og_description":"Con la SBU motorizada Robbins, lograr\u00e1 el nivel preciso Con la SBU motorizada Robbins (SBU-M), podr\u00e1 realizar perforaciones extraordinarias, excavar t\u00faneles m\u00e1s largos y en rocas m\u00e1s duras con una alineaci\u00f3n perfecta. Ya conoce lo bien que funciona la SBU Robbins; ahora es el momento de experimentar los mismos resultados con perforadoras especializadas. En proyectos [&hellip;]","og_url":"https:\/\/www.robbinstbm.com\/es\/neustros-productos\/tuneladoras-de-pequeno-diametro\/perforadora-de-pequeno-diametro-motorizada\/","og_site_name":"Robbins","article_modified_time":"2018-11-21T00:21:08+00:00","og_image":[{"width":1024,"height":678,"url":"https:\/\/www.robbinstbm.com\/wp-content\/uploads\/2017\/04\/Screen-Shot-2017-04-28-at-11.59.38-AM-1024x678.png","type":"image\/png"}],"twitter_card":"summary_large_image","twitter_site":"@Robbins_Co","twitter_misc":{"Est. reading time":"4 minutes"},"schema":{"@context":"https:\/\/schema.org","@graph":[{"@type":"WebPage","@id":"https:\/\/www.robbinstbm.com\/es\/neustros-productos\/tuneladoras-de-pequeno-diametro\/perforadora-de-pequeno-diametro-motorizada\/","url":"https:\/\/www.robbinstbm.com\/es\/neustros-productos\/tuneladoras-de-pequeno-diametro\/perforadora-de-pequeno-diametro-motorizada\/","name":"PERFORADORA DE PEQUE\u00d1O DI\u00c1METRO MOTORIZADA - Robbins","isPartOf":{"@id":"https:\/\/www.robbinstbm.com\/#website"},"primaryImageOfPage":{"@id":"https:\/\/www.robbinstbm.com\/es\/neustros-productos\/tuneladoras-de-pequeno-diametro\/perforadora-de-pequeno-diametro-motorizada\/#primaryimage"},"image":{"@id":"https:\/\/www.robbinstbm.com\/es\/neustros-productos\/tuneladoras-de-pequeno-diametro\/perforadora-de-pequeno-diametro-motorizada\/#primaryimage"},"thumbnailUrl":"https:\/\/www.robbinstbm.com\/wp-content\/uploads\/2017\/04\/Screen-Shot-2017-04-28-at-11.59.38-AM.png","datePublished":"2017-04-07T06:36:12+00:00","dateModified":"2018-11-21T00:21:08+00:00","breadcrumb":{"@id":"https:\/\/www.robbinstbm.com\/es\/neustros-productos\/tuneladoras-de-pequeno-diametro\/perforadora-de-pequeno-diametro-motorizada\/#breadcrumb"},"inLanguage":"es-ES","potentialAction":[{"@type":"ReadAction","target":["https:\/\/www.robbinstbm.com\/es\/neustros-productos\/tuneladoras-de-pequeno-diametro\/perforadora-de-pequeno-diametro-motorizada\/"]}]},{"@type":"ImageObject","inLanguage":"es-ES","@id":"https:\/\/www.robbinstbm.com\/es\/neustros-productos\/tuneladoras-de-pequeno-diametro\/perforadora-de-pequeno-diametro-motorizada\/#primaryimage","url":"https:\/\/www.robbinstbm.com\/wp-content\/uploads\/2017\/04\/Screen-Shot-2017-04-28-at-11.59.38-AM.png","contentUrl":"https:\/\/www.robbinstbm.com\/wp-content\/uploads\/2017\/04\/Screen-Shot-2017-04-28-at-11.59.38-AM.png","width":1786,"height":1183},{"@type":"BreadcrumbList","@id":"https:\/\/www.robbinstbm.com\/es\/neustros-productos\/tuneladoras-de-pequeno-diametro\/perforadora-de-pequeno-diametro-motorizada\/#breadcrumb","itemListElement":[{"@type":"ListItem","position":1,"name":"Home","item":"https:\/\/www.robbinstbm.com\/es\/"},{"@type":"ListItem","position":2,"name":"Productos","item":"https:\/\/www.robbinstbm.com\/es\/neustros-productos\/"},{"@type":"ListItem","position":3,"name":"TUNELADORAS DE PEQUE\u00d1O DI\u00c1METRO","item":"https:\/\/www.robbinstbm.com\/es\/neustros-productos\/tuneladoras-de-pequeno-diametro\/"},{"@type":"ListItem","position":4,"name":"PERFORADORA DE PEQUE\u00d1O DI\u00c1METRO MOTORIZADA"}]},{"@type":"WebSite","@id":"https:\/\/www.robbinstbm.com\/#website","url":"https:\/\/www.robbinstbm.com\/","name":"Robbins","description":"Reliable | Responsive","publisher":{"@id":"https:\/\/www.robbinstbm.com\/#organization"},"potentialAction":[{"@type":"SearchAction","target":{"@type":"EntryPoint","urlTemplate":"https:\/\/www.robbinstbm.com\/?s={search_term_string}"},"query-input":{"@type":"PropertyValueSpecification","valueRequired":true,"valueName":"search_term_string"}}],"inLanguage":"es-ES"},{"@type":"Organization","@id":"https:\/\/www.robbinstbm.com\/#organization","name":"Robbins","url":"https:\/\/www.robbinstbm.com\/","logo":{"@type":"ImageObject","inLanguage":"es-ES","@id":"https:\/\/www.robbinstbm.com\/#\/schema\/logo\/image\/","url":"https:\/\/www.robbinstbm.com\/wp-content\/uploads\/2021\/02\/RobbinsLogoColor_Small-Converted-scaled.jpg","contentUrl":"https:\/\/www.robbinstbm.com\/wp-content\/uploads\/2021\/02\/RobbinsLogoColor_Small-Converted-scaled.jpg","width":2560,"height":929,"caption":"Robbins"},"image":{"@id":"https:\/\/www.robbinstbm.com\/#\/schema\/logo\/image\/"},"sameAs":["https:\/\/x.com\/Robbins_Co","https:\/\/www.instagram.com\/therobbinscompany\/","https:\/\/www.linkedin.com\/groups\/4246982\/","http:\/\/www.youtube.com\/user\/TheRobbinsCo"]}]}},"_links":{"self":[{"href":"https:\/\/www.robbinstbm.com\/es\/wp-json\/wp\/v2\/pages\/6246","targetHints":{"allow":["GET"]}}],"collection":[{"href":"https:\/\/www.robbinstbm.com\/es\/wp-json\/wp\/v2\/pages"}],"about":[{"href":"https:\/\/www.robbinstbm.com\/es\/wp-json\/wp\/v2\/types\/page"}],"author":[{"embeddable":true,"href":"https:\/\/www.robbinstbm.com\/es\/wp-json\/wp\/v2\/users\/2"}],"replies":[{"embeddable":true,"href":"https:\/\/www.robbinstbm.com\/es\/wp-json\/wp\/v2\/comments?post=6246"}],"version-history":[{"count":0,"href":"https:\/\/www.robbinstbm.com\/es\/wp-json\/wp\/v2\/pages\/6246\/revisions"}],"up":[{"embeddable":true,"href":"https:\/\/www.robbinstbm.com\/es\/wp-json\/wp\/v2\/pages\/6240"}],"wp:featuredmedia":[{"embeddable":true,"href":"https:\/\/www.robbinstbm.com\/es\/wp-json\/wp\/v2\/media\/13514"}],"wp:attachment":[{"href":"https:\/\/www.robbinstbm.com\/es\/wp-json\/wp\/v2\/media?parent=6246"}],"curies":[{"name":"wp","href":"https:\/\/api.w.org\/{rel}","templated":true}]}}